{"id":7387,"date":"2022-08-05T13:15:06","date_gmt":"2022-08-05T13:15:06","guid":{"rendered":"https:\/\/www.gringonordic.se\/?post_type=product&#038;p=7387"},"modified":"2022-08-05T13:26:07","modified_gmt":"2022-08-05T13:26:07","slug":"borste-till-rengoring-av-kvarn-och-maskin","status":"publish","type":"product","link":"https:\/\/www.gringonordic.se\/en\/product\/borste-till-rengoring-av-kvarn-och-maskin\/","title":{"rendered":"Borste till reng\u00f6ring av kvarn och maskin"},"content":{"rendered":"","protected":false},"excerpt":{"rendered":"<p>En multibeg\u00e5vad dubbelborste som g\u00e5r att anv\u00e4nda till mycket; reng\u00f6ring av kvarn, portafilter eller omr\u00e5det kring kaffemaskinen.<br \/>\nPerfekt f\u00f6r att borsta bort exempelvis kafferester, smulor.<\/p>\n<p>M\u00e5tt: 25x4x1 cm<\/p>\n<p>Borstarna \u00e4r gjorda av syntetiskt material.<\/p>","protected":false},"featured_media":7390,"template":"","meta":[],"product_brand":[],"product_cat":[55,40],"product_tag":[],"varumarke":[],"produkttyp":[197],"smaker":[416],"class_list":{"0":"post-7387","1":"product","2":"type-product","3":"status-publish","4":"has-post-thumbnail","6":"product_cat-rengoringsprodukter","7":"product_cat-tillbehor","8":"produkttyp-rengoringsprodukter","9":"smaker-multibegavad-rengoringsborste","11":"first","12":"instock","13":"taxable","14":"shipping-taxable","15":"purchasable","16":"product-type-simple"},"_links":{"self":[{"href":"https:\/\/www.gringonordic.se\/en\/wp-json\/wp\/v2\/product\/7387","targetHints":{"allow":["GET"]}}],"collection":[{"href":"https:\/\/www.gringonordic.se\/en\/wp-json\/wp\/v2\/product"}],"about":[{"href":"https:\/\/www.gringonordic.se\/en\/wp-json\/wp\/v2\/types\/product"}],"wp:featuredmedia":[{"embeddable":true,"href":"https:\/\/www.gringonordic.se\/en\/wp-json\/wp\/v2\/media\/7390"}],"wp:attachment":[{"href":"https:\/\/www.gringonordic.se\/en\/wp-json\/wp\/v2\/media?parent=7387"}],"wp:term":[{"taxonomy":"product_brand","embeddable":true,"href":"https:\/\/www.gringonordic.se\/en\/wp-json\/wp\/v2\/product_brand?post=7387"},{"taxonomy":"product_cat","embeddable":true,"href":"https:\/\/www.gringonordic.se\/en\/wp-json\/wp\/v2\/product_cat?post=7387"},{"taxonomy":"product_tag","embeddable":true,"href":"https:\/\/www.gringonordic.se\/en\/wp-json\/wp\/v2\/product_tag?post=7387"},{"taxonomy":"varumarke","embeddable":true,"href":"https:\/\/www.gringonordic.se\/en\/wp-json\/wp\/v2\/varumarke?post=7387"},{"taxonomy":"produkttyp","embeddable":true,"href":"https:\/\/www.gringonordic.se\/en\/wp-json\/wp\/v2\/produkttyp?post=7387"},{"taxonomy":"smaker","embeddable":true,"href":"https:\/\/www.gringonordic.se\/en\/wp-json\/wp\/v2\/smaker?post=7387"}],"curies":[{"name":"wp","href":"https:\/\/api.w.org\/{rel}","templated":true}]}}