{"id":7352,"date":"2022-08-05T07:16:31","date_gmt":"2022-08-05T07:16:31","guid":{"rendered":"https:\/\/www.gringonordic.se\/?post_type=product&#038;p=7352"},"modified":"2025-07-08T16:17:04","modified_gmt":"2025-07-08T14:17:04","slug":"coffee-server-serveringskanna","status":"publish","type":"product","link":"https:\/\/www.gringonordic.se\/en\/product\/coffee-server-serveringskanna\/","title":{"rendered":"Coffee Server &#8211; Serveringskanna"},"content":{"rendered":"","protected":false},"excerpt":{"rendered":"<p class=\"p1\">G\u00f6r din manuella kaffebryggning komplett med denna serveringskanna i tjockt och h\u00e5llbart glas. Kannan finns i tv\u00e5 utf\u00f6randen, 300 &amp; 500 ml kaffe. Inklusive glaslock med silikondetaljer.<\/p>\n<p>Perfekt ihop med Aeropress, olika typer av pour over filter och Clever.<\/p>","protected":false},"featured_media":7355,"template":"","meta":[],"product_brand":[],"product_cat":[616,40],"product_tag":[],"varumarke":[],"produkttyp":[157],"smaker":[394],"class_list":{"0":"post-7352","1":"product","2":"type-product","3":"status-publish","4":"has-post-thumbnail","6":"product_cat-kaffebryggare-manuella","7":"product_cat-tillbehor","8":"produkttyp-kaffebryggare-filter","9":"smaker-300-500-ml","11":"first","12":"instock","13":"taxable","14":"shipping-taxable","15":"purchasable","16":"product-type-variable","17":"has-default-attributes"},"_links":{"self":[{"href":"https:\/\/www.gringonordic.se\/en\/wp-json\/wp\/v2\/product\/7352","targetHints":{"allow":["GET"]}}],"collection":[{"href":"https:\/\/www.gringonordic.se\/en\/wp-json\/wp\/v2\/product"}],"about":[{"href":"https:\/\/www.gringonordic.se\/en\/wp-json\/wp\/v2\/types\/product"}],"wp:featuredmedia":[{"embeddable":true,"href":"https:\/\/www.gringonordic.se\/en\/wp-json\/wp\/v2\/media\/7355"}],"wp:attachment":[{"href":"https:\/\/www.gringonordic.se\/en\/wp-json\/wp\/v2\/media?parent=7352"}],"wp:term":[{"taxonomy":"product_brand","embeddable":true,"href":"https:\/\/www.gringonordic.se\/en\/wp-json\/wp\/v2\/product_brand?post=7352"},{"taxonomy":"product_cat","embeddable":true,"href":"https:\/\/www.gringonordic.se\/en\/wp-json\/wp\/v2\/product_cat?post=7352"},{"taxonomy":"product_tag","embeddable":true,"href":"https:\/\/www.gringonordic.se\/en\/wp-json\/wp\/v2\/product_tag?post=7352"},{"taxonomy":"varumarke","embeddable":true,"href":"https:\/\/www.gringonordic.se\/en\/wp-json\/wp\/v2\/varumarke?post=7352"},{"taxonomy":"produkttyp","embeddable":true,"href":"https:\/\/www.gringonordic.se\/en\/wp-json\/wp\/v2\/produkttyp?post=7352"},{"taxonomy":"smaker","embeddable":true,"href":"https:\/\/www.gringonordic.se\/en\/wp-json\/wp\/v2\/smaker?post=7352"}],"curies":[{"name":"wp","href":"https:\/\/api.w.org\/{rel}","templated":true}]}}