{"id":6649,"date":"2022-06-13T19:18:54","date_gmt":"2022-06-13T19:18:54","guid":{"rendered":"https:\/\/www.gringonordic.se\/?post_type=product&#038;p=6649"},"modified":"2026-03-09T14:56:00","modified_gmt":"2026-03-09T13:56:00","slug":"la-marzocco-linea-mini","status":"publish","type":"product","link":"https:\/\/www.gringonordic.se\/en\/product\/la-marzocco-linea-mini\/","title":{"rendered":"La Marzocco Linea Mini R Espressomaskin"},"content":{"rendered":"","protected":false},"excerpt":{"rendered":"<div class=\"right-col-info\">\n<div class=\"shortDescription\">\n<p><strong>Den ikoniska designen och v\u00e4lk\u00e4nda prestandan hos en La Marzocco kommer till ditt hem med en Linea Mini R.<\/strong><\/p>\n<p>Linda Mini R finns i ett flertal f\u00e4rger f\u00f6r best\u00e4llning, de \u00e4r dock inte lagervara (fr\u00e5ga oss vilka alternativ som finns).<\/p>\n<p>La Marzocco har gett den gamla Linea Mini en uppdatering som kommer att inspirera b\u00e5de baristor och dom nyfikna. Mini har f\u00e5tt ett nytt utseende, som Della Pietra estetiken och soft touch-tillbeh\u00f6r. Nya avancerade arbetsfl\u00f6desfunktioner som Brew-by-Weight, ett nytt f\u00f6rinfusionssystem och enkel reglering av pumptrycket.<\/p>\n<p>Maskinen \u00e4r b\u00e5de praktisk och effektiv och har flera grymma f\u00f6rdelar. Den kompakta espressomaskinen har ljus, paddel, integrerad vattentank p\u00e5 2 liter, inbyggd rotationspump samt vakuumventil. H\u00e4r ing\u00e5r 2 filterh\u00e5llare i rostfritt st\u00e5l, 4 filterkorgar med precisionfilter, blindfilter, tamper i rostfritt st\u00e5l, 2 kompletta kit f\u00f6r vattenanalys, 1 liten mj\u00f6lkkanna, reng\u00f6ringsmedel och manual.<\/p>\n<p>Den inbyggd WiFi-modulen g\u00f6r att du kan styra maskinen via en app. Anv\u00e4nd din smartphone som display och justera bl.a. temperatur och pre-infusion. Den ger dig \u00e4ven m\u00f6jlighet att sl\u00e5 p\u00e5 och av espressomaskinen via appen, samt att s\u00e4tta en timer s\u00e5 att kaffet \u00e4r klart p\u00e5 utsatt tid.<\/p>\n<p><strong>Functions:<\/strong><\/p>\n<ul>\n<li>Dubbla tankar<\/li>\n<li>System f\u00f6r f\u00f6rinblandning<\/li>\n<li>Automatisk \u00e5terspolning<\/li>\n<li>Halvautomatisk bryggspak<\/li>\n<li>Inbyggd timer<\/li>\n<li>PID<\/li>\n<li>Barista-lampor<\/li>\n<li>Kompatibel med bryggning efter vikt<\/li>\n<\/ul>\n<p><strong>Specifications:<\/strong><br \/>\n\u2022 H\u00f6jd: 38,1 cm<br \/>\n\u2022 Bredd: 35,5 cm<br \/>\n\u2022 Djup: 45,7 cm<\/p>\n<p>\u2022 Volt: 220<\/p>\n<p>\u2022 Watt: 1620-1820<br \/>\n\u2022 Bryggtank: 0,17 liter<br \/>\n\u2022 \u00c5ng- &amp; vattentank: 3 liter<\/p>\n<\/div>\n<\/div>","protected":false},"featured_media":60581,"template":"","meta":[],"product_brand":[],"product_cat":[112,40],"product_tag":[],"varumarke":[391],"produkttyp":[392],"smaker":[],"class_list":{"0":"post-6649","1":"product","2":"type-product","3":"status-publish","4":"has-post-thumbnail","6":"product_cat-espressomaskiner","7":"product_cat-tillbehor","8":"varumarke-la-marzocco","9":"produkttyp-espressomaskin","11":"first","12":"instock","13":"taxable","14":"shipping-taxable","15":"purchasable","16":"product-type-variable","17":"has-default-attributes"},"_links":{"self":[{"href":"https:\/\/www.gringonordic.se\/en\/wp-json\/wp\/v2\/product\/6649","targetHints":{"allow":["GET"]}}],"collection":[{"href":"https:\/\/www.gringonordic.se\/en\/wp-json\/wp\/v2\/product"}],"about":[{"href":"https:\/\/www.gringonordic.se\/en\/wp-json\/wp\/v2\/types\/product"}],"wp:featuredmedia":[{"embeddable":true,"href":"https:\/\/www.gringonordic.se\/en\/wp-json\/wp\/v2\/media\/60581"}],"wp:attachment":[{"href":"https:\/\/www.gringonordic.se\/en\/wp-json\/wp\/v2\/media?parent=6649"}],"wp:term":[{"taxonomy":"product_brand","embeddable":true,"href":"https:\/\/www.gringonordic.se\/en\/wp-json\/wp\/v2\/product_brand?post=6649"},{"taxonomy":"product_cat","embeddable":true,"href":"https:\/\/www.gringonordic.se\/en\/wp-json\/wp\/v2\/product_cat?post=6649"},{"taxonomy":"product_tag","embeddable":true,"href":"https:\/\/www.gringonordic.se\/en\/wp-json\/wp\/v2\/product_tag?post=6649"},{"taxonomy":"varumarke","embeddable":true,"href":"https:\/\/www.gringonordic.se\/en\/wp-json\/wp\/v2\/varumarke?post=6649"},{"taxonomy":"produkttyp","embeddable":true,"href":"https:\/\/www.gringonordic.se\/en\/wp-json\/wp\/v2\/produkttyp?post=6649"},{"taxonomy":"smaker","embeddable":true,"href":"https:\/\/www.gringonordic.se\/en\/wp-json\/wp\/v2\/smaker?post=6649"}],"curies":[{"name":"wp","href":"https:\/\/api.w.org\/{rel}","templated":true}]}}