{"id":62218,"date":"2026-04-24T21:24:59","date_gmt":"2026-04-24T19:24:59","guid":{"rendered":"https:\/\/www.gringonordic.se\/?post_type=product&#038;p=62218"},"modified":"2026-04-24T21:31:37","modified_gmt":"2026-04-24T19:31:37","slug":"les-jardines-de-gaia-citrus-green-tea","status":"publish","type":"product","link":"https:\/\/www.gringonordic.se\/en\/product\/les-jardines-de-gaia-citrus-green-tea\/","title":{"rendered":"Les Jardines De GAIA &#8211; Citrus Green Tea"},"content":{"rendered":"","protected":false},"excerpt":{"rendered":"<section class=\"text-token-text-primary w-full focus:outline-none [--shadow-height:45px] has-data-writing-block:pointer-events-none has-data-writing-block:-mt-(--shadow-height) has-data-writing-block:pt-(--shadow-height) [&amp;:has([data-writing-block])&gt;*]:pointer-events-auto scroll-mt-(--header-height)\" dir=\"auto\" data-turn-id=\"e5503916-b150-4b42-98b1-33483b3a0c31\" data-testid=\"conversation-turn-73\" data-scroll-anchor=\"false\" data-turn=\"user\">\n<div class=\"text-base my-auto mx-auto pt-12 [--thread-content-margin:var(--thread-content-margin-xs,calc(var(--spacing)*4))] @w-sm\/main:[--thread-content-margin:var(--thread-content-margin-sm,calc(var(--spacing)*6))] @w-lg\/main:[--thread-content-margin:var(--thread-content-margin-lg,calc(var(--spacing)*16))] px-(--thread-content-margin)\">\n<div class=\"[--thread-content-max-width:40rem] @w-lg\/main:[--thread-content-max-width:48rem] mx-auto max-w-(--thread-content-max-width) flex-1 group\/turn-messages focus-visible:outline-hidden relative flex w-full min-w-0 flex-col\">\n<div class=\"flex max-w-full flex-col gap-4 grow\">\n<div class=\"min-h-8 text-message relative flex w-full flex-col items-end gap-2 text-start break-words whitespace-normal outline-none keyboard-focused:focus-ring [.text-message+&amp;]:mt-1\" dir=\"auto\" data-message-author-role=\"user\" data-message-id=\"e5503916-b150-4b42-98b1-33483b3a0c31\">\n<div class=\"flex w-full flex-col gap-1 empty:hidden items-end rtl:items-start\">\n<div class=\"user-message-bubble-color corner-superellipse\/0.98 relative min-w-0 rounded-[22px] px-4 py-2.5 leading-6 max-w-(--user-chat-width,70%)\">\n<div class=\"[overflow-wrap:anywhere] whitespace-pre-wrap\">Denna kombination av gr\u00f6nt te med pigga toner och fruktiga, l\u00e4tt syrliga citrusinslag har en perfekt balans. En verklig friskhetsupplevelse f\u00f6r smakl\u00f6karna, som kan avnjutas lika v\u00e4l varm som kall.<\/div>\n<\/div>\n<\/div>\n<\/div>\n<\/div>\n<\/div>\n<\/div>\n<\/section>\n<p><strong>INGREDIENSER: <\/strong>gr\u00f6nt te*, eteriska oljor av citrusfrukter (grapefrukt*, mandarin*, s\u00f6tapelsin*, bergamott* och blodapelsin*) 3 %, naturlig limearom* 1 %, apelsinskal* 1 %, mandarinskal* 1 %, bl\u00e5klintblad*.<\/p>\n<p>*Fr\u00e5n ekologisk odling.<\/p>\n","protected":false},"featured_media":62221,"template":"","meta":[],"product_brand":[],"product_cat":[776,37],"product_tag":[],"varumarke":[774],"produkttyp":[775],"smaker":[339],"class_list":{"0":"post-62218","1":"product","2":"type-product","3":"status-publish","4":"has-post-thumbnail","6":"product_cat-gaia-tepasar","7":"product_cat-te","8":"varumarke-les-jardines-del-gaia","9":"produkttyp-gaia-tepasar","10":"smaker-15-50-pasar","12":"first","13":"instock","14":"taxable","15":"shipping-taxable","16":"purchasable","17":"product-type-variable","18":"has-default-attributes"},"_links":{"self":[{"href":"https:\/\/www.gringonordic.se\/en\/wp-json\/wp\/v2\/product\/62218","targetHints":{"allow":["GET"]}}],"collection":[{"href":"https:\/\/www.gringonordic.se\/en\/wp-json\/wp\/v2\/product"}],"about":[{"href":"https:\/\/www.gringonordic.se\/en\/wp-json\/wp\/v2\/types\/product"}],"wp:featuredmedia":[{"embeddable":true,"href":"https:\/\/www.gringonordic.se\/en\/wp-json\/wp\/v2\/media\/62221"}],"wp:attachment":[{"href":"https:\/\/www.gringonordic.se\/en\/wp-json\/wp\/v2\/media?parent=62218"}],"wp:term":[{"taxonomy":"product_brand","embeddable":true,"href":"https:\/\/www.gringonordic.se\/en\/wp-json\/wp\/v2\/product_brand?post=62218"},{"taxonomy":"product_cat","embeddable":true,"href":"https:\/\/www.gringonordic.se\/en\/wp-json\/wp\/v2\/product_cat?post=62218"},{"taxonomy":"product_tag","embeddable":true,"href":"https:\/\/www.gringonordic.se\/en\/wp-json\/wp\/v2\/product_tag?post=62218"},{"taxonomy":"varumarke","embeddable":true,"href":"https:\/\/www.gringonordic.se\/en\/wp-json\/wp\/v2\/varumarke?post=62218"},{"taxonomy":"produkttyp","embeddable":true,"href":"https:\/\/www.gringonordic.se\/en\/wp-json\/wp\/v2\/produkttyp?post=62218"},{"taxonomy":"smaker","embeddable":true,"href":"https:\/\/www.gringonordic.se\/en\/wp-json\/wp\/v2\/smaker?post=62218"}],"curies":[{"name":"wp","href":"https:\/\/api.w.org\/{rel}","templated":true}]}}