{"id":62209,"date":"2026-04-24T21:07:15","date_gmt":"2026-04-24T19:07:15","guid":{"rendered":"https:\/\/www.gringonordic.se\/?post_type=product&#038;p=62209"},"modified":"2026-04-24T21:13:31","modified_gmt":"2026-04-24T19:13:31","slug":"les-jardines-de-gaia-peach-melba-copy","status":"publish","type":"product","link":"https:\/\/www.gringonordic.se\/en\/product\/les-jardines-de-gaia-peach-melba-copy\/","title":{"rendered":"Les Jardines De GAIA &#8211; Mango &#038; Persika"},"content":{"rendered":"","protected":false},"excerpt":{"rendered":"<p>Med vitt te som bas f\u00f6renar denna blandning smakerna i en balanserad kombination av mjukhet och elegans. De fylliga och s\u00f6ta tonerna av persika och mango samspelar harmoniskt och l\u00e4mnar en l\u00e5ng, behaglig eftersmak.<\/p>\n<p><strong>INGREDIENTS:<\/strong><br \/>\nIngredienser: vitt te*, naturliga aromer av (mango*, persika*) 8 %, ringblomma*, bitar av (mango*, persika*) 1 %.<\/p>\n<p>*Fr\u00e5n ekologisk odling.<\/p>","protected":false},"featured_media":62073,"template":"","meta":[],"product_brand":[],"product_cat":[776,37],"product_tag":[],"varumarke":[774],"produkttyp":[775],"smaker":[339],"class_list":{"0":"post-62209","1":"product","2":"type-product","3":"status-publish","4":"has-post-thumbnail","6":"product_cat-gaia-tepasar","7":"product_cat-te","8":"varumarke-les-jardines-del-gaia","9":"produkttyp-gaia-tepasar","10":"smaker-15-50-pasar","12":"first","13":"instock","14":"taxable","15":"shipping-taxable","16":"purchasable","17":"product-type-variable","18":"has-default-attributes"},"_links":{"self":[{"href":"https:\/\/www.gringonordic.se\/en\/wp-json\/wp\/v2\/product\/62209","targetHints":{"allow":["GET"]}}],"collection":[{"href":"https:\/\/www.gringonordic.se\/en\/wp-json\/wp\/v2\/product"}],"about":[{"href":"https:\/\/www.gringonordic.se\/en\/wp-json\/wp\/v2\/types\/product"}],"wp:featuredmedia":[{"embeddable":true,"href":"https:\/\/www.gringonordic.se\/en\/wp-json\/wp\/v2\/media\/62073"}],"wp:attachment":[{"href":"https:\/\/www.gringonordic.se\/en\/wp-json\/wp\/v2\/media?parent=62209"}],"wp:term":[{"taxonomy":"product_brand","embeddable":true,"href":"https:\/\/www.gringonordic.se\/en\/wp-json\/wp\/v2\/product_brand?post=62209"},{"taxonomy":"product_cat","embeddable":true,"href":"https:\/\/www.gringonordic.se\/en\/wp-json\/wp\/v2\/product_cat?post=62209"},{"taxonomy":"product_tag","embeddable":true,"href":"https:\/\/www.gringonordic.se\/en\/wp-json\/wp\/v2\/product_tag?post=62209"},{"taxonomy":"varumarke","embeddable":true,"href":"https:\/\/www.gringonordic.se\/en\/wp-json\/wp\/v2\/varumarke?post=62209"},{"taxonomy":"produkttyp","embeddable":true,"href":"https:\/\/www.gringonordic.se\/en\/wp-json\/wp\/v2\/produkttyp?post=62209"},{"taxonomy":"smaker","embeddable":true,"href":"https:\/\/www.gringonordic.se\/en\/wp-json\/wp\/v2\/smaker?post=62209"}],"curies":[{"name":"wp","href":"https:\/\/api.w.org\/{rel}","templated":true}]}}