{"id":62206,"date":"2026-04-24T21:01:53","date_gmt":"2026-04-24T19:01:53","guid":{"rendered":"https:\/\/www.gringonordic.se\/?post_type=product&#038;p=62206"},"modified":"2026-04-24T21:14:49","modified_gmt":"2026-04-24T19:14:49","slug":"les-jardines-de-gaia-peach-melba","status":"publish","type":"product","link":"https:\/\/www.gringonordic.se\/en\/product\/les-jardines-de-gaia-peach-melba\/","title":{"rendered":"Les Jardines De GAIA &#8211; Peach Melba"},"content":{"rendered":"","protected":false},"excerpt":{"rendered":"<p>Denna smakfulla hyllning till den klassiska desserten f\u00f6renar friskt gr\u00f6nt te med persikans lena fyllighet, hallonets friska syrlighet och vaniljens mjuka s\u00f6tma. En smakrik upplevelse med l\u00e5ng eftersmak \u2013 lika god varm som kall.<\/p>\n<p><strong>INGREDIENTS:<\/strong><br \/>\ngr\u00f6nt te*, naturliga aromer av (persika* 4 %, hallon* 2 %, jordgubbe*), fruktbitar (persika*, hallon*) 3 %, vaniljextrakt* 2 %. *Fr\u00e5n ekologiskt jordbruk.<\/p>\n<p>*Fr\u00e5n ekologisk odling.<\/p>","protected":false},"featured_media":62076,"template":"","meta":[],"product_brand":[],"product_cat":[776,37],"product_tag":[],"varumarke":[774],"produkttyp":[775],"smaker":[214],"class_list":{"0":"post-62206","1":"product","2":"type-product","3":"status-publish","4":"has-post-thumbnail","6":"product_cat-gaia-tepasar","7":"product_cat-te","8":"varumarke-les-jardines-del-gaia","9":"produkttyp-gaia-tepasar","10":"smaker-15-pasar","12":"first","13":"instock","14":"taxable","15":"shipping-taxable","16":"purchasable","17":"product-type-variable","18":"has-default-attributes"},"_links":{"self":[{"href":"https:\/\/www.gringonordic.se\/en\/wp-json\/wp\/v2\/product\/62206","targetHints":{"allow":["GET"]}}],"collection":[{"href":"https:\/\/www.gringonordic.se\/en\/wp-json\/wp\/v2\/product"}],"about":[{"href":"https:\/\/www.gringonordic.se\/en\/wp-json\/wp\/v2\/types\/product"}],"wp:featuredmedia":[{"embeddable":true,"href":"https:\/\/www.gringonordic.se\/en\/wp-json\/wp\/v2\/media\/62076"}],"wp:attachment":[{"href":"https:\/\/www.gringonordic.se\/en\/wp-json\/wp\/v2\/media?parent=62206"}],"wp:term":[{"taxonomy":"product_brand","embeddable":true,"href":"https:\/\/www.gringonordic.se\/en\/wp-json\/wp\/v2\/product_brand?post=62206"},{"taxonomy":"product_cat","embeddable":true,"href":"https:\/\/www.gringonordic.se\/en\/wp-json\/wp\/v2\/product_cat?post=62206"},{"taxonomy":"product_tag","embeddable":true,"href":"https:\/\/www.gringonordic.se\/en\/wp-json\/wp\/v2\/product_tag?post=62206"},{"taxonomy":"varumarke","embeddable":true,"href":"https:\/\/www.gringonordic.se\/en\/wp-json\/wp\/v2\/varumarke?post=62206"},{"taxonomy":"produkttyp","embeddable":true,"href":"https:\/\/www.gringonordic.se\/en\/wp-json\/wp\/v2\/produkttyp?post=62206"},{"taxonomy":"smaker","embeddable":true,"href":"https:\/\/www.gringonordic.se\/en\/wp-json\/wp\/v2\/smaker?post=62206"}],"curies":[{"name":"wp","href":"https:\/\/api.w.org\/{rel}","templated":true}]}}