{"id":62196,"date":"2026-04-24T20:46:41","date_gmt":"2026-04-24T18:46:41","guid":{"rendered":"https:\/\/www.gringonordic.se\/?post_type=product&#038;p=62196"},"modified":"2026-04-24T20:50:37","modified_gmt":"2026-04-24T18:50:37","slug":"timemore-black-mirror-mini","status":"publish","type":"product","link":"https:\/\/www.gringonordic.se\/en\/product\/timemore-black-mirror-mini\/","title":{"rendered":"Timemore Black Mirror Mini"},"content":{"rendered":"","protected":false},"excerpt":{"rendered":"<div class=\"XL3Kf\">\n<p>Timemore Black Mirror Basic Mini Scale -kaffev\u00e5gen \u00e4r kompakt, blixtsnabb och passar att anv\u00e4ndas med de flesta espressomaskiner. Den lilla, men m\u00e4ktiga v\u00e5gen visar fl\u00f6deshastighet, vikt, l\u00e4ge och tid.<\/p>\n<p>Basic Mini har alla funktioner som Basic V2 inklusive displayen f\u00f6r fl\u00f6deshastighet.<\/p>\n<p><strong>SPECIFICATIONS:<\/strong><\/p>\n<ul class=\"selling-points mt-4 mb-4\">\n<li class=\"mb-2\">K\u00e4nslighet: 0,1 g<\/li>\n<li class=\"mb-2\">Min. 0,1 g Max. 2000 g<\/li>\n<li class=\"mb-2\">Automatisk timing<\/li>\n<li class=\"mb-2\">Automatisk avst\u00e4ngning<\/li>\n<li class=\"mb-2\">M\u00e4tning av fl\u00f6deshastighet<\/li>\n<li class=\"mb-2\">Batterityp och kapacitet: Li-ion 760mAh ca. 20 t kontinuerlig anv\u00e4ndning<\/li>\n<li class=\"mb-2\">(Ingen bluetooth-anslutning)<\/li>\n<\/ul>\n<p><strong>MEDF\u00d6LJER:<\/strong><\/p>\n<ul>\n<li style=\"list-style-type: none;\">\n<ul>\n<li>Timemore &#8216;Black Mirror Basic Mini&#8217; kaffev\u00e5g<\/li>\n<li>USB A till USB C laddningskabel<\/li>\n<li>Gummimatta<\/li>\n<li>Bruksanvisning (EN)<\/li>\n<\/ul>\n<\/li>\n<\/ul>\n<div class=\"my-4 text-center\"><\/div>\n<\/div>","protected":false},"featured_media":62198,"template":"","meta":[],"product_brand":[],"product_cat":[40,524],"product_tag":[],"varumarke":[261],"produkttyp":[525],"smaker":[],"class_list":{"0":"post-62196","1":"product","2":"type-product","3":"status-publish","4":"has-post-thumbnail","6":"product_cat-tillbehor","7":"product_cat-vagar","8":"varumarke-timemore","9":"produkttyp-vagar","11":"first","12":"instock","13":"taxable","14":"shipping-taxable","15":"purchasable","16":"product-type-simple"},"_links":{"self":[{"href":"https:\/\/www.gringonordic.se\/en\/wp-json\/wp\/v2\/product\/62196","targetHints":{"allow":["GET"]}}],"collection":[{"href":"https:\/\/www.gringonordic.se\/en\/wp-json\/wp\/v2\/product"}],"about":[{"href":"https:\/\/www.gringonordic.se\/en\/wp-json\/wp\/v2\/types\/product"}],"wp:featuredmedia":[{"embeddable":true,"href":"https:\/\/www.gringonordic.se\/en\/wp-json\/wp\/v2\/media\/62198"}],"wp:attachment":[{"href":"https:\/\/www.gringonordic.se\/en\/wp-json\/wp\/v2\/media?parent=62196"}],"wp:term":[{"taxonomy":"product_brand","embeddable":true,"href":"https:\/\/www.gringonordic.se\/en\/wp-json\/wp\/v2\/product_brand?post=62196"},{"taxonomy":"product_cat","embeddable":true,"href":"https:\/\/www.gringonordic.se\/en\/wp-json\/wp\/v2\/product_cat?post=62196"},{"taxonomy":"product_tag","embeddable":true,"href":"https:\/\/www.gringonordic.se\/en\/wp-json\/wp\/v2\/product_tag?post=62196"},{"taxonomy":"varumarke","embeddable":true,"href":"https:\/\/www.gringonordic.se\/en\/wp-json\/wp\/v2\/varumarke?post=62196"},{"taxonomy":"produkttyp","embeddable":true,"href":"https:\/\/www.gringonordic.se\/en\/wp-json\/wp\/v2\/produkttyp?post=62196"},{"taxonomy":"smaker","embeddable":true,"href":"https:\/\/www.gringonordic.se\/en\/wp-json\/wp\/v2\/smaker?post=62196"}],"curies":[{"name":"wp","href":"https:\/\/api.w.org\/{rel}","templated":true}]}}