{"id":62190,"date":"2026-04-24T20:32:45","date_gmt":"2026-04-24T18:32:45","guid":{"rendered":"https:\/\/www.gringonordic.se\/?post_type=product&#038;p=62190"},"modified":"2026-04-24T20:43:50","modified_gmt":"2026-04-24T18:43:50","slug":"origami-dripper-air-m-filterhallare","status":"publish","type":"product","link":"https:\/\/www.gringonordic.se\/en\/product\/origami-dripper-air-m-filterhallare\/","title":{"rendered":"Origami Dripper Air M filterh\u00e5llare"},"content":{"rendered":"","protected":false},"excerpt":{"rendered":"<p data-start=\"0\" data-end=\"139\">Origami Air M-drippern \u00e4r tillverkad i AS-plast \u2013 ett l\u00e4tt, slagt\u00e5ligt och praktiskt material som l\u00e4mpar sig perfekt f\u00f6r daglig anv\u00e4ndning.<\/p>\n<p data-start=\"141\" data-end=\"415\">De 20 vertikala r\u00e4fflorna skapar ett litet mellanrum mellan filtret och drippern, vilket g\u00f6r att det heta vattnet kan rinna igenom j\u00e4mnt och utan motst\u00e5nd. Konstruktionen ger dig god kontroll \u00f6ver brygghastigheten och g\u00f6r det enkelt att experimentera med olika bryggmetoder.<\/p>\n<p data-start=\"417\" data-end=\"561\" data-is-last-node=\"\" data-is-only-node=\"\">Till skillnad fr\u00e5n porslin beh\u00e5ller plasten v\u00e4rmen b\u00e4ttre, vilket g\u00f6r det enklare att uppr\u00e4tth\u00e5lla en stabil temperatur genom hela extraktionen.<\/p>\n<ul class=\"selling-points mt-4 mb-4\">\n<li class=\"mb-2\">Material: AS-plast<\/li>\n<li class=\"mb-2\">L\u00e4mplig f\u00f6r 2 till 4 koppar<\/li>\n<li class=\"mb-2\">Inte mikrov\u00e5gss\u00e4ker<\/li>\n<li class=\"mb-2\">Kan diskas i diskmaskin<\/li>\n<li class=\"mb-2\">Tillverkad i Japan<\/li>\n<\/ul>\n<p>Fungerar med konformade kaffefilter Origami 02, Hario V60-01, Kinto-02<\/p>\n<p>For more comfort and stability, there is a nice holder for Origami Dripper in wood that we also sell.<\/p>\n<p>&nbsp;<\/p>","protected":false},"featured_media":62195,"template":"","meta":[],"product_brand":[],"product_cat":[616,40],"product_tag":[],"varumarke":[363],"produkttyp":[157],"smaker":[777],"class_list":{"0":"post-62190","1":"product","2":"type-product","3":"status-publish","4":"has-post-thumbnail","6":"product_cat-kaffebryggare-manuella","7":"product_cat-tillbehor","8":"varumarke-origami","9":"produkttyp-kaffebryggare-filter","10":"smaker-2-4-koppar","12":"first","13":"instock","14":"taxable","15":"shipping-taxable","16":"purchasable","17":"product-type-variable","18":"has-default-attributes"},"_links":{"self":[{"href":"https:\/\/www.gringonordic.se\/en\/wp-json\/wp\/v2\/product\/62190","targetHints":{"allow":["GET"]}}],"collection":[{"href":"https:\/\/www.gringonordic.se\/en\/wp-json\/wp\/v2\/product"}],"about":[{"href":"https:\/\/www.gringonordic.se\/en\/wp-json\/wp\/v2\/types\/product"}],"wp:featuredmedia":[{"embeddable":true,"href":"https:\/\/www.gringonordic.se\/en\/wp-json\/wp\/v2\/media\/62195"}],"wp:attachment":[{"href":"https:\/\/www.gringonordic.se\/en\/wp-json\/wp\/v2\/media?parent=62190"}],"wp:term":[{"taxonomy":"product_brand","embeddable":true,"href":"https:\/\/www.gringonordic.se\/en\/wp-json\/wp\/v2\/product_brand?post=62190"},{"taxonomy":"product_cat","embeddable":true,"href":"https:\/\/www.gringonordic.se\/en\/wp-json\/wp\/v2\/product_cat?post=62190"},{"taxonomy":"product_tag","embeddable":true,"href":"https:\/\/www.gringonordic.se\/en\/wp-json\/wp\/v2\/product_tag?post=62190"},{"taxonomy":"varumarke","embeddable":true,"href":"https:\/\/www.gringonordic.se\/en\/wp-json\/wp\/v2\/varumarke?post=62190"},{"taxonomy":"produkttyp","embeddable":true,"href":"https:\/\/www.gringonordic.se\/en\/wp-json\/wp\/v2\/produkttyp?post=62190"},{"taxonomy":"smaker","embeddable":true,"href":"https:\/\/www.gringonordic.se\/en\/wp-json\/wp\/v2\/smaker?post=62190"}],"curies":[{"name":"wp","href":"https:\/\/api.w.org\/{rel}","templated":true}]}}