{"id":62151,"date":"2026-04-23T21:03:33","date_gmt":"2026-04-23T19:03:33","guid":{"rendered":"https:\/\/www.gringonordic.se\/?post_type=product&#038;p=62151"},"modified":"2026-04-23T21:17:21","modified_gmt":"2026-04-23T19:17:21","slug":"timemore-kaffekvarn-c5-pro","status":"publish","type":"product","link":"https:\/\/www.gringonordic.se\/en\/product\/timemore-kaffekvarn-c5-pro\/","title":{"rendered":"Timemore &#8211; Kaffekvarn C5 Pro"},"content":{"rendered":"","protected":false},"excerpt":{"rendered":"<p class=\"p1\">Den om\u00e5ttligt popul\u00e4ra C-kvarnen fr\u00e5n Timemore i en ny uppdaterad version, med omdesignad justeringsratt och nytt, st\u00f6rre och m\u00e5ngsidigt malverk p\u00e5 42 mm.<\/p>\n<p data-start=\"62\" data-end=\"247\">Timemore Chestnut C5s Pro \u00e4r en handdriven kaffekvarn i helmetall med fokus p\u00e5 gr\u00f6vre malningsgrader. Den l\u00e4mpar sig s\u00e4rskilt v\u00e4l f\u00f6r pour-over och fungerar \u00e4ven f\u00f6r espresso vid behov.<\/p>\n<p data-start=\"249\" data-end=\"668\">C5 \u00e4r en vidareutveckling av C3 och uppgraderar malsatsen fr\u00e5n 38 mm till en helt ny p\u00e5 42 mm. Den st\u00f6rre malsatsen ger en renare malningsprofil, f\u00f6rb\u00e4ttrad klarhet i koppen och en mer konsekvent smak \u2013 \u00e4ven n\u00e4r kaffet svalnar. Genom att omarbeta den interna konstruktionen och g\u00f6ra kroppen n\u00e5got bredare har Timemore lyckats rymma den st\u00f6rre malsatsen utan att kompromissa med kvarnens kompakta och resev\u00e4nliga design.<\/p>\n<p data-start=\"670\" data-end=\"813\"><strong data-start=\"670\" data-end=\"699\">N\u00e4sta generations malverk<\/strong> \u2013 Det koniska malverket S2C-042-III p\u00e5 42 mm ger snabbare och j\u00e4mnare malning j\u00e4mf\u00f6rt med tidigare 38 mm-version.<\/p>\n<p data-start=\"815\" data-end=\"972\"><strong data-start=\"815\" data-end=\"846\">F\u00f6rb\u00e4ttrad malningskontroll<\/strong> \u2013 V\u00e4lj mellan tv\u00e5 justeringsrattar: Standard och Espresso. B\u00e5da erbjuder tydlig taktil feedback och finare, mer precisa steg.<\/p>\n<p data-start=\"974\" data-end=\"1100\" data-is-last-node=\"\" data-is-only-node=\"\"><strong data-start=\"974\" data-end=\"994\">St\u00f6rre kapacitet<\/strong> \u2013 Den nya uppsamlingsbeh\u00e5llaren rymmer upp till 25 g kaffe, vilket passar utm\u00e4rkt f\u00f6r st\u00f6rre bryggningar.<\/p>\n<p class=\"p1\"><strong>SPECIFICATIONS<\/strong><\/p>\n<ul class=\"ul1\">\n<li>Dimensioner: \u03a6 53 \u00d7 172 mm<\/li>\n<li>Vev utstr\u00e4ckt: 167 mm<\/li>\n<li>Vikt: Ca 640 g<\/li>\n<li>Material: Rostfritt st\u00e5l, aluminium<\/li>\n<li>Kapacitet: B\u00f6nbeh\u00e5llare: 30 g; uppsamlingsbeh\u00e5llare: 25 g<\/li>\n<li>Malverk: S2C-042-III, 42 mm<\/li>\n<li>Justeringsnoggrannhet: 0,031 mm per klick<\/li>\n<\/ul>","protected":false},"featured_media":62154,"template":"","meta":[],"product_brand":[],"product_cat":[57,40],"product_tag":[],"varumarke":[261],"produkttyp":[176],"smaker":[],"class_list":{"0":"post-62151","1":"product","2":"type-product","3":"status-publish","4":"has-post-thumbnail","6":"product_cat-manuella","7":"product_cat-tillbehor","8":"varumarke-timemore","9":"produkttyp-kaffekvarn-manuell","11":"first","12":"instock","13":"taxable","14":"shipping-taxable","15":"purchasable","16":"product-type-simple"},"_links":{"self":[{"href":"https:\/\/www.gringonordic.se\/en\/wp-json\/wp\/v2\/product\/62151","targetHints":{"allow":["GET"]}}],"collection":[{"href":"https:\/\/www.gringonordic.se\/en\/wp-json\/wp\/v2\/product"}],"about":[{"href":"https:\/\/www.gringonordic.se\/en\/wp-json\/wp\/v2\/types\/product"}],"wp:featuredmedia":[{"embeddable":true,"href":"https:\/\/www.gringonordic.se\/en\/wp-json\/wp\/v2\/media\/62154"}],"wp:attachment":[{"href":"https:\/\/www.gringonordic.se\/en\/wp-json\/wp\/v2\/media?parent=62151"}],"wp:term":[{"taxonomy":"product_brand","embeddable":true,"href":"https:\/\/www.gringonordic.se\/en\/wp-json\/wp\/v2\/product_brand?post=62151"},{"taxonomy":"product_cat","embeddable":true,"href":"https:\/\/www.gringonordic.se\/en\/wp-json\/wp\/v2\/product_cat?post=62151"},{"taxonomy":"product_tag","embeddable":true,"href":"https:\/\/www.gringonordic.se\/en\/wp-json\/wp\/v2\/product_tag?post=62151"},{"taxonomy":"varumarke","embeddable":true,"href":"https:\/\/www.gringonordic.se\/en\/wp-json\/wp\/v2\/varumarke?post=62151"},{"taxonomy":"produkttyp","embeddable":true,"href":"https:\/\/www.gringonordic.se\/en\/wp-json\/wp\/v2\/produkttyp?post=62151"},{"taxonomy":"smaker","embeddable":true,"href":"https:\/\/www.gringonordic.se\/en\/wp-json\/wp\/v2\/smaker?post=62151"}],"curies":[{"name":"wp","href":"https:\/\/api.w.org\/{rel}","templated":true}]}}