{"id":62066,"date":"2026-04-21T18:36:06","date_gmt":"2026-04-21T16:36:06","guid":{"rendered":"https:\/\/www.gringonordic.se\/?post_type=product&#038;p=62066"},"modified":"2026-04-23T15:23:38","modified_gmt":"2026-04-23T13:23:38","slug":"les-jardines-de-gaia-finest-earl-grey","status":"publish","type":"product","link":"https:\/\/www.gringonordic.se\/en\/product\/les-jardines-de-gaia-finest-earl-grey\/","title":{"rendered":"Les Jardines De GAIA &#8211; Finest Earl Grey"},"content":{"rendered":"","protected":false},"excerpt":{"rendered":"<p>Denna harmoniska blandning av ett mjukt och nyanserat svart te fr\u00e5n Darjeeling och bergamottens karakteristiska citrusnoter skapar en s\u00e4rskilt elegant Earl Grey. Smaken \u00e4r kryddig med en fint balanserad, frisk syrlighet som dr\u00f6jer sig kvar. En sann njutning f\u00f6r alla Earl Grey-\u00e4lskare.<\/p>\n<p><strong>INGREDIENTS:<\/strong><br \/>\nsvart te*<\/p>\n<p>Bergamottolja* 2 %<\/p>\n<p>*Fr\u00e5n ekologisk odling.<\/p>","protected":false},"featured_media":62078,"template":"","meta":[],"product_brand":[],"product_cat":[776,37],"product_tag":[],"varumarke":[774],"produkttyp":[775],"smaker":[214],"class_list":{"0":"post-62066","1":"product","2":"type-product","3":"status-publish","4":"has-post-thumbnail","6":"product_cat-gaia-tepasar","7":"product_cat-te","8":"varumarke-les-jardines-del-gaia","9":"produkttyp-gaia-tepasar","10":"smaker-15-pasar","12":"first","13":"instock","14":"taxable","15":"shipping-taxable","16":"purchasable","17":"product-type-variable","18":"has-default-attributes"},"_links":{"self":[{"href":"https:\/\/www.gringonordic.se\/en\/wp-json\/wp\/v2\/product\/62066","targetHints":{"allow":["GET"]}}],"collection":[{"href":"https:\/\/www.gringonordic.se\/en\/wp-json\/wp\/v2\/product"}],"about":[{"href":"https:\/\/www.gringonordic.se\/en\/wp-json\/wp\/v2\/types\/product"}],"wp:featuredmedia":[{"embeddable":true,"href":"https:\/\/www.gringonordic.se\/en\/wp-json\/wp\/v2\/media\/62078"}],"wp:attachment":[{"href":"https:\/\/www.gringonordic.se\/en\/wp-json\/wp\/v2\/media?parent=62066"}],"wp:term":[{"taxonomy":"product_brand","embeddable":true,"href":"https:\/\/www.gringonordic.se\/en\/wp-json\/wp\/v2\/product_brand?post=62066"},{"taxonomy":"product_cat","embeddable":true,"href":"https:\/\/www.gringonordic.se\/en\/wp-json\/wp\/v2\/product_cat?post=62066"},{"taxonomy":"product_tag","embeddable":true,"href":"https:\/\/www.gringonordic.se\/en\/wp-json\/wp\/v2\/product_tag?post=62066"},{"taxonomy":"varumarke","embeddable":true,"href":"https:\/\/www.gringonordic.se\/en\/wp-json\/wp\/v2\/varumarke?post=62066"},{"taxonomy":"produkttyp","embeddable":true,"href":"https:\/\/www.gringonordic.se\/en\/wp-json\/wp\/v2\/produkttyp?post=62066"},{"taxonomy":"smaker","embeddable":true,"href":"https:\/\/www.gringonordic.se\/en\/wp-json\/wp\/v2\/smaker?post=62066"}],"curies":[{"name":"wp","href":"https:\/\/api.w.org\/{rel}","templated":true}]}}