{"id":61828,"date":"2026-04-14T12:48:57","date_gmt":"2026-04-14T10:48:57","guid":{"rendered":"https:\/\/www.gringonordic.se\/?post_type=product&#038;p=61828"},"modified":"2026-04-14T12:53:35","modified_gmt":"2026-04-14T10:53:35","slug":"timemore-crystal-eye-coffee-dripper-plast-v02","status":"publish","type":"product","link":"https:\/\/www.gringonordic.se\/en\/product\/timemore-crystal-eye-coffee-dripper-plast-v02\/","title":{"rendered":"Timemore Crystal Eye Coffee Dripper &#8211; Plast V02"},"content":{"rendered":"","protected":false},"excerpt":{"rendered":"<div id=\"shopify-section-template--25027559686481__custom_liquid_yU4UGL\" class=\"shopify-section shopify-section--custom-liquid\">\n<section class=\"section\">\n<div class=\"container\">\n<div class=\"one-whole column\">\n<p data-start=\"0\" data-end=\"32\"><strong data-start=\"0\" data-end=\"32\">Handbryggare \u2013 filterh\u00e5llare<\/strong><\/p>\n<p data-start=\"34\" data-end=\"127\">En V-dripper med en innovativ funktion som g\u00f6r det m\u00f6jligt att styra vattenfl\u00f6dets hastighet.<\/p>\n<p data-start=\"129\" data-end=\"470\">Vid f\u00f6rsta anblick kan man tro att filterh\u00e5llaren \u00e4r gjord av kristall \u2013 den skimrar och \u00e4r verkligen vacker att se p\u00e5. Men denna imponerande design fr\u00e5n Timemore handlar inte bara om estetik. Den \u00e4r utvecklad f\u00f6r att s\u00e4kerst\u00e4lla att din handbryggning inte blir \u00f6verextraherad. Formen \u00e4r allts\u00e5 inte bara tilltalande, utan ocks\u00e5 funktionell.<\/p>\n<p data-start=\"472\" data-end=\"656\">Den nedre delen av filterh\u00e5llaren \u00e4r konkav. Ist\u00e4llet f\u00f6r att bromsa vattnet \u00f6kar den fl\u00f6deshastigheten, vilket bidrar till ett j\u00e4mnt och stabilt vattenfl\u00f6de genom hela bryggprocessen.<\/p>\n<p data-start=\"658\" data-end=\"692\">Designen \u00e4r uppdelad i tre niv\u00e5er:<\/p>\n<ol data-start=\"694\" data-end=\"1046\" data-is-last-node=\"\" data-is-only-node=\"\">\n<li data-section-id=\"wk02gy\" data-start=\"694\" data-end=\"824\"><strong data-start=\"697\" data-end=\"716\">Isolerande niv\u00e5<\/strong> \u2013 Filterpappret sitter t\u00e4tt mot den sl\u00e4ta \u00f6vre delen, vilket f\u00f6rhindrar att vatten passerar vid sidan av.<\/li>\n<li data-section-id=\"mjepdw\" data-start=\"826\" data-end=\"886\"><strong data-start=\"829\" data-end=\"842\">Bryggniv\u00e5<\/strong> \u2013 H\u00e4r sker sj\u00e4lva extraktionen av kaffet.<\/li>\n<li data-section-id=\"1o547j7\" data-start=\"888\" data-end=\"1046\" data-is-last-node=\"\"><strong data-start=\"891\" data-end=\"905\">Pulverniv\u00e5<\/strong> \u2013 Det malda kaffet samlas i den nedre delen, som har f\u00e4rre ribbor f\u00f6r att fr\u00e4mja ett j\u00e4mnt vattenfl\u00f6de och minska risken f\u00f6r \u00f6verextraktion.<\/li>\n<\/ol>\n<\/div>\n<\/div>\n<\/section>\n<\/div>","protected":false},"featured_media":61832,"template":"","meta":[],"product_brand":[],"product_cat":[40,616],"product_tag":[],"varumarke":[261],"produkttyp":[618],"smaker":[241],"class_list":{"0":"post-61828","1":"product","2":"type-product","3":"status-publish","4":"has-post-thumbnail","6":"product_cat-tillbehor","7":"product_cat-kaffebryggare-manuella","8":"varumarke-timemore","9":"produkttyp-kaffebryggare-manuella","10":"smaker-1-4-koppar","12":"first","13":"instock","14":"taxable","15":"shipping-taxable","16":"purchasable","17":"product-type-simple"},"_links":{"self":[{"href":"https:\/\/www.gringonordic.se\/en\/wp-json\/wp\/v2\/product\/61828","targetHints":{"allow":["GET"]}}],"collection":[{"href":"https:\/\/www.gringonordic.se\/en\/wp-json\/wp\/v2\/product"}],"about":[{"href":"https:\/\/www.gringonordic.se\/en\/wp-json\/wp\/v2\/types\/product"}],"wp:featuredmedia":[{"embeddable":true,"href":"https:\/\/www.gringonordic.se\/en\/wp-json\/wp\/v2\/media\/61832"}],"wp:attachment":[{"href":"https:\/\/www.gringonordic.se\/en\/wp-json\/wp\/v2\/media?parent=61828"}],"wp:term":[{"taxonomy":"product_brand","embeddable":true,"href":"https:\/\/www.gringonordic.se\/en\/wp-json\/wp\/v2\/product_brand?post=61828"},{"taxonomy":"product_cat","embeddable":true,"href":"https:\/\/www.gringonordic.se\/en\/wp-json\/wp\/v2\/product_cat?post=61828"},{"taxonomy":"product_tag","embeddable":true,"href":"https:\/\/www.gringonordic.se\/en\/wp-json\/wp\/v2\/product_tag?post=61828"},{"taxonomy":"varumarke","embeddable":true,"href":"https:\/\/www.gringonordic.se\/en\/wp-json\/wp\/v2\/varumarke?post=61828"},{"taxonomy":"produkttyp","embeddable":true,"href":"https:\/\/www.gringonordic.se\/en\/wp-json\/wp\/v2\/produkttyp?post=61828"},{"taxonomy":"smaker","embeddable":true,"href":"https:\/\/www.gringonordic.se\/en\/wp-json\/wp\/v2\/smaker?post=61828"}],"curies":[{"name":"wp","href":"https:\/\/api.w.org\/{rel}","templated":true}]}}