{"id":60659,"date":"2026-03-12T10:47:19","date_gmt":"2026-03-12T09:47:19","guid":{"rendered":"https:\/\/www.gringonordic.se\/?post_type=product&#038;p=60659"},"modified":"2026-03-12T11:14:50","modified_gmt":"2026-03-12T10:14:50","slug":"ceado-life-wam-espressokvarn","status":"publish","type":"product","link":"https:\/\/www.gringonordic.se\/en\/product\/ceado-life-wam-espressokvarn\/","title":{"rendered":"Ceado Life WAM Espressokvarn"},"content":{"rendered":"","protected":false},"excerpt":{"rendered":"<div class=\"right-col-info\">\n<div class=\"shortDescription\">\n<p data-start=\"75\" data-end=\"281\"><strong data-start=\"75\" data-end=\"87\">Life WAM<\/strong>, utrustad med den nya viktbaserade doseringen, ger \u00e4nnu h\u00f6gre precision och smakm\u00e4ssig konsekvens i varje espresso. Tack vare den integrerade lastcellen kan varje dos hanteras exakt efter vikt.<\/p>\n<p data-start=\"283\" data-end=\"430\">Den inbyggda v\u00e5gen f\u00f6rb\u00e4ttrar inte bara precisionen utan g\u00f6r ocks\u00e5 kvarnen enkel och intuitiv att anv\u00e4nda \u2013 \u00e4ven f\u00f6r icke-professionella anv\u00e4ndare. Perfekt f\u00f6r dig som vill uppn\u00e5 konsekventa resultat, med k\u00e4nslan och prestandan fr\u00e5n en professionell kvarn \u2013 hemma i ditt eget k\u00f6k.<\/p>\n<p data-start=\"77\" data-end=\"310\">Den <strong data-start=\"81\" data-end=\"113\">2,4 tum stora f\u00e4rgpeksk\u00e4rmen<\/strong> g\u00f6r malningen b\u00e5de enkel och smidig. Det moderna och interaktiva gr\u00e4nssnittet g\u00f6r det l\u00e4tt att v\u00e4lja dosering efter <strong data-start=\"230\" data-end=\"253\">gram eller sekunder<\/strong>, s\u00e5 att kvarnen kan anpassas efter dina smakpreferenser. F\u00e4rger och gr\u00e4nssnitt kan dessutom <strong data-start=\"347\" data-end=\"376\">anpassas efter eget tycke<\/strong>, samtidigt som varje justering sker snabbt, exakt och direkt. Resultatet \u00e4r en kaffeberedning som \u00e4r b\u00e5de <strong data-start=\"484\" data-end=\"514\">precis och riktigt njutbar<\/strong>.<\/p>\n<p data-start=\"75\" data-end=\"335\">Med <strong data-start=\"79\" data-end=\"103\">viktbaserad dosering<\/strong> hanteras varje dos med h\u00f6gsta precision, vilket s\u00e4kerst\u00e4ller en exakt och konsekvent smak\u00e5tergivning. Kombinationen av <strong data-start=\"223\" data-end=\"286\">integrerad v\u00e4gning och en malningskammare med l\u00e5g retention<\/strong> g\u00f6r att kaffet alltid \u00e4r f\u00e4rskt och j\u00e4mnt malet.<\/p>\n<p data-start=\"337\" data-end=\"541\">Den inbyggda v\u00e5gen g\u00f6r dessutom kvarnen <strong data-start=\"377\" data-end=\"411\">enkel och intuitiv att anv\u00e4nda<\/strong>, oavsett erfarenhetsniv\u00e5. Resultatet \u00e4r espresso med \u00e4nnu h\u00f6gre precision, tydligare aromer och j\u00e4mn kvalitet i varje extraktion.<\/p>\n<p data-start=\"72\" data-end=\"267\">De <strong data-start=\"75\" data-end=\"107\">50 mm stora malskivorna<\/strong> \u00e4r tillverkade av h\u00f6gkvalitativt st\u00e5l och har en effektiv malningsyta som motsvarar <strong data-start=\"192\" data-end=\"211\">60 mm malskivor<\/strong>, vilket ger h\u00f6gre konsistens och minimerar retentionen. De innovativa <strong data-start=\"283\" data-end=\"300\">X-malskivorna<\/strong> f\u00f6rb\u00e4ttrar extraktionen och bidrar till en ren, aromatisk och fyllig kopp. Till skillnad fr\u00e5n traditionella malskivor saknar deras blinda design genomg\u00e5ende h\u00e5l d\u00e4r kafferester kan fastna. Det minskar risken f\u00f6r ansamlingar och s\u00e4kerst\u00e4ller att varje dos mals av <strong data-start=\"564\" data-end=\"580\">f\u00e4rska b\u00f6nor<\/strong>.<\/p>\n<p data-start=\"57\" data-end=\"339\"><strong>Specifications:<\/strong><\/p>\n<\/div>\n<\/div>\n<div class=\"right-col-info\">\n<div class=\"shortDescription\">\n<ul>\n<li><strong>Sp\u00e4nning<\/strong>: 220-240V \u2013 50-60Hz<\/li>\n<li><strong>Effekt<\/strong>: 300W<\/li>\n<li><strong>RPM<\/strong>: 1380 \/ 1650<\/li>\n<li><strong>Nettovikt<\/strong>: 5,4 kg<\/li>\n<li><strong>Bruttovikt<\/strong>: 6 kg<\/li>\n<li><strong>M\u00e5tt<\/strong>: 150 x 200 x 390h mm<\/li>\n<li><strong>Malskivor<\/strong>: \u00d8 50 Blinda malskivor i h\u00e5rt st\u00e5l 100 cr6<\/li>\n<li><strong>B\u00f6nbeh\u00e5llarens kapacitet<\/strong>: 300 g<\/li>\n<li><strong>Malningsjustering<\/strong>: Mikrometrisk stegl\u00f6s<\/li>\n<li><strong>Dosinst\u00e4llning<\/strong>: Digital<\/li>\n<li><strong>Display<\/strong>: Touch<\/li>\n<li><strong>Start<\/strong>: Puls-knapp<\/li>\n<\/ul>\n<p>&nbsp;<\/p>\n<\/div>\n<\/div>","protected":false},"featured_media":60662,"template":"","meta":[],"product_brand":[],"product_cat":[40,58],"product_tag":[],"varumarke":[764],"produkttyp":[203],"smaker":[],"class_list":{"0":"post-60659","1":"product","2":"type-product","3":"status-publish","4":"has-post-thumbnail","6":"product_cat-tillbehor","7":"product_cat-elektriska","8":"varumarke-ceado","9":"produkttyp-kaffekvarnar-elektriska","11":"first","12":"instock","13":"taxable","14":"shipping-taxable","15":"purchasable","16":"product-type-simple"},"_links":{"self":[{"href":"https:\/\/www.gringonordic.se\/en\/wp-json\/wp\/v2\/product\/60659","targetHints":{"allow":["GET"]}}],"collection":[{"href":"https:\/\/www.gringonordic.se\/en\/wp-json\/wp\/v2\/product"}],"about":[{"href":"https:\/\/www.gringonordic.se\/en\/wp-json\/wp\/v2\/types\/product"}],"wp:featuredmedia":[{"embeddable":true,"href":"https:\/\/www.gringonordic.se\/en\/wp-json\/wp\/v2\/media\/60662"}],"wp:attachment":[{"href":"https:\/\/www.gringonordic.se\/en\/wp-json\/wp\/v2\/media?parent=60659"}],"wp:term":[{"taxonomy":"product_brand","embeddable":true,"href":"https:\/\/www.gringonordic.se\/en\/wp-json\/wp\/v2\/product_brand?post=60659"},{"taxonomy":"product_cat","embeddable":true,"href":"https:\/\/www.gringonordic.se\/en\/wp-json\/wp\/v2\/product_cat?post=60659"},{"taxonomy":"product_tag","embeddable":true,"href":"https:\/\/www.gringonordic.se\/en\/wp-json\/wp\/v2\/product_tag?post=60659"},{"taxonomy":"varumarke","embeddable":true,"href":"https:\/\/www.gringonordic.se\/en\/wp-json\/wp\/v2\/varumarke?post=60659"},{"taxonomy":"produkttyp","embeddable":true,"href":"https:\/\/www.gringonordic.se\/en\/wp-json\/wp\/v2\/produkttyp?post=60659"},{"taxonomy":"smaker","embeddable":true,"href":"https:\/\/www.gringonordic.se\/en\/wp-json\/wp\/v2\/smaker?post=60659"}],"curies":[{"name":"wp","href":"https:\/\/api.w.org\/{rel}","templated":true}]}}