{"id":60651,"date":"2026-03-12T10:37:10","date_gmt":"2026-03-12T09:37:10","guid":{"rendered":"https:\/\/www.gringonordic.se\/?post_type=product&#038;p=60651"},"modified":"2026-03-12T10:48:27","modified_gmt":"2026-03-12T09:48:27","slug":"ceado-life-x-touch-espressokvarn","status":"publish","type":"product","link":"https:\/\/www.gringonordic.se\/en\/product\/ceado-life-x-touch-espressokvarn\/","title":{"rendered":"Ceado Life X Touch Multifunktionell kaffekvarn"},"content":{"rendered":"","protected":false},"excerpt":{"rendered":"<div class=\"right-col-info\">\n<div class=\"shortDescription\">\n<p data-start=\"113\" data-end=\"382\"><strong data-start=\"113\" data-end=\"129\">Ceado Life X<\/strong> tar m\u00e5ngsidigheten, prestandan och prisv\u00e4rdheten hos Life-modellen till n\u00e4sta niv\u00e5 genom ett f\u00f6rb\u00e4ttrat anv\u00e4ndargr\u00e4nssnitt och optimerad malningsprestanda. Resultatet \u00e4r ett bredare spann av malningsgrader och renare extraktioner f\u00f6r alla bryggmetoder.<\/p>\n<p data-start=\"384\" data-end=\"597\">Kvarnen \u00e4r utrustad med <strong data-start=\"408\" data-end=\"456\">50 mm blinda malskivor i h\u00f6gkvalitativt st\u00e5l<\/strong>, vilket ger en j\u00e4mn och konsekvent malning \u2013 fr\u00e5n espresso till klara filterbryggningar som pour over, Chemex och till och med French press.<\/p>\n<p data-start=\"599\" data-end=\"838\">Den anv\u00e4ndarv\u00e4nliga designen erbjuder b\u00e5de <strong data-start=\"642\" data-end=\"700\">programmerbar automatisk dosering och manuell dosering<\/strong>. Kvarnen levereras dessutom med <strong data-start=\"733\" data-end=\"754\">tv\u00e5 utbytbara kit<\/strong>: en b\u00f6nbeh\u00e5llare samt ett <strong data-start=\"781\" data-end=\"800\">single-dose-kit<\/strong> (inklusive tratt, luftpump och kopp).<\/p>\n<p data-start=\"57\" data-end=\"339\"><strong>Specifications:<\/strong><\/p>\n<\/div>\n<\/div>\n<div class=\"right-col-info\">\n<div class=\"shortDescription\">\n<ul>\n<li><strong>Sp\u00e4nning<\/strong>: 220-240V \u2013 50-60Hz<\/li>\n<li><strong>Effekt<\/strong>: 300W<\/li>\n<li><strong>RPM<\/strong>: 50hz\/60hz 1380 \/ 1650<\/li>\n<li><strong>Genomsnittlig utmatning <\/strong>(<strong>g\/s<\/strong>): Ber\u00e4knad vid standard Italiensk Espressokonsistens 1,5 (50hz) \/ (60hz)<\/li>\n<li><strong>Netto vikt<\/strong>: 5,5 kg<\/li>\n<li><strong>Bruttovikt<\/strong>: 6 kg<\/li>\n<li><strong>M\u00e5tt<\/strong>: 150 x 200 x 360h mm<\/li>\n<li><strong>Malskivor<\/strong>: \u00d8 50 Blinda malskivor i h\u00e5rt st\u00e5l 100 cr6<\/li>\n<li><strong>B\u00f6nbeh\u00e5llarens kapacitet<\/strong>: 250 g<\/li>\n<li><strong>Malningsjustering<\/strong>: Mikrometrisk stegl\u00f6s<\/li>\n<li><strong>Dosinst\u00e4llning<\/strong>: Digital<\/li>\n<li><strong>Display<\/strong>: Touch<\/li>\n<li><strong>Start<\/strong>: Puls-knapp<\/li>\n<\/ul>\n<p>&nbsp;<\/p>\n<\/div>\n<\/div>","protected":false},"featured_media":60654,"template":"","meta":[],"product_brand":[],"product_cat":[40,58],"product_tag":[],"varumarke":[764],"produkttyp":[203],"smaker":[],"class_list":{"0":"post-60651","1":"product","2":"type-product","3":"status-publish","4":"has-post-thumbnail","6":"product_cat-tillbehor","7":"product_cat-elektriska","8":"varumarke-ceado","9":"produkttyp-kaffekvarnar-elektriska","11":"first","12":"instock","13":"taxable","14":"shipping-taxable","15":"purchasable","16":"product-type-simple"},"_links":{"self":[{"href":"https:\/\/www.gringonordic.se\/en\/wp-json\/wp\/v2\/product\/60651","targetHints":{"allow":["GET"]}}],"collection":[{"href":"https:\/\/www.gringonordic.se\/en\/wp-json\/wp\/v2\/product"}],"about":[{"href":"https:\/\/www.gringonordic.se\/en\/wp-json\/wp\/v2\/types\/product"}],"wp:featuredmedia":[{"embeddable":true,"href":"https:\/\/www.gringonordic.se\/en\/wp-json\/wp\/v2\/media\/60654"}],"wp:attachment":[{"href":"https:\/\/www.gringonordic.se\/en\/wp-json\/wp\/v2\/media?parent=60651"}],"wp:term":[{"taxonomy":"product_brand","embeddable":true,"href":"https:\/\/www.gringonordic.se\/en\/wp-json\/wp\/v2\/product_brand?post=60651"},{"taxonomy":"product_cat","embeddable":true,"href":"https:\/\/www.gringonordic.se\/en\/wp-json\/wp\/v2\/product_cat?post=60651"},{"taxonomy":"product_tag","embeddable":true,"href":"https:\/\/www.gringonordic.se\/en\/wp-json\/wp\/v2\/product_tag?post=60651"},{"taxonomy":"varumarke","embeddable":true,"href":"https:\/\/www.gringonordic.se\/en\/wp-json\/wp\/v2\/varumarke?post=60651"},{"taxonomy":"produkttyp","embeddable":true,"href":"https:\/\/www.gringonordic.se\/en\/wp-json\/wp\/v2\/produkttyp?post=60651"},{"taxonomy":"smaker","embeddable":true,"href":"https:\/\/www.gringonordic.se\/en\/wp-json\/wp\/v2\/smaker?post=60651"}],"curies":[{"name":"wp","href":"https:\/\/api.w.org\/{rel}","templated":true}]}}