{"id":60635,"date":"2026-03-12T08:44:04","date_gmt":"2026-03-12T07:44:04","guid":{"rendered":"https:\/\/www.gringonordic.se\/?post_type=product&#038;p=60635"},"modified":"2026-03-12T09:47:09","modified_gmt":"2026-03-12T08:47:09","slug":"la-marzocco-pico-espressokvarn","status":"publish","type":"product","link":"https:\/\/www.gringonordic.se\/en\/product\/la-marzocco-pico-espressokvarn\/","title":{"rendered":"La Marzocco Pico Espressokvarn"},"content":{"rendered":"","protected":false},"excerpt":{"rendered":"<div class=\"right-col-info\">\n<div class=\"shortDescription\">\n<p data-start=\"57\" data-end=\"339\">Pico kombinerar enkelhet, tillf\u00f6rlitlighet och espressoshots av h\u00f6g kvalitet i varje malning. Med fokus p\u00e5 detaljer \u00e4r Pico utrustad med en tyst borstl\u00f6s induktionsmotor, precisa doseringsval, programmerbara inst\u00e4llningar och unika funktioner \u2013 som en justerbar magnetisk portafilterh\u00e5llare och automatisk st\u00e4ngning av b\u00f6nbeh\u00e5llaren. Kompakt, anv\u00e4ndarv\u00e4nlig och byggd f\u00f6r konsekvent resultat.<\/p>\n<div>\n<p>Picos h\u00f6gkvalitativa borstl\u00f6sa induktionsmotor kombinerat med innovativ ljudd\u00e4mpande design g\u00f6r morgonrutinen tyst samtidigt som den levererar enast\u00e5ende malningskonsistens.<\/p>\n<div><\/div>\n<div>Designad f\u00f6r enkel anv\u00e4ndning, Picos programmerbara doseringsval med tre knappar g\u00f6r doseringen enkel. Tillsammans med en justerbar magnetisk portafilterh\u00e5llare, har det aldrig varit enklare att vila portafiltret s\u00e4kert under malningen.<\/div>\n<div>\n<div><\/div>\n<div>Det \u00e4r enkelt att anpassa malningen med hj\u00e4lp av Picos stegl\u00f6sa justeringshjul. En anv\u00e4ndarv\u00e4nlig design, komplett med en distinkt &#8220;steg-f\u00f6r-steg&#8221; k\u00e4nsla, g\u00f6r att du kan \u00e4ndra malningsgraden snabbt och smidigt.<\/div>\n<\/div>\n<\/div>\n<\/div>\n<\/div>\n<div>\n<div><\/div>\n<div>Pico maler en perfekt dos espresso p\u00e5 18 g p\u00e5 under 10 sekunder, allt tack vare precisionen i malskivorna. Precis och konsekvent shot efter shot.<\/div>\n<\/div>\n<div class=\"right-col-info\">\n<div class=\"shortDescription\">\n<p><strong>Functions:<\/strong><\/p>\n<ul>\n<li>Koniska malskivor<\/li>\n<li>Kapacitet p\u00e5 b\u00f6nbeh\u00e5llare ca. 300 gram<\/li>\n<li>Justering f\u00f6r malskivor steg f\u00f6r steg<\/li>\n<li>Malningshastighet (rpm) 700-800<\/li>\n<li>Tv\u00e5 programmerbara doseringar<\/li>\n<\/ul>\n<p><strong>Specifications:<\/strong><br \/>\n\u2022 H\u00f6jd: 39 cm<br \/>\n\u2022 Bredd: 15,4 cm<br \/>\n\u2022 Djup: 28,5 cm<\/p>\n<div>\u2022 Vikt: 7,8 kilo<\/div>\n<p>\u2022 Volt: 220<\/p>\n<p>\u2022 Watt: 300-350<\/p>\n<\/div>\n<\/div>","protected":false},"featured_media":60647,"template":"","meta":[],"product_brand":[],"product_cat":[40,58],"product_tag":[],"varumarke":[391],"produkttyp":[203],"smaker":[],"class_list":{"0":"post-60635","1":"product","2":"type-product","3":"status-publish","4":"has-post-thumbnail","6":"product_cat-tillbehor","7":"product_cat-elektriska","8":"varumarke-la-marzocco","9":"produkttyp-kaffekvarnar-elektriska","11":"first","12":"instock","13":"taxable","14":"shipping-taxable","15":"purchasable","16":"product-type-variable","17":"has-default-attributes"},"_links":{"self":[{"href":"https:\/\/www.gringonordic.se\/en\/wp-json\/wp\/v2\/product\/60635","targetHints":{"allow":["GET"]}}],"collection":[{"href":"https:\/\/www.gringonordic.se\/en\/wp-json\/wp\/v2\/product"}],"about":[{"href":"https:\/\/www.gringonordic.se\/en\/wp-json\/wp\/v2\/types\/product"}],"wp:featuredmedia":[{"embeddable":true,"href":"https:\/\/www.gringonordic.se\/en\/wp-json\/wp\/v2\/media\/60647"}],"wp:attachment":[{"href":"https:\/\/www.gringonordic.se\/en\/wp-json\/wp\/v2\/media?parent=60635"}],"wp:term":[{"taxonomy":"product_brand","embeddable":true,"href":"https:\/\/www.gringonordic.se\/en\/wp-json\/wp\/v2\/product_brand?post=60635"},{"taxonomy":"product_cat","embeddable":true,"href":"https:\/\/www.gringonordic.se\/en\/wp-json\/wp\/v2\/product_cat?post=60635"},{"taxonomy":"product_tag","embeddable":true,"href":"https:\/\/www.gringonordic.se\/en\/wp-json\/wp\/v2\/product_tag?post=60635"},{"taxonomy":"varumarke","embeddable":true,"href":"https:\/\/www.gringonordic.se\/en\/wp-json\/wp\/v2\/varumarke?post=60635"},{"taxonomy":"produkttyp","embeddable":true,"href":"https:\/\/www.gringonordic.se\/en\/wp-json\/wp\/v2\/produkttyp?post=60635"},{"taxonomy":"smaker","embeddable":true,"href":"https:\/\/www.gringonordic.se\/en\/wp-json\/wp\/v2\/smaker?post=60635"}],"curies":[{"name":"wp","href":"https:\/\/api.w.org\/{rel}","templated":true}]}}