{"id":60548,"date":"2026-03-09T10:46:07","date_gmt":"2026-03-09T09:46:07","guid":{"rendered":"https:\/\/www.gringonordic.se\/?post_type=product&#038;p=60548"},"modified":"2026-03-14T12:28:32","modified_gmt":"2026-03-14T11:28:32","slug":"la-marzocco-micra-linea-espressomaskin","status":"publish","type":"product","link":"https:\/\/www.gringonordic.se\/en\/product\/la-marzocco-micra-linea-espressomaskin\/","title":{"rendered":"La Marzocco Micra Linea Espressomaskin"},"content":{"rendered":"","protected":false},"excerpt":{"rendered":"<div class=\"right-col-info\">\n<div class=\"shortDescription\">\n<p data-start=\"57\" data-end=\"339\">En kompakt och l\u00e4ttanv\u00e4nd espressomaskin f\u00f6r hemmet med kraftfull prestanda \u2013 v\u00e4rdig La Marzocco-namnet. Linea Micra \u00e4r designad som en nedskalad version av Linea Classic S och kombinerar en dynamisk upps\u00e4ttning funktioner i ett litet format som l\u00e5ter dig utforska espressons v\u00e4rld.<\/p>\n<div>Dubbla tankar, ett integrerat grupphuvud och PID-kontroll kombineras f\u00f6r att skapa kommersiell temperaturstabilitet som s\u00e4kerst\u00e4ller att bryggtemperaturen alltid \u00e4r r\u00e4tt.<\/div>\n<p data-start=\"341\" data-end=\"558\">Med enkel installation, snabb uppv\u00e4rmningstid och alla viktiga verktyg g\u00f6r Linea Micra det smidigt att f\u00f6rgylla din morgonrutin. De rena linjerna och den tidl\u00f6sa estetiken \u00e4r inspirerade av en l\u00e5ng rad espressoikoner.<\/p>\n<p data-start=\"560\" data-end=\"860\">Vi s\u00e4ljer Micra i sex olika f\u00e4rger, vilket g\u00f6r att det finns n\u00e5got f\u00f6r alla \u2013 och att varje k\u00f6k kan f\u00f6rvandlas till ett nytt favoritcaf\u00e9. Tack vare ny teknik kan Linea Micra dessutom anslutas till internet och styras via den nya La Marzocco Home-appen, som finns tillg\u00e4nglig p\u00e5 App Store och Google Play.<\/p>\n<p><strong>Functions:<\/strong><\/p>\n<ul>\n<li>Konvertibelt portafilter<\/li>\n<li>Isolerat \u00e5ngr\u00f6r<\/li>\n<li>Enkel p\u00e5fyllning av vattenbeh\u00e5llare<\/li>\n<li>Dubbla tankar<\/li>\n<li>Temperaturstabilitet via PID-kontroll<\/li>\n<li>Snabb uppv\u00e4rmning<\/li>\n<li>Bryggpadel<\/li>\n<li>Spillbricka<\/li>\n<li>Utlopp f\u00f6r hetvatten<\/li>\n<li>Smidig app f\u00f6r uppkoppling<\/li>\n<\/ul>\n<p><strong>Specifications:<\/strong><br \/>\n\u2022 H\u00f6jd: 34 cm<br \/>\n\u2022 Bredd: 29 cm<br \/>\n\u2022 Djup: 39 cm<\/p>\n<div>\u2022 Vikt: 19 kilo<\/div>\n<p>\u2022 Volt: 220<\/p>\n<p>\u2022 Watt: 1600-1850<br \/>\n\u2022 Bryggtank: 0,25 liter<br \/>\n\u2022 \u00c5ng- &amp; vattentank: 1,6 liter<\/p>\n<\/div>\n<\/div>","protected":false},"featured_media":60554,"template":"","meta":[],"product_brand":[],"product_cat":[112,40],"product_tag":[],"varumarke":[391],"produkttyp":[392],"smaker":[],"class_list":{"0":"post-60548","1":"product","2":"type-product","3":"status-publish","4":"has-post-thumbnail","6":"product_cat-espressomaskiner","7":"product_cat-tillbehor","8":"varumarke-la-marzocco","9":"produkttyp-espressomaskin","11":"first","12":"instock","13":"sale","14":"taxable","15":"shipping-taxable","16":"purchasable","17":"product-type-variable","18":"has-default-attributes"},"_links":{"self":[{"href":"https:\/\/www.gringonordic.se\/en\/wp-json\/wp\/v2\/product\/60548","targetHints":{"allow":["GET"]}}],"collection":[{"href":"https:\/\/www.gringonordic.se\/en\/wp-json\/wp\/v2\/product"}],"about":[{"href":"https:\/\/www.gringonordic.se\/en\/wp-json\/wp\/v2\/types\/product"}],"wp:featuredmedia":[{"embeddable":true,"href":"https:\/\/www.gringonordic.se\/en\/wp-json\/wp\/v2\/media\/60554"}],"wp:attachment":[{"href":"https:\/\/www.gringonordic.se\/en\/wp-json\/wp\/v2\/media?parent=60548"}],"wp:term":[{"taxonomy":"product_brand","embeddable":true,"href":"https:\/\/www.gringonordic.se\/en\/wp-json\/wp\/v2\/product_brand?post=60548"},{"taxonomy":"product_cat","embeddable":true,"href":"https:\/\/www.gringonordic.se\/en\/wp-json\/wp\/v2\/product_cat?post=60548"},{"taxonomy":"product_tag","embeddable":true,"href":"https:\/\/www.gringonordic.se\/en\/wp-json\/wp\/v2\/product_tag?post=60548"},{"taxonomy":"varumarke","embeddable":true,"href":"https:\/\/www.gringonordic.se\/en\/wp-json\/wp\/v2\/varumarke?post=60548"},{"taxonomy":"produkttyp","embeddable":true,"href":"https:\/\/www.gringonordic.se\/en\/wp-json\/wp\/v2\/produkttyp?post=60548"},{"taxonomy":"smaker","embeddable":true,"href":"https:\/\/www.gringonordic.se\/en\/wp-json\/wp\/v2\/smaker?post=60548"}],"curies":[{"name":"wp","href":"https:\/\/api.w.org\/{rel}","templated":true}]}}