{"id":5999,"date":"2022-05-09T08:51:45","date_gmt":"2022-05-09T08:51:45","guid":{"rendered":"https:\/\/www.gringonordic.se\/?post_type=product&#038;p=5999"},"modified":"2024-06-24T14:18:39","modified_gmt":"2024-06-24T12:18:39","slug":"bialetti-moka-venus-rostfri","status":"publish","type":"product","link":"https:\/\/www.gringonordic.se\/en\/product\/bialetti-moka-venus-rostfri\/","title":{"rendered":"Bialetti Moka Venus \u2013 Stainless"},"content":{"rendered":"","protected":false},"excerpt":{"rendered":"<p>Moka brewer, the classic way to make coffee in most Italian homes - moka coffee and hand-whipped milk heated in a saucepan, is the first breakfast in Italy. Bialetti Moka is the original.<\/p>\n<p>A Moka brewer is designed for a certain amount of coffee and we have it in 4 and 6 cups.<\/p>\n<p>Fyll bottendelen med vatten upp till ventilen p\u00e5 ena sidan och fyll kaffebeh\u00e5llaren upp till kanten med finmalet kaffe. J\u00e4mna till ytan utan att pressa ner pulvret f\u00f6r h\u00e5rt, annars kommer inte vattnet att rinna igenom ordentligt. Skruva ihop \u00f6verdelen med bottendelen s\u00e5 h\u00e5rt det g\u00e5r f\u00f6r att f\u00f6rhindra l\u00e4ckage. N\u00e4r kaffet \u00e4r klart h\u00f6r du det bubbla ett hest &#8220;ploff, ploff, ploff&#8221; av luft som pressas genom f\u00f6rbindelser\u00f6ret n\u00e4r allt vatten har g\u00e5tt igenom.<\/p>\n<p>Moka Express is made of stainless steel, and works on induction.<\/p>\n<p>4 cups: 170 ml brewed coffee<\/p>\n<p>6 cups: 235 ml brewed coffee<\/p>","protected":false},"featured_media":6003,"template":"","meta":[],"product_brand":[],"product_cat":[616,40],"product_tag":[],"varumarke":[376],"produkttyp":[176],"smaker":[],"class_list":{"0":"post-5999","1":"product","2":"type-product","3":"status-publish","4":"has-post-thumbnail","6":"product_cat-kaffebryggare-manuella","7":"product_cat-tillbehor","8":"varumarke-bialetti","9":"produkttyp-kaffekvarn-manuell","11":"first","12":"instock","13":"taxable","14":"shipping-taxable","15":"purchasable","16":"product-type-variable","17":"has-default-attributes"},"_links":{"self":[{"href":"https:\/\/www.gringonordic.se\/en\/wp-json\/wp\/v2\/product\/5999","targetHints":{"allow":["GET"]}}],"collection":[{"href":"https:\/\/www.gringonordic.se\/en\/wp-json\/wp\/v2\/product"}],"about":[{"href":"https:\/\/www.gringonordic.se\/en\/wp-json\/wp\/v2\/types\/product"}],"wp:featuredmedia":[{"embeddable":true,"href":"https:\/\/www.gringonordic.se\/en\/wp-json\/wp\/v2\/media\/6003"}],"wp:attachment":[{"href":"https:\/\/www.gringonordic.se\/en\/wp-json\/wp\/v2\/media?parent=5999"}],"wp:term":[{"taxonomy":"product_brand","embeddable":true,"href":"https:\/\/www.gringonordic.se\/en\/wp-json\/wp\/v2\/product_brand?post=5999"},{"taxonomy":"product_cat","embeddable":true,"href":"https:\/\/www.gringonordic.se\/en\/wp-json\/wp\/v2\/product_cat?post=5999"},{"taxonomy":"product_tag","embeddable":true,"href":"https:\/\/www.gringonordic.se\/en\/wp-json\/wp\/v2\/product_tag?post=5999"},{"taxonomy":"varumarke","embeddable":true,"href":"https:\/\/www.gringonordic.se\/en\/wp-json\/wp\/v2\/varumarke?post=5999"},{"taxonomy":"produkttyp","embeddable":true,"href":"https:\/\/www.gringonordic.se\/en\/wp-json\/wp\/v2\/produkttyp?post=5999"},{"taxonomy":"smaker","embeddable":true,"href":"https:\/\/www.gringonordic.se\/en\/wp-json\/wp\/v2\/smaker?post=5999"}],"curies":[{"name":"wp","href":"https:\/\/api.w.org\/{rel}","templated":true}]}}