{"id":5991,"date":"2022-05-09T07:51:34","date_gmt":"2022-05-09T07:51:34","guid":{"rendered":"https:\/\/www.gringonordic.se\/?post_type=product&#038;p=5991"},"modified":"2025-03-12T08:01:32","modified_gmt":"2025-03-12T07:01:32","slug":"vag-med-timer-coffee-time","status":"publish","type":"product","link":"https:\/\/www.gringonordic.se\/en\/product\/vag-med-timer-coffee-time\/","title":{"rendered":"Scale with timer \u2013 Coffee Time"},"content":{"rendered":"","protected":false},"excerpt":{"rendered":"<p>Prisv\u00e4rd precisionsv\u00e5g med v\u00e5gplatta samt skyddande gummih\u00f6lje &#8211; l\u00e4tt att plocka av och reng\u00f6ra.<\/p>\n<p>The scale also has a built-in timer - perfect for all types of coffee brewing, to get accuracy.<\/p>\n<p>We have used the scale in all our precision brewing since we started Gringo and can highly recommend it.<\/p>\n<p><strong>SPECIFICATIONS:<\/strong><\/p>\n<p>\u2013 Weighs with 0.1 g steps up to 3000g<br \/>\n\u2013 Built-in timer<br \/>\n\u2013 Nano-treated components so that it can withstand water splashes<br \/>\n\u2013 Fast and accurate measurement<br \/>\n\u2013 Easy-to-read display with green backlight<\/p>\n<p>\u2013 Easy to use<br \/>\n\u2013 Auto off<br \/>\n\u2013 Fast self-calibration<br \/>\n\u2013 Easy to use with 4 buttons<br \/>\n\u2013 Switch between grams, ml, ounces and pounds<br \/>\n\u2013 Fast tare function<\/p>\n<p>Depth: 19,5cm<\/p>\n<p>Width: 12,7cm<\/p>\n<p>Height: 2,6cm<\/p>","protected":false},"featured_media":5994,"template":"","meta":[],"product_brand":[],"product_cat":[40,524],"product_tag":[],"varumarke":[],"produkttyp":[525],"smaker":[],"class_list":{"0":"post-5991","1":"product","2":"type-product","3":"status-publish","4":"has-post-thumbnail","6":"product_cat-tillbehor","7":"product_cat-vagar","8":"produkttyp-vagar","10":"first","11":"instock","12":"taxable","13":"shipping-taxable","14":"purchasable","15":"product-type-simple"},"_links":{"self":[{"href":"https:\/\/www.gringonordic.se\/en\/wp-json\/wp\/v2\/product\/5991","targetHints":{"allow":["GET"]}}],"collection":[{"href":"https:\/\/www.gringonordic.se\/en\/wp-json\/wp\/v2\/product"}],"about":[{"href":"https:\/\/www.gringonordic.se\/en\/wp-json\/wp\/v2\/types\/product"}],"wp:featuredmedia":[{"embeddable":true,"href":"https:\/\/www.gringonordic.se\/en\/wp-json\/wp\/v2\/media\/5994"}],"wp:attachment":[{"href":"https:\/\/www.gringonordic.se\/en\/wp-json\/wp\/v2\/media?parent=5991"}],"wp:term":[{"taxonomy":"product_brand","embeddable":true,"href":"https:\/\/www.gringonordic.se\/en\/wp-json\/wp\/v2\/product_brand?post=5991"},{"taxonomy":"product_cat","embeddable":true,"href":"https:\/\/www.gringonordic.se\/en\/wp-json\/wp\/v2\/product_cat?post=5991"},{"taxonomy":"product_tag","embeddable":true,"href":"https:\/\/www.gringonordic.se\/en\/wp-json\/wp\/v2\/product_tag?post=5991"},{"taxonomy":"varumarke","embeddable":true,"href":"https:\/\/www.gringonordic.se\/en\/wp-json\/wp\/v2\/varumarke?post=5991"},{"taxonomy":"produkttyp","embeddable":true,"href":"https:\/\/www.gringonordic.se\/en\/wp-json\/wp\/v2\/produkttyp?post=5991"},{"taxonomy":"smaker","embeddable":true,"href":"https:\/\/www.gringonordic.se\/en\/wp-json\/wp\/v2\/smaker?post=5991"}],"curies":[{"name":"wp","href":"https:\/\/api.w.org\/{rel}","templated":true}]}}