{"id":56806,"date":"2025-12-01T10:06:56","date_gmt":"2025-12-01T09:06:56","guid":{"rendered":"https:\/\/www.gringonordic.se\/?post_type=product&#038;p=56806"},"modified":"2025-12-09T17:45:46","modified_gmt":"2025-12-09T16:45:46","slug":"pasforseglare-quick-seal","status":"publish","type":"product","link":"https:\/\/www.gringonordic.se\/en\/product\/pasforseglare-quick-seal\/","title":{"rendered":"Bag sealer \u2013 QUICK SEAL"},"content":{"rendered":"","protected":false},"excerpt":{"rendered":"<div id=\"bgLayers_comp-l1ex22jz1\" class=\"MW5IWV\" data-hook=\"bgLayers\">Snabbf\u00f6rsegling, den h\u00e4r mycket l\u00e4ttanv\u00e4nda manuella p\u00e5sf\u00f6rseglare ser till att dina plastp\u00e5sar f\u00f6rseglas snabbt och enkelt. Perfekt f\u00f6r k\u00f6k, butiker och industribruk, s\u00e4kerst\u00e4ller kaffet h\u00e5ller sig fr\u00e4scht och s\u00e4kert. Kompakt och effektiv, den kommer i en stilren design som passar perfekt i alla milj\u00f6er. Finns i tv\u00e5 f\u00f6rseglingsstorlekar.<\/div>","protected":false},"featured_media":56815,"template":"","meta":[],"product_brand":[],"product_cat":[738,113,40],"product_tag":[],"varumarke":[269],"produkttyp":[739],"smaker":[734],"class_list":{"0":"post-56806","1":"product","2":"type-product","3":"status-publish","4":"has-post-thumbnail","6":"product_cat-ovrigt","7":"product_cat-reservdelar","8":"product_cat-tillbehor","9":"varumarke-mahlkonig","10":"produkttyp-ovrigt","11":"smaker-200-mm-300-mm","13":"first","14":"instock","15":"taxable","16":"shipping-taxable","17":"purchasable","18":"product-type-variable","19":"has-default-attributes"},"_links":{"self":[{"href":"https:\/\/www.gringonordic.se\/en\/wp-json\/wp\/v2\/product\/56806","targetHints":{"allow":["GET"]}}],"collection":[{"href":"https:\/\/www.gringonordic.se\/en\/wp-json\/wp\/v2\/product"}],"about":[{"href":"https:\/\/www.gringonordic.se\/en\/wp-json\/wp\/v2\/types\/product"}],"wp:featuredmedia":[{"embeddable":true,"href":"https:\/\/www.gringonordic.se\/en\/wp-json\/wp\/v2\/media\/56815"}],"wp:attachment":[{"href":"https:\/\/www.gringonordic.se\/en\/wp-json\/wp\/v2\/media?parent=56806"}],"wp:term":[{"taxonomy":"product_brand","embeddable":true,"href":"https:\/\/www.gringonordic.se\/en\/wp-json\/wp\/v2\/product_brand?post=56806"},{"taxonomy":"product_cat","embeddable":true,"href":"https:\/\/www.gringonordic.se\/en\/wp-json\/wp\/v2\/product_cat?post=56806"},{"taxonomy":"product_tag","embeddable":true,"href":"https:\/\/www.gringonordic.se\/en\/wp-json\/wp\/v2\/product_tag?post=56806"},{"taxonomy":"varumarke","embeddable":true,"href":"https:\/\/www.gringonordic.se\/en\/wp-json\/wp\/v2\/varumarke?post=56806"},{"taxonomy":"produkttyp","embeddable":true,"href":"https:\/\/www.gringonordic.se\/en\/wp-json\/wp\/v2\/produkttyp?post=56806"},{"taxonomy":"smaker","embeddable":true,"href":"https:\/\/www.gringonordic.se\/en\/wp-json\/wp\/v2\/smaker?post=56806"}],"curies":[{"name":"wp","href":"https:\/\/api.w.org\/{rel}","templated":true}]}}