{"id":55958,"date":"2025-11-19T08:48:40","date_gmt":"2025-11-19T07:48:40","guid":{"rendered":"https:\/\/www.gringonordic.se\/?post_type=product&#038;p=55958"},"modified":"2025-11-27T14:45:29","modified_gmt":"2025-11-27T13:45:29","slug":"timemore-kaffekvarn-c3s-pro-med-vikbart-handtag","status":"publish","type":"product","link":"https:\/\/www.gringonordic.se\/en\/product\/timemore-kaffekvarn-c3s-pro-med-vikbart-handtag\/","title":{"rendered":"Timemore &#8211; Kaffekvarn C3S Pro med Vikbart handtag"},"content":{"rendered":"","protected":false},"excerpt":{"rendered":"<p class=\"p1\">Den om\u00e5ttligt popul\u00e4ra C-kvarnen fr\u00e5n Timemore \u00e4r en fantastiskt kvarn, en perfekt handkvarn f\u00f6r de personer som vill ha en bra och prisv\u00e4rd kvarn f\u00f6r den dagliga kafferitualen. M\u00f6nstret p\u00e5 utsidan av kvarnen g\u00f6r att den \u00e4r behaglig och bekv\u00e4m att h\u00e5lla i under malning.<\/p>\n<p class=\"p1\">N\u00e4r du ska hitta r\u00e4tt inst\u00e4llning \u00e4r det l\u00e4ttast att b\u00f6rja p\u00e5 nollpunkten, sen jobba dig upp\u00e5t med hj\u00e4lp av &#8220;klicken&#8221;, r\u00e4kna hur m\u00e5nga klick det blir tills du n\u00e5r r\u00e4tt grovhet f\u00f6r din malning.\u00a0En liten guide: 6-12 klick \u00e4r f\u00f6r fint malet, 13-24 klick \u00e4r f\u00f6r medium och \u00f6ver 24 klick \u00e4r grovt malet kaffe.<\/p>\n<p>Basen \u00e4r gjord av metal.<\/p>\n<p>Kapacitet: ca 25g b\u00f6nor<\/p>\n<p>Storlek: 14,7 x 5cm<\/p>\n<p>Vikt: 440g<\/p>\n<p>Maler ca 1g per sekund<\/p>\n<p>Malskivor gjorda i rostfritt st\u00e5l (38mm)<\/p>\n<p>Koniska malskivor<\/p>\n<p class=\"p1\">Quick facts<\/p>\n<ul class=\"ul1\">\n<li class=\"li1\">Capacity 25 g beans<\/li>\n<li class=\"li1\">Stainless steel<\/li>\n<li class=\"li1\">Konstruktion helt i metall<\/li>\n<li class=\"li1\">CNC steel burrs same as Slim and Chestnut G1<\/li>\n<li class=\"li1\">Double bearing central axis positioning-uniform grinding particles<\/li>\n<li class=\"li1\">Roughness adjustment function<\/li>\n<li class=\"li1\">Size 14.7cm x 5 cm - with handle 16cm<\/li>\n<li class=\"li1\">Weighs about 430g<\/li>\n<li class=\"li1\">Available in white or black<\/li>\n<\/ul>","protected":false},"featured_media":55959,"template":"","meta":[],"product_brand":[],"product_cat":[57,40],"product_tag":[],"varumarke":[261],"produkttyp":[176],"smaker":[],"class_list":{"0":"post-55958","1":"product","2":"type-product","3":"status-publish","4":"has-post-thumbnail","6":"product_cat-manuella","7":"product_cat-tillbehor","8":"varumarke-timemore","9":"produkttyp-kaffekvarn-manuell","11":"first","12":"instock","13":"taxable","14":"shipping-taxable","15":"purchasable","16":"product-type-simple"},"_links":{"self":[{"href":"https:\/\/www.gringonordic.se\/en\/wp-json\/wp\/v2\/product\/55958","targetHints":{"allow":["GET"]}}],"collection":[{"href":"https:\/\/www.gringonordic.se\/en\/wp-json\/wp\/v2\/product"}],"about":[{"href":"https:\/\/www.gringonordic.se\/en\/wp-json\/wp\/v2\/types\/product"}],"wp:featuredmedia":[{"embeddable":true,"href":"https:\/\/www.gringonordic.se\/en\/wp-json\/wp\/v2\/media\/55959"}],"wp:attachment":[{"href":"https:\/\/www.gringonordic.se\/en\/wp-json\/wp\/v2\/media?parent=55958"}],"wp:term":[{"taxonomy":"product_brand","embeddable":true,"href":"https:\/\/www.gringonordic.se\/en\/wp-json\/wp\/v2\/product_brand?post=55958"},{"taxonomy":"product_cat","embeddable":true,"href":"https:\/\/www.gringonordic.se\/en\/wp-json\/wp\/v2\/product_cat?post=55958"},{"taxonomy":"product_tag","embeddable":true,"href":"https:\/\/www.gringonordic.se\/en\/wp-json\/wp\/v2\/product_tag?post=55958"},{"taxonomy":"varumarke","embeddable":true,"href":"https:\/\/www.gringonordic.se\/en\/wp-json\/wp\/v2\/varumarke?post=55958"},{"taxonomy":"produkttyp","embeddable":true,"href":"https:\/\/www.gringonordic.se\/en\/wp-json\/wp\/v2\/produkttyp?post=55958"},{"taxonomy":"smaker","embeddable":true,"href":"https:\/\/www.gringonordic.se\/en\/wp-json\/wp\/v2\/smaker?post=55958"}],"curies":[{"name":"wp","href":"https:\/\/api.w.org\/{rel}","templated":true}]}}