{"id":55815,"date":"2025-11-12T14:44:42","date_gmt":"2025-11-12T13:44:42","guid":{"rendered":"https:\/\/www.gringonordic.se\/?post_type=product&#038;p=55815"},"modified":"2025-11-12T15:04:43","modified_gmt":"2025-11-12T14:04:43","slug":"bivouac-choklad-barre-splash","status":"publish","type":"product","link":"https:\/\/www.gringonordic.se\/en\/product\/bivouac-choklad-barre-splash\/","title":{"rendered":"Bivouac Chocolate \u2013 Splash"},"content":{"rendered":"","protected":false},"excerpt":{"rendered":"<h3 data-start=\"147\" data-end=\"161\"><strong data-start=\"151\" data-end=\"161\">SPLASH!<\/strong><\/h3>\n<p data-start=\"163\" data-end=\"298\">Biouvac's dark chocolate, 70%, meets a smooth pistachio praline flavoured with a hint of grated lemon zest \u2013 all rounded off with a pinch of fleur de sel.<\/p>\n<p data-start=\"300\" data-end=\"572\">Feel the waves against your skin, dive into the sparkling water, settle down on the warm sand after a dip, join a fishing trip beneath the surface or a peaceful paddleboard tour. This sunny and intense chocolate bar takes you back to your most beautiful moments by the water.<\/p>\n<p data-start=\"574\" data-end=\"653\">Pistachio, chocolate, lemon, salt \u2013 so many nuances to discover in every bite.<\/p>\n<p data-start=\"655\" data-end=\"745\">A chocolate bar for those who love to close their eyes and listen to the rhythm of the waves against the beach.<\/p>\n<p data-start=\"747\" data-end=\"781\"><em data-start=\"747\" data-end=\"781\">Please note: 48 grams of pure pleasure.<\/em><\/p>\n<p><strong>INGREDIENTS:<\/strong><\/p>\n<p>Only five ingredients: cocoa, pistachios, sugar, lemon and a pinch of fleur de sel!<\/p>\n<p>57% pistachio praline: pistachios, sugar from beet* (France), cocoa butter*.<\/p>\n<p>40 % m\u00f6rk choklad med 70 % kakao: kakaonibs*, socker fr\u00e5n beta* (Frankrike), kakaosm\u00f6r*.<\/p>\n<p>2% lemons*.<\/p>\n<p>Fleur de sel (Gu\u00e9rande).<\/p>\n<p>After a few weeks, a slight natural whitening may occur on this pistachio praline.<\/p>\n<p>This is due to its high pistachio content and low sugar content, as well as the absence of any additives and therefore preservatives.<\/p>\n<p>This whitening does not affect the taste or quality of this chocolate.<\/p>\n<p>This chocolate is vegan.<\/p>\n<p>*Ingredients from organic farming.<\/p>\n<p><strong>INFORMATION ABOUT THE COCOA USED BY BIVOUAC:<\/strong><\/p>\n<p data-start=\"274\" data-end=\"443\">The cocoa used by Bivouac comes from northern Colombia, in the C\u00e9sar region, where the indigenous Arhuaco people cultivate cocoa using traditional methods in the Sierra Nevada mountain range.<\/p>\n<p data-start=\"445\" data-end=\"771\">Traditional methods involve cultivation without pesticides or chemical additives. The cocoa is also certified organic. Since the cocoa tree is a forest tree, it is important to us that cultivation takes place within <strong data-start=\"676\" data-end=\"693\">agroforestry<\/strong>, which contributes to preserving biodiversity in agricultural areas.<\/p>\n<p data-start=\"773\" data-end=\"877\">Bivouac has chosen this cocoa not only for its sustainable origin, but also for its <strong data-start=\"855\" data-end=\"874\">exceptional taste<\/strong>.<\/p>\n<p data-start=\"879\" data-end=\"1085\">From the port of Santa Marta in Colombia, it is transported by sailing ship to Le Havre in France \u2013 under the label <strong data-start=\"995\" data-end=\"1022\">Fresh Cacao Clean Ocean<\/strong>, which guarantees an environmentally friendly and responsible mode of transport.<\/p>","protected":false},"featured_media":55817,"template":"","meta":[],"product_brand":[],"product_cat":[41,656],"product_tag":[],"varumarke":[713],"produkttyp":[714],"smaker":[715],"class_list":{"0":"post-55815","1":"product","2":"type-product","3":"status-publish","4":"has-post-thumbnail","6":"product_cat-drycker","7":"product_cat-choklad-kryddor","8":"varumarke-bivouac","9":"produkttyp-choklad","10":"smaker-mork-choklad-med-pistage","12":"first","13":"instock","14":"taxable","15":"shipping-taxable","16":"purchasable","17":"product-type-simple"},"_links":{"self":[{"href":"https:\/\/www.gringonordic.se\/en\/wp-json\/wp\/v2\/product\/55815","targetHints":{"allow":["GET"]}}],"collection":[{"href":"https:\/\/www.gringonordic.se\/en\/wp-json\/wp\/v2\/product"}],"about":[{"href":"https:\/\/www.gringonordic.se\/en\/wp-json\/wp\/v2\/types\/product"}],"wp:featuredmedia":[{"embeddable":true,"href":"https:\/\/www.gringonordic.se\/en\/wp-json\/wp\/v2\/media\/55817"}],"wp:attachment":[{"href":"https:\/\/www.gringonordic.se\/en\/wp-json\/wp\/v2\/media?parent=55815"}],"wp:term":[{"taxonomy":"product_brand","embeddable":true,"href":"https:\/\/www.gringonordic.se\/en\/wp-json\/wp\/v2\/product_brand?post=55815"},{"taxonomy":"product_cat","embeddable":true,"href":"https:\/\/www.gringonordic.se\/en\/wp-json\/wp\/v2\/product_cat?post=55815"},{"taxonomy":"product_tag","embeddable":true,"href":"https:\/\/www.gringonordic.se\/en\/wp-json\/wp\/v2\/product_tag?post=55815"},{"taxonomy":"varumarke","embeddable":true,"href":"https:\/\/www.gringonordic.se\/en\/wp-json\/wp\/v2\/varumarke?post=55815"},{"taxonomy":"produkttyp","embeddable":true,"href":"https:\/\/www.gringonordic.se\/en\/wp-json\/wp\/v2\/produkttyp?post=55815"},{"taxonomy":"smaker","embeddable":true,"href":"https:\/\/www.gringonordic.se\/en\/wp-json\/wp\/v2\/smaker?post=55815"}],"curies":[{"name":"wp","href":"https:\/\/api.w.org\/{rel}","templated":true}]}}