{"id":54937,"date":"2025-10-22T13:46:35","date_gmt":"2025-10-22T11:46:35","guid":{"rendered":"https:\/\/www.gringonordic.se\/?post_type=product&#038;p=54937"},"modified":"2025-10-22T13:58:08","modified_gmt":"2025-10-22T11:58:08","slug":"acme-cupping-spoon-polished","status":"publish","type":"product","link":"https:\/\/www.gringonordic.se\/en\/product\/acme-cupping-spoon-polished\/","title":{"rendered":"Acme Cupping Spoon Polished"},"content":{"rendered":"","protected":false},"excerpt":{"rendered":"<p>M\u00f6t den officiella koppningskeden f\u00f6r v\u00e4rldsm\u00e4sterskapet i kaffeprovning 2025.<\/p>\n<p>Den \u00e4r baserad p\u00e5 \u00f6ver 30 \u00e5rs erfarenhet av specialkaffe och \u00e4r elegant, l\u00e4tt och perfekt balanserad. Den borstade rostfria ytan ger den en diskret look, medan den djupa sk\u00e5len \u00e4r perfekt f\u00f6r att smutta p\u00e5 kaffet.<\/p>\n<p>Inga spill, inget kr\u00e5ngel, inga b\u00f6jda handtag och ingen otymplig storlek. Bara utm\u00e4rkt funktion och k\u00e4nsla, gjord f\u00f6r proffs och testad av v\u00e4rldens tuffaste kritiker.<\/p>","protected":false},"featured_media":54938,"template":"","meta":[],"product_brand":[],"product_cat":[40,54],"product_tag":[],"varumarke":[256],"produkttyp":[519],"smaker":[],"class_list":{"0":"post-54937","1":"product","2":"type-product","3":"status-publish","4":"has-post-thumbnail","6":"product_cat-tillbehor","7":"product_cat-baristatillbehor","8":"varumarke-acme","9":"produkttyp-te-tillbehor","11":"first","12":"instock","13":"taxable","14":"shipping-taxable","15":"purchasable","16":"product-type-simple"},"_links":{"self":[{"href":"https:\/\/www.gringonordic.se\/en\/wp-json\/wp\/v2\/product\/54937","targetHints":{"allow":["GET"]}}],"collection":[{"href":"https:\/\/www.gringonordic.se\/en\/wp-json\/wp\/v2\/product"}],"about":[{"href":"https:\/\/www.gringonordic.se\/en\/wp-json\/wp\/v2\/types\/product"}],"wp:featuredmedia":[{"embeddable":true,"href":"https:\/\/www.gringonordic.se\/en\/wp-json\/wp\/v2\/media\/54938"}],"wp:attachment":[{"href":"https:\/\/www.gringonordic.se\/en\/wp-json\/wp\/v2\/media?parent=54937"}],"wp:term":[{"taxonomy":"product_brand","embeddable":true,"href":"https:\/\/www.gringonordic.se\/en\/wp-json\/wp\/v2\/product_brand?post=54937"},{"taxonomy":"product_cat","embeddable":true,"href":"https:\/\/www.gringonordic.se\/en\/wp-json\/wp\/v2\/product_cat?post=54937"},{"taxonomy":"product_tag","embeddable":true,"href":"https:\/\/www.gringonordic.se\/en\/wp-json\/wp\/v2\/product_tag?post=54937"},{"taxonomy":"varumarke","embeddable":true,"href":"https:\/\/www.gringonordic.se\/en\/wp-json\/wp\/v2\/varumarke?post=54937"},{"taxonomy":"produkttyp","embeddable":true,"href":"https:\/\/www.gringonordic.se\/en\/wp-json\/wp\/v2\/produkttyp?post=54937"},{"taxonomy":"smaker","embeddable":true,"href":"https:\/\/www.gringonordic.se\/en\/wp-json\/wp\/v2\/smaker?post=54937"}],"curies":[{"name":"wp","href":"https:\/\/api.w.org\/{rel}","templated":true}]}}