{"id":54902,"date":"2025-10-21T14:39:53","date_gmt":"2025-10-21T12:39:53","guid":{"rendered":"https:\/\/www.gringonordic.se\/?post_type=product&#038;p=54902"},"modified":"2025-10-21T14:49:13","modified_gmt":"2025-10-21T12:49:13","slug":"subminimal-subscale-doseringskopp-med-vag-och-display","status":"publish","type":"product","link":"https:\/\/www.gringonordic.se\/en\/product\/subminimal-subscale-doseringskopp-med-vag-och-display\/","title":{"rendered":"Subminimal &#8211; Subscale Doseringskopp med v\u00e5g och display"},"content":{"rendered":"","protected":false},"excerpt":{"rendered":"<p data-start=\"108\" data-end=\"412\"><strong data-start=\"108\" data-end=\"131\">Subminimal Subscale<\/strong> \u00e4r en doseringskopp med inbyggd v\u00e5g \u2013 ett smart och stilrent verktyg f\u00f6r alla som vill ta sin kaffebryggning till n\u00e4sta niv\u00e5. Koppen rymmer upp till <strong data-start=\"281\" data-end=\"298\">60 gram kaffe<\/strong> eller <strong data-start=\"305\" data-end=\"330\">120 milliliter v\u00e4tska<\/strong>, och den tydliga displayen g\u00f6r det enkelt att l\u00e4sa av vikten med h\u00f6g precision.<\/p>\n<p data-start=\"414\" data-end=\"490\">Perfekt f\u00f6r dig som vill <strong data-start=\"439\" data-end=\"487\">finjustera och optimera din kaffeupps\u00e4ttning<\/strong>!<\/p>\n<h3>Specifikationer &#8211; Subminimal Subscale<\/h3>\n<ul>\n<li>V\u00e4ger upp till 60 g kaffe och 120 ml v\u00e4tska<\/li>\n<li>Precis m\u00e4tning f\u00f6r b\u00e4ttre bryggresultat<\/li>\n<li>Vattenavvisande &#8211; du kan brygga kaffe direkt i koppen. Dock ska den handdiskas och vatten f\u00e5r inte komma i kontakt med laddningsuttaget. T\u00e5l inte maskindisk!<\/li>\n<li>V\u00e4ger endast 122 g<\/li>\n<li>10,5 cm h\u00f6g &#8211; passar under de flesta espressomaskiner<\/li>\n<li>L\u00e4tt att reng\u00f6ra och anv\u00e4nda<\/li>\n<li>Kan v\u00e4ga b\u00e5de i gram och ounces<\/li>\n<\/ul>","protected":false},"featured_media":54903,"template":"","meta":[],"product_brand":[],"product_cat":[40,524],"product_tag":[],"varumarke":[],"produkttyp":[525],"smaker":[],"class_list":{"0":"post-54902","1":"product","2":"type-product","3":"status-publish","4":"has-post-thumbnail","6":"product_cat-tillbehor","7":"product_cat-vagar","8":"produkttyp-vagar","10":"first","11":"instock","12":"taxable","13":"shipping-taxable","14":"purchasable","15":"product-type-simple"},"_links":{"self":[{"href":"https:\/\/www.gringonordic.se\/en\/wp-json\/wp\/v2\/product\/54902","targetHints":{"allow":["GET"]}}],"collection":[{"href":"https:\/\/www.gringonordic.se\/en\/wp-json\/wp\/v2\/product"}],"about":[{"href":"https:\/\/www.gringonordic.se\/en\/wp-json\/wp\/v2\/types\/product"}],"wp:featuredmedia":[{"embeddable":true,"href":"https:\/\/www.gringonordic.se\/en\/wp-json\/wp\/v2\/media\/54903"}],"wp:attachment":[{"href":"https:\/\/www.gringonordic.se\/en\/wp-json\/wp\/v2\/media?parent=54902"}],"wp:term":[{"taxonomy":"product_brand","embeddable":true,"href":"https:\/\/www.gringonordic.se\/en\/wp-json\/wp\/v2\/product_brand?post=54902"},{"taxonomy":"product_cat","embeddable":true,"href":"https:\/\/www.gringonordic.se\/en\/wp-json\/wp\/v2\/product_cat?post=54902"},{"taxonomy":"product_tag","embeddable":true,"href":"https:\/\/www.gringonordic.se\/en\/wp-json\/wp\/v2\/product_tag?post=54902"},{"taxonomy":"varumarke","embeddable":true,"href":"https:\/\/www.gringonordic.se\/en\/wp-json\/wp\/v2\/varumarke?post=54902"},{"taxonomy":"produkttyp","embeddable":true,"href":"https:\/\/www.gringonordic.se\/en\/wp-json\/wp\/v2\/produkttyp?post=54902"},{"taxonomy":"smaker","embeddable":true,"href":"https:\/\/www.gringonordic.se\/en\/wp-json\/wp\/v2\/smaker?post=54902"}],"curies":[{"name":"wp","href":"https:\/\/api.w.org\/{rel}","templated":true}]}}