{"id":5290,"date":"2022-04-08T12:52:13","date_gmt":"2022-04-08T12:52:13","guid":{"rendered":"https:\/\/www.gringonordic.se\/?post_type=product&#038;p=5290"},"modified":"2026-04-23T21:56:14","modified_gmt":"2026-04-23T19:56:14","slug":"origami-dripper-trahallare","status":"publish","type":"product","link":"https:\/\/www.gringonordic.se\/en\/product\/origami-dripper-trahallare\/","title":{"rendered":"Origami Dripper Holder"},"content":{"rendered":"","protected":false},"excerpt":{"rendered":"<p>Origami Wood Dripper Holder-kragen \u00e4r specialdesignad f\u00f6r Origami-filterh\u00e5llare i storlek S och M. Kragen h\u00e5ller filterh\u00e5llaren stabilt p\u00e5 plats under kaffebryggningsprocessen.<\/p>\n<p>L\u00e4mplig f\u00f6r Origami S och M -filterh\u00e5llare.<\/p>\n<p>M\u00e5tt: \u03a6 120 \u00d7 H 15 mm, h\u00e5lets diameter 55 mm<\/p>","protected":false},"featured_media":62157,"template":"","meta":[],"product_brand":[],"product_cat":[40,616],"product_tag":[],"varumarke":[363],"produkttyp":[618],"smaker":[],"class_list":{"0":"post-5290","1":"product","2":"type-product","3":"status-publish","4":"has-post-thumbnail","6":"product_cat-tillbehor","7":"product_cat-kaffebryggare-manuella","8":"varumarke-origami","9":"produkttyp-kaffebryggare-manuella","11":"first","12":"instock","13":"taxable","14":"shipping-taxable","15":"purchasable","16":"product-type-simple"},"_links":{"self":[{"href":"https:\/\/www.gringonordic.se\/en\/wp-json\/wp\/v2\/product\/5290","targetHints":{"allow":["GET"]}}],"collection":[{"href":"https:\/\/www.gringonordic.se\/en\/wp-json\/wp\/v2\/product"}],"about":[{"href":"https:\/\/www.gringonordic.se\/en\/wp-json\/wp\/v2\/types\/product"}],"wp:featuredmedia":[{"embeddable":true,"href":"https:\/\/www.gringonordic.se\/en\/wp-json\/wp\/v2\/media\/62157"}],"wp:attachment":[{"href":"https:\/\/www.gringonordic.se\/en\/wp-json\/wp\/v2\/media?parent=5290"}],"wp:term":[{"taxonomy":"product_brand","embeddable":true,"href":"https:\/\/www.gringonordic.se\/en\/wp-json\/wp\/v2\/product_brand?post=5290"},{"taxonomy":"product_cat","embeddable":true,"href":"https:\/\/www.gringonordic.se\/en\/wp-json\/wp\/v2\/product_cat?post=5290"},{"taxonomy":"product_tag","embeddable":true,"href":"https:\/\/www.gringonordic.se\/en\/wp-json\/wp\/v2\/product_tag?post=5290"},{"taxonomy":"varumarke","embeddable":true,"href":"https:\/\/www.gringonordic.se\/en\/wp-json\/wp\/v2\/varumarke?post=5290"},{"taxonomy":"produkttyp","embeddable":true,"href":"https:\/\/www.gringonordic.se\/en\/wp-json\/wp\/v2\/produkttyp?post=5290"},{"taxonomy":"smaker","embeddable":true,"href":"https:\/\/www.gringonordic.se\/en\/wp-json\/wp\/v2\/smaker?post=5290"}],"curies":[{"name":"wp","href":"https:\/\/api.w.org\/{rel}","templated":true}]}}