{"id":5287,"date":"2022-04-08T12:45:27","date_gmt":"2022-04-08T12:45:27","guid":{"rendered":"https:\/\/www.gringonordic.se\/?post_type=product&#038;p=5287"},"modified":"2024-11-09T17:14:51","modified_gmt":"2024-11-09T16:14:51","slug":"chemex-filter-3-koppar-100-pack","status":"publish","type":"product","link":"https:\/\/www.gringonordic.se\/en\/product\/chemex-filter-3-koppar-100-pack\/","title":{"rendered":"Chemex Filter 3 koppar 100-pack"},"content":{"rendered":"","protected":false},"excerpt":{"rendered":"<p class=\"p1\">Filterpapper f\u00f6r Chemex-kaffebryggare. F\u00f6rpackningen inneh\u00e5ller 100 st fyrkantiga filterark som \u00e4r f\u00e4rdigt ihopvikta. Modellnummer FS-100. Kompatibel med 3-koppars Chemex-kaffebryggare.<\/p>","protected":false},"featured_media":5288,"template":"","meta":[],"product_brand":[],"product_cat":[114,40],"product_tag":[],"varumarke":[266],"produkttyp":[238],"smaker":[156],"class_list":{"0":"post-5287","1":"product","2":"type-product","3":"status-publish","4":"has-post-thumbnail","6":"product_cat-kaffefilter","7":"product_cat-tillbehor","8":"varumarke-chemex","9":"produkttyp-kaffefilter","10":"smaker-3-koppar","12":"first","13":"instock","14":"taxable","15":"shipping-taxable","16":"purchasable","17":"product-type-simple"},"_links":{"self":[{"href":"https:\/\/www.gringonordic.se\/en\/wp-json\/wp\/v2\/product\/5287","targetHints":{"allow":["GET"]}}],"collection":[{"href":"https:\/\/www.gringonordic.se\/en\/wp-json\/wp\/v2\/product"}],"about":[{"href":"https:\/\/www.gringonordic.se\/en\/wp-json\/wp\/v2\/types\/product"}],"wp:featuredmedia":[{"embeddable":true,"href":"https:\/\/www.gringonordic.se\/en\/wp-json\/wp\/v2\/media\/5288"}],"wp:attachment":[{"href":"https:\/\/www.gringonordic.se\/en\/wp-json\/wp\/v2\/media?parent=5287"}],"wp:term":[{"taxonomy":"product_brand","embeddable":true,"href":"https:\/\/www.gringonordic.se\/en\/wp-json\/wp\/v2\/product_brand?post=5287"},{"taxonomy":"product_cat","embeddable":true,"href":"https:\/\/www.gringonordic.se\/en\/wp-json\/wp\/v2\/product_cat?post=5287"},{"taxonomy":"product_tag","embeddable":true,"href":"https:\/\/www.gringonordic.se\/en\/wp-json\/wp\/v2\/product_tag?post=5287"},{"taxonomy":"varumarke","embeddable":true,"href":"https:\/\/www.gringonordic.se\/en\/wp-json\/wp\/v2\/varumarke?post=5287"},{"taxonomy":"produkttyp","embeddable":true,"href":"https:\/\/www.gringonordic.se\/en\/wp-json\/wp\/v2\/produkttyp?post=5287"},{"taxonomy":"smaker","embeddable":true,"href":"https:\/\/www.gringonordic.se\/en\/wp-json\/wp\/v2\/smaker?post=5287"}],"curies":[{"name":"wp","href":"https:\/\/api.w.org\/{rel}","templated":true}]}}