{"id":51532,"date":"2025-07-06T19:38:13","date_gmt":"2025-07-06T17:38:13","guid":{"rendered":"https:\/\/www.gringonordic.se\/?post_type=product&#038;p=51532"},"modified":"2025-10-30T10:17:02","modified_gmt":"2025-10-30T09:17:02","slug":"matchavisp-hallare","status":"publish","type":"product","link":"https:\/\/www.gringonordic.se\/en\/product\/matchavisp-hallare\/","title":{"rendered":"Kisori Matchavisp + H\u00e5llare"},"content":{"rendered":"","protected":false},"excerpt":{"rendered":"<p data-start=\"125\" data-end=\"323\"><strong data-start=\"125\" data-end=\"178\">Ta din matcha-upplevelse till en ceremoniell niv\u00e5<\/strong><br data-start=\"178\" data-end=\"181\" \/>Upplev den \u00e4kta traditionen med detta exklusiva bryggkit, noggrant utformat f\u00f6r att bevara hantverket och framh\u00e4va matchans autentiska smak.<\/p>\n<p data-start=\"325\" data-end=\"348\"><strong data-start=\"325\" data-end=\"346\">Kitet inneh\u00e5ller:<\/strong><\/p>\n<ul data-start=\"349\" data-end=\"554\">\n<li data-start=\"349\" data-end=\"437\">\n<p data-start=\"351\" data-end=\"437\"><strong data-start=\"351\" data-end=\"366\">Chasen-visp<\/strong> \u2013 handgjord i bambu f\u00f6r att skapa en perfekt, kr\u00e4mig skumkonsistens.<\/p>\n<\/li>\n<li data-start=\"438\" data-end=\"554\">\n<p data-start=\"440\" data-end=\"554\"><strong data-start=\"440\" data-end=\"454\">Kusenaoshi<\/strong> \u2013 ett traditionellt st\u00e4ll som hj\u00e4lper till att bevara chasenens form och f\u00f6rl\u00e4nga dess livsl\u00e4ngd.<\/p>\n<\/li>\n<\/ul>\n<p data-start=\"556\" data-end=\"685\">Brygg ditt <strong data-start=\"567\" data-end=\"603\">Kisori Premium Ceremonial Matcha<\/strong> och uppt\u00e4ck den harmoniska balansen mellan tradition, kvalitet och v\u00e4lbefinnande.<\/p>","protected":false},"featured_media":55189,"template":"","meta":[],"product_brand":[],"product_cat":[40,655,518],"product_tag":[],"varumarke":[707],"produkttyp":[519],"smaker":[],"class_list":{"0":"post-51532","1":"product","2":"type-product","3":"status-publish","4":"has-post-thumbnail","6":"product_cat-tillbehor","7":"product_cat-matcha","8":"product_cat-tebryggning","9":"varumarke-kisori","10":"produkttyp-te-tillbehor","12":"first","13":"instock","14":"taxable","15":"shipping-taxable","16":"purchasable","17":"product-type-simple"},"_links":{"self":[{"href":"https:\/\/www.gringonordic.se\/en\/wp-json\/wp\/v2\/product\/51532","targetHints":{"allow":["GET"]}}],"collection":[{"href":"https:\/\/www.gringonordic.se\/en\/wp-json\/wp\/v2\/product"}],"about":[{"href":"https:\/\/www.gringonordic.se\/en\/wp-json\/wp\/v2\/types\/product"}],"wp:featuredmedia":[{"embeddable":true,"href":"https:\/\/www.gringonordic.se\/en\/wp-json\/wp\/v2\/media\/55189"}],"wp:attachment":[{"href":"https:\/\/www.gringonordic.se\/en\/wp-json\/wp\/v2\/media?parent=51532"}],"wp:term":[{"taxonomy":"product_brand","embeddable":true,"href":"https:\/\/www.gringonordic.se\/en\/wp-json\/wp\/v2\/product_brand?post=51532"},{"taxonomy":"product_cat","embeddable":true,"href":"https:\/\/www.gringonordic.se\/en\/wp-json\/wp\/v2\/product_cat?post=51532"},{"taxonomy":"product_tag","embeddable":true,"href":"https:\/\/www.gringonordic.se\/en\/wp-json\/wp\/v2\/product_tag?post=51532"},{"taxonomy":"varumarke","embeddable":true,"href":"https:\/\/www.gringonordic.se\/en\/wp-json\/wp\/v2\/varumarke?post=51532"},{"taxonomy":"produkttyp","embeddable":true,"href":"https:\/\/www.gringonordic.se\/en\/wp-json\/wp\/v2\/produkttyp?post=51532"},{"taxonomy":"smaker","embeddable":true,"href":"https:\/\/www.gringonordic.se\/en\/wp-json\/wp\/v2\/smaker?post=51532"}],"curies":[{"name":"wp","href":"https:\/\/api.w.org\/{rel}","templated":true}]}}