{"id":5034,"date":"2022-03-15T14:08:00","date_gmt":"2022-03-15T14:08:00","guid":{"rendered":"https:\/\/www.gringonordic.se\/?post_type=product&#038;p=5034"},"modified":"2025-10-23T15:39:18","modified_gmt":"2025-10-23T13:39:18","slug":"honeybush-rooibos","status":"publish","type":"product","link":"https:\/\/www.gringonordic.se\/en\/product\/honeybush-rooibos\/","title":{"rendered":"Teapigs Honeybush &#038; Rooibos"},"content":{"rendered":"<p>&nbsp;<\/p>\n<p>&nbsp;<\/p>","protected":false},"excerpt":{"rendered":"<p>Teapigs har p\u00e5 detta te blandat traditionell Sydafrikansk honeybush med rooibos (afrikaans f\u00f6r &#8220;r\u00f6d buske&#8221;), tv\u00e5 buskar som kompletterar varandra perfekt. De v\u00e4xer i bergsregionen Cederberg i Sydafrika och sk\u00f6rdas och tillagas p\u00e5 ungef\u00e4r samma s\u00e4tt som vanligt te, utan risk att det blir bittert ifall man drar det l\u00e4nge.<\/p>\n<p><strong>INGREDIENTS:<\/strong><br \/>\nHoneybush<br \/>\nRed rooibos.<\/p>","protected":false},"featured_media":655,"template":"","meta":[],"product_brand":[],"product_cat":[37,43],"product_tag":[],"varumarke":[341],"produkttyp":[215],"smaker":[342],"class_list":{"0":"post-5034","1":"product","2":"type-product","3":"status-publish","4":"has-post-thumbnail","6":"product_cat-te","7":"product_cat-pasar","8":"varumarke-teapigs","9":"produkttyp-teapigs-tepasar","10":"smaker-15-alt-50-tepasar","12":"first","13":"instock","14":"taxable","15":"shipping-taxable","16":"purchasable","17":"product-type-variable","18":"has-default-attributes"},"_links":{"self":[{"href":"https:\/\/www.gringonordic.se\/en\/wp-json\/wp\/v2\/product\/5034","targetHints":{"allow":["GET"]}}],"collection":[{"href":"https:\/\/www.gringonordic.se\/en\/wp-json\/wp\/v2\/product"}],"about":[{"href":"https:\/\/www.gringonordic.se\/en\/wp-json\/wp\/v2\/types\/product"}],"wp:featuredmedia":[{"embeddable":true,"href":"https:\/\/www.gringonordic.se\/en\/wp-json\/wp\/v2\/media\/655"}],"wp:attachment":[{"href":"https:\/\/www.gringonordic.se\/en\/wp-json\/wp\/v2\/media?parent=5034"}],"wp:term":[{"taxonomy":"product_brand","embeddable":true,"href":"https:\/\/www.gringonordic.se\/en\/wp-json\/wp\/v2\/product_brand?post=5034"},{"taxonomy":"product_cat","embeddable":true,"href":"https:\/\/www.gringonordic.se\/en\/wp-json\/wp\/v2\/product_cat?post=5034"},{"taxonomy":"product_tag","embeddable":true,"href":"https:\/\/www.gringonordic.se\/en\/wp-json\/wp\/v2\/product_tag?post=5034"},{"taxonomy":"varumarke","embeddable":true,"href":"https:\/\/www.gringonordic.se\/en\/wp-json\/wp\/v2\/varumarke?post=5034"},{"taxonomy":"produkttyp","embeddable":true,"href":"https:\/\/www.gringonordic.se\/en\/wp-json\/wp\/v2\/produkttyp?post=5034"},{"taxonomy":"smaker","embeddable":true,"href":"https:\/\/www.gringonordic.se\/en\/wp-json\/wp\/v2\/smaker?post=5034"}],"curies":[{"name":"wp","href":"https:\/\/api.w.org\/{rel}","templated":true}]}}