{"id":5024,"date":"2022-03-15T13:20:08","date_gmt":"2022-03-15T13:20:08","guid":{"rendered":"https:\/\/www.gringonordic.se\/?post_type=product&#038;p=5024"},"modified":"2026-02-23T15:04:59","modified_gmt":"2026-02-23T14:04:59","slug":"earl-grey-strong","status":"publish","type":"product","link":"https:\/\/www.gringonordic.se\/en\/product\/earl-grey-strong\/","title":{"rendered":"Teapigs Earl Grey Strong"},"content":{"rendered":"","protected":false},"excerpt":{"rendered":"<h2>Om du vill ha riktigt mycket smak i din Earl Grey, d\u00e5 \u00e4r detta teet f\u00f6r dig.<\/h2>\n<p>I basen \u00e4r det en blandning av Assam och Rwanda med de mildare Ceylon och Darjeeling f\u00f6r att ge en balanserad men \u00e4nd\u00e5 kraftfull bas. Ihop med \u00e4kta olja fr\u00e5n Bergamott-frukten, s\u00e5 blir detta en fin kombination.<\/p>\n<h3>Earl Grey Ingredienser:<\/h3>\n<p>Black tea<br \/>\nCornflower<br \/>\nNatural bergamot oil<br \/>\nLime<br \/>\nOther natural aromas.<\/p>","protected":false},"featured_media":653,"template":"","meta":[],"product_brand":[],"product_cat":[37,43],"product_tag":[],"varumarke":[],"produkttyp":[215],"smaker":[342],"class_list":{"0":"post-5024","1":"product","2":"type-product","3":"status-publish","4":"has-post-thumbnail","6":"product_cat-te","7":"product_cat-pasar","8":"produkttyp-teapigs-tepasar","9":"smaker-15-alt-50-tepasar","11":"first","12":"instock","13":"taxable","14":"shipping-taxable","15":"purchasable","16":"product-type-variable","17":"has-default-attributes"},"_links":{"self":[{"href":"https:\/\/www.gringonordic.se\/en\/wp-json\/wp\/v2\/product\/5024","targetHints":{"allow":["GET"]}}],"collection":[{"href":"https:\/\/www.gringonordic.se\/en\/wp-json\/wp\/v2\/product"}],"about":[{"href":"https:\/\/www.gringonordic.se\/en\/wp-json\/wp\/v2\/types\/product"}],"wp:featuredmedia":[{"embeddable":true,"href":"https:\/\/www.gringonordic.se\/en\/wp-json\/wp\/v2\/media\/653"}],"wp:attachment":[{"href":"https:\/\/www.gringonordic.se\/en\/wp-json\/wp\/v2\/media?parent=5024"}],"wp:term":[{"taxonomy":"product_brand","embeddable":true,"href":"https:\/\/www.gringonordic.se\/en\/wp-json\/wp\/v2\/product_brand?post=5024"},{"taxonomy":"product_cat","embeddable":true,"href":"https:\/\/www.gringonordic.se\/en\/wp-json\/wp\/v2\/product_cat?post=5024"},{"taxonomy":"product_tag","embeddable":true,"href":"https:\/\/www.gringonordic.se\/en\/wp-json\/wp\/v2\/product_tag?post=5024"},{"taxonomy":"varumarke","embeddable":true,"href":"https:\/\/www.gringonordic.se\/en\/wp-json\/wp\/v2\/varumarke?post=5024"},{"taxonomy":"produkttyp","embeddable":true,"href":"https:\/\/www.gringonordic.se\/en\/wp-json\/wp\/v2\/produkttyp?post=5024"},{"taxonomy":"smaker","embeddable":true,"href":"https:\/\/www.gringonordic.se\/en\/wp-json\/wp\/v2\/smaker?post=5024"}],"curies":[{"name":"wp","href":"https:\/\/api.w.org\/{rel}","templated":true}]}}