{"id":4893,"date":"2022-03-09T13:08:44","date_gmt":"2022-03-09T13:08:44","guid":{"rendered":"https:\/\/www.gringonordic.se\/?post_type=product&#038;p=4893"},"modified":"2026-04-01T10:51:52","modified_gmt":"2026-04-01T08:51:52","slug":"peru-nueva-florida","status":"publish","type":"product","link":"https:\/\/www.gringonordic.se\/en\/product\/peru-nueva-florida\/","title":{"rendered":"Peru Nueva Florida"},"content":{"rendered":"","protected":false},"excerpt":{"rendered":"<p>Nya sk\u00f6rden fr\u00e5n v\u00e5ra peruanska v\u00e4nner i Nueva Florida \u00e4r \u00e4ntligen h\u00e4r! Detta \u00e4r sj\u00e4tte \u00e5ret som vi kan erbjuda det ekologiska kaffet fr\u00e5n familjen Ccoillar som f\u00f6r 25 \u00e5r sedan sadlade om fr\u00e5n att odla potatis till kaffeodling, de hade tr\u00f6ttnat p\u00e5 torka, d\u00e5liga sk\u00f6rdar och bankl\u00e5n som aldrig kunde betalas tillbaka. Den \u00e4ldsta sonen Florentino best\u00e4mde sig f\u00f6r att l\u00e4mna sin uppv\u00e4xtg\u00e5rd i Anderna och hittade till sist en bit h\u00f6glandsjungel som var till salu i distriktet Rio Negro. Han planterade sina f\u00f6rsta kaffetr\u00e4d och kallade den framv\u00e4xande g\u00e5rden f\u00f6r Nueva Florida. Successivt s\u00e5 har resten av familjen flyttat med.<\/p>\n<p>Almost 20 years later, they are farming together, and through their joint efforts, they have succeeded in producing a truly fine organic coffee. We at Gringo are delighted to be able to purchase their harvest and are extremely pleased with our long-standing relationship with these hard-working producers. In 2024, they also visited us at the roastery, and we had two amazing days with Saturnina and Florentino.<\/p>\n<ul>\n<li class=\"p1\"><strong>PRODUCERS <\/strong>\u00a0<i>Amadeo Ramos Ccoillar and Elisa Paraguay Quispe, Florentino Ramos Ccoillar, <\/i><i>Rafael Paraguay Quispe, Ever Camasca, Albina Leandres, Saturnina Ledesma, <\/i><i>Marcelino Limache<\/i><\/li>\n<\/ul>\n<p><strong>BACKGROUND<\/strong><\/p>\n<p data-start=\"94\" data-end=\"377\">The Ramos Ccoillar family members, the founders of the Nueva Florida community, originally come from theHuancavelica region in the Andes of Peru. Back in the days, the family used farm potatoes. But droughts, poor harvests in the region, and high debts with the agricultural bank resulted in serious financial stress.<\/p>\n<p data-start=\"384\" data-end=\"803\">The oldest son Florentino decided to leave the region and look for opportunities somewhere else in Peru. He found a piece of highland jungle that was for sale and called it <em data-start=\"585\" data-end=\"603\">La Nueva Florida<\/em> \u2013 \u2018The new blossoming\u2019. There he planted his first coffee plants. Thanks to his experience as a day labourer on other farms, he had a clear vision of how he wanted to build up his own plantation.<\/p>\n<p data-start=\"810\" data-end=\"1256\">This happened just over twenty years ago, and over time more and more family members have followed suit and settled in the area. One of them is his younger brother Amadeo, who came with his girlfriend Elisa. The farms are still surrounded by a beautiful, mountainous and lush landscape, rich in shady trees and fruit trees. Today, La Nueva Florida has developed into a small community, where all the inhabitants originate from Huancavelica.<\/p>\n<p>Organically Certified (SE-EKO-04)<\/p>","protected":false},"featured_media":40766,"template":"","meta":[],"product_brand":[],"product_cat":[39,46],"product_tag":[92],"varumarke":[],"produkttyp":[],"smaker":[584,315,329],"class_list":{"0":"post-4893","1":"product","2":"type-product","3":"status-publish","4":"has-post-thumbnail","6":"product_cat-kaffe","7":"product_cat-single-origin","8":"product_tag-mjukt-runt","9":"smaker-blodapelsin","10":"smaker-mjolkchoklad","11":"smaker-persika","13":"first","14":"instock","15":"taxable","16":"shipping-taxable","17":"purchasable","18":"product-type-variable","19":"has-default-attributes"},"_links":{"self":[{"href":"https:\/\/www.gringonordic.se\/en\/wp-json\/wp\/v2\/product\/4893","targetHints":{"allow":["GET"]}}],"collection":[{"href":"https:\/\/www.gringonordic.se\/en\/wp-json\/wp\/v2\/product"}],"about":[{"href":"https:\/\/www.gringonordic.se\/en\/wp-json\/wp\/v2\/types\/product"}],"wp:featuredmedia":[{"embeddable":true,"href":"https:\/\/www.gringonordic.se\/en\/wp-json\/wp\/v2\/media\/40766"}],"wp:attachment":[{"href":"https:\/\/www.gringonordic.se\/en\/wp-json\/wp\/v2\/media?parent=4893"}],"wp:term":[{"taxonomy":"product_brand","embeddable":true,"href":"https:\/\/www.gringonordic.se\/en\/wp-json\/wp\/v2\/product_brand?post=4893"},{"taxonomy":"product_cat","embeddable":true,"href":"https:\/\/www.gringonordic.se\/en\/wp-json\/wp\/v2\/product_cat?post=4893"},{"taxonomy":"product_tag","embeddable":true,"href":"https:\/\/www.gringonordic.se\/en\/wp-json\/wp\/v2\/product_tag?post=4893"},{"taxonomy":"varumarke","embeddable":true,"href":"https:\/\/www.gringonordic.se\/en\/wp-json\/wp\/v2\/varumarke?post=4893"},{"taxonomy":"produkttyp","embeddable":true,"href":"https:\/\/www.gringonordic.se\/en\/wp-json\/wp\/v2\/produkttyp?post=4893"},{"taxonomy":"smaker","embeddable":true,"href":"https:\/\/www.gringonordic.se\/en\/wp-json\/wp\/v2\/smaker?post=4893"}],"curies":[{"name":"wp","href":"https:\/\/api.w.org\/{rel}","templated":true}]}}