{"id":48180,"date":"2025-03-30T19:24:50","date_gmt":"2025-03-30T17:24:50","guid":{"rendered":"https:\/\/www.gringonordic.se\/?post_type=product&#038;p=48180"},"modified":"2025-03-31T09:42:21","modified_gmt":"2025-03-31T07:42:21","slug":"kisori-ceremonial-vanilla-matcha","status":"publish","type":"product","link":"https:\/\/www.gringonordic.se\/en\/product\/kisori-ceremonial-vanilla-matcha\/","title":{"rendered":"Kisori Ceremonial Vanilla Matcha"},"content":{"rendered":"<p>&nbsp;<\/p>\n<p>&nbsp;<\/p>","protected":false},"excerpt":{"rendered":"<p><strong>KISORI Ceremonial Vanilla Matcha<\/strong> is a ceremonial quality matcha where the ground tea leaves are mixed with vanilla powder.<\/p>\n<p>Ceremoniellt matcha-te g\u00f6rs av de yngsta och \u00f6mmaste bladen av teplantan, vilket ger den en mjukare, mindre bitter smak. Bladen skuggas omsorgsfullt f\u00f6re sk\u00f6rd, vilket f\u00f6rst\u00e4rker deras unika smak och livfulla gr\u00f6na f\u00e4rg. Ceremoniellt matcha-te mals mer noggrant, vanligtvis med traditionella stenkvarnar, vilket resulterar i ett finare, sl\u00e4tare pulver.<\/p>\n<p>Matcha tea has its roots in China, where its use began over a thousand years ago. It was introduced to Japan in the 12th century by Buddhist monks, who adopted it and perfected its cultivation and preparation. The word \u2018matcha\u2019 means \u2018powdered tea\u2019 and is made from shade-grown green tea leaves, hand-picked and finely ground into a light green powder.<\/p>\n<p>The manufacturing process for matcha tea is meticulous and time-consuming. Tea plants are covered to protect them from direct sunlight, which increases the production of chlorophyll and amino acids in the leaves. After harvesting, the leaves are steamed, dried and ground in stone mills to create fine matcha powder.<\/p>\n<p>Whether you want to enjoy your Matcha on its own or mixed with milk, KISORI gives you a wonderfully fresh and vibrant taste. Ceremonial matcha tea is meant to be enjoyed pure, prepared simply with hot water, and is traditionally used in tea ceremonies. However, everyday matcha is more versatile and can be used in lattes, smoothies, desserts and other recipes. It's also one of the healthiest drinks you can have, packed with antioxidants.<\/p>\n<p>The color often reveals the quality of the tea; high quality matcha tea will have a bright green color and a fresh aroma. A dull or yellowish matcha indicates lower quality.<\/p>\n<p><strong>INGREDIENTS:<\/strong><\/p>\n<p>100% green tea powder (camellia sinensis)<\/p>\n<p><strong>HOW TO EASILY BREW YOUR MATCHA:<\/strong><\/p>\n<ul>\n<li class=\"p1\">HOT: Whisk the matcha (about 2 grams) first with a splash of cold water to a smooth paste.<\/li>\n<li>COLD: For the easiest way to get all of Matchan's antioxidants, especially catechins, which help fight free radicals in the body, mix Matchan with cold water, place in the fridge and enjoy as a cold drink. The powder will sink to the bottom, but just shake before each pour, and the powder will mix with the water.<\/li>\n<\/ul>","protected":false},"featured_media":48188,"template":"","meta":[],"product_brand":[],"product_cat":[37,655],"product_tag":[],"varumarke":[],"produkttyp":[144],"smaker":[641],"class_list":{"0":"post-48180","1":"product","2":"type-product","3":"status-publish","4":"has-post-thumbnail","6":"product_cat-te","7":"product_cat-matcha","8":"produkttyp-te-losvikt","9":"smaker-30-80-gram","11":"first","12":"instock","13":"taxable","14":"shipping-taxable","15":"purchasable","16":"product-type-variable","17":"has-default-attributes"},"_links":{"self":[{"href":"https:\/\/www.gringonordic.se\/en\/wp-json\/wp\/v2\/product\/48180","targetHints":{"allow":["GET"]}}],"collection":[{"href":"https:\/\/www.gringonordic.se\/en\/wp-json\/wp\/v2\/product"}],"about":[{"href":"https:\/\/www.gringonordic.se\/en\/wp-json\/wp\/v2\/types\/product"}],"wp:featuredmedia":[{"embeddable":true,"href":"https:\/\/www.gringonordic.se\/en\/wp-json\/wp\/v2\/media\/48188"}],"wp:attachment":[{"href":"https:\/\/www.gringonordic.se\/en\/wp-json\/wp\/v2\/media?parent=48180"}],"wp:term":[{"taxonomy":"product_brand","embeddable":true,"href":"https:\/\/www.gringonordic.se\/en\/wp-json\/wp\/v2\/product_brand?post=48180"},{"taxonomy":"product_cat","embeddable":true,"href":"https:\/\/www.gringonordic.se\/en\/wp-json\/wp\/v2\/product_cat?post=48180"},{"taxonomy":"product_tag","embeddable":true,"href":"https:\/\/www.gringonordic.se\/en\/wp-json\/wp\/v2\/product_tag?post=48180"},{"taxonomy":"varumarke","embeddable":true,"href":"https:\/\/www.gringonordic.se\/en\/wp-json\/wp\/v2\/varumarke?post=48180"},{"taxonomy":"produkttyp","embeddable":true,"href":"https:\/\/www.gringonordic.se\/en\/wp-json\/wp\/v2\/produkttyp?post=48180"},{"taxonomy":"smaker","embeddable":true,"href":"https:\/\/www.gringonordic.se\/en\/wp-json\/wp\/v2\/smaker?post=48180"}],"curies":[{"name":"wp","href":"https:\/\/api.w.org\/{rel}","templated":true}]}}