{"id":48005,"date":"2025-03-24T15:32:19","date_gmt":"2025-03-24T14:32:19","guid":{"rendered":"https:\/\/www.gringonordic.se\/?post_type=product&#038;p=48005"},"modified":"2025-03-24T15:52:21","modified_gmt":"2025-03-24T14:52:21","slug":"hario-v60-range-server","status":"publish","type":"product","link":"https:\/\/www.gringonordic.se\/en\/product\/hario-v60-range-server\/","title":{"rendered":"Hario V60 Range Server"},"content":{"rendered":"","protected":false},"excerpt":{"rendered":"<div id=\"shopify-section-template--15582653481196__main\" class=\"shopify-section neighbor--white\">\n<div class=\"product-section palette--light bg--neutral\" data-product-handle=\"hario-range-server\" data-section-id=\"template--15582653481196__main\" data-section-type=\"product\" data-enable-video-looping=\"true\" data-thumbs-align=\"left\" data-enable-history-state=\"true\">\n<div class=\"product-page\">\n<div class=\"wrapper product__align-left\">\n<div class=\"grid product-single\">\n<div class=\"grid__item medium-up--five-eighths\">\n<div class=\"product-description rte rte--column\">\n<p><strong>Hario Range Server har blivit n\u00e5got av en standard n\u00e4r det g\u00e4ller att servera handbryggt kaffe p\u00e5 ett snyggt s\u00e4tt.<\/strong><\/p>\n<p>Hario har \u00e4gnat sig \u00e5t konstruktion och tillverkning av v\u00e4rmet\u00e5ligt glas sedan 1921, och \u00e4r den enda tillverkaren av v\u00e4rmet\u00e5ligt glas i Japan med egen fabrik. Till en b\u00f6rjan tillverkade man bara glasprodukter f\u00f6r tekniska laboratorier och medicinsk anv\u00e4ndning. Efter andra v\u00e4rldskriget p\u00e5b\u00f6rjade man genom siphonen sin hush\u00e5llsproduktion, och det har idag expanderat till ett brett, sp\u00e4nnande och h\u00f6gkvalitativt sortiment av tillbeh\u00f6r f\u00f6r b\u00e5de kaffe och te.<\/p>\n<p><em>Kannan passar perfekt tillsammans med Hario V60 och vi s\u00e4ljer den i tv\u00e5 storlekar.<\/em><\/p>\n<\/div>\n<\/div>\n<\/div>\n<\/div>\n<\/div>\n<\/div>\n<\/div>\n<div id=\"shopify-section-template--15582653481196__related\" class=\"shopify-section neighbor--white\">\n<div class=\"section-related js palette--light bg--neutral\" data-section-id=\"template--15582653481196__related\" data-section-type=\"related\">\n<div class=\"wrapper\">\n<div class=\"collection-tabs\">\n<h2 class=\"home__subtitle\">Annat som kan passa<\/h2>\n<\/div>\n<\/div>\n<\/div>\n<\/div>","protected":false},"featured_media":48008,"template":"","meta":[],"product_brand":[],"product_cat":[616,40],"product_tag":[],"varumarke":[264],"produkttyp":[157,618],"smaker":[682],"class_list":{"0":"post-48005","1":"product","2":"type-product","3":"status-publish","4":"has-post-thumbnail","6":"product_cat-kaffebryggare-manuella","7":"product_cat-tillbehor","8":"varumarke-hario","9":"produkttyp-kaffebryggare-filter","10":"produkttyp-kaffebryggare-manuella","11":"smaker-360-ml-600-ml","13":"first","14":"instock","15":"taxable","16":"shipping-taxable","17":"purchasable","18":"product-type-variable","19":"has-default-attributes"},"_links":{"self":[{"href":"https:\/\/www.gringonordic.se\/en\/wp-json\/wp\/v2\/product\/48005","targetHints":{"allow":["GET"]}}],"collection":[{"href":"https:\/\/www.gringonordic.se\/en\/wp-json\/wp\/v2\/product"}],"about":[{"href":"https:\/\/www.gringonordic.se\/en\/wp-json\/wp\/v2\/types\/product"}],"wp:featuredmedia":[{"embeddable":true,"href":"https:\/\/www.gringonordic.se\/en\/wp-json\/wp\/v2\/media\/48008"}],"wp:attachment":[{"href":"https:\/\/www.gringonordic.se\/en\/wp-json\/wp\/v2\/media?parent=48005"}],"wp:term":[{"taxonomy":"product_brand","embeddable":true,"href":"https:\/\/www.gringonordic.se\/en\/wp-json\/wp\/v2\/product_brand?post=48005"},{"taxonomy":"product_cat","embeddable":true,"href":"https:\/\/www.gringonordic.se\/en\/wp-json\/wp\/v2\/product_cat?post=48005"},{"taxonomy":"product_tag","embeddable":true,"href":"https:\/\/www.gringonordic.se\/en\/wp-json\/wp\/v2\/product_tag?post=48005"},{"taxonomy":"varumarke","embeddable":true,"href":"https:\/\/www.gringonordic.se\/en\/wp-json\/wp\/v2\/varumarke?post=48005"},{"taxonomy":"produkttyp","embeddable":true,"href":"https:\/\/www.gringonordic.se\/en\/wp-json\/wp\/v2\/produkttyp?post=48005"},{"taxonomy":"smaker","embeddable":true,"href":"https:\/\/www.gringonordic.se\/en\/wp-json\/wp\/v2\/smaker?post=48005"}],"curies":[{"name":"wp","href":"https:\/\/api.w.org\/{rel}","templated":true}]}}