{"id":48000,"date":"2025-03-24T15:09:16","date_gmt":"2025-03-24T14:09:16","guid":{"rendered":"https:\/\/www.gringonordic.se\/?post_type=product&#038;p=48000"},"modified":"2026-04-23T21:40:23","modified_gmt":"2026-04-23T19:40:23","slug":"hario-skerton-n","status":"publish","type":"product","link":"https:\/\/www.gringonordic.se\/en\/product\/hario-skerton-n\/","title":{"rendered":"Hario Skerton Kaffekvarn"},"content":{"rendered":"","protected":false},"excerpt":{"rendered":"<p><strong>Den klassiska Skerton-kvarnen har f\u00e5tt en modern uppdatering!<\/strong>\u00a0Harios Ceramic Coffee Grinder Skerton N har en omdesignad bottenbeh\u00e5llare f\u00f6r b\u00e4ttre stabilitet och anv\u00e4ndarv\u00e4nlighet.<\/p>\n<p>Denna kvarn ser inte bara bra ut utan \u00e4r ocks\u00e5 l\u00e4tt att justera inst\u00e4llningarna p\u00e5. Dess kompakta storlek g\u00f6r den perfekt f\u00f6r att mala b\u00f6nor var du \u00e4n \u00e4r.\u00a0Den keramiska malskivan \u00f6verf\u00f6r mindre v\u00e4rme \u00e4n st\u00e5l och ger en j\u00e4mn malningsgrad f\u00f6r att brygga gott kaffe varje g\u00e5ng.<\/p>\n<ul>\n<li><strong>Color<\/strong>: Svart<\/li>\n<li><strong>Volume<\/strong>: B 173 \u00d7 L 96 \u00d7 H 210 mm<\/li>\n<li><strong>Kapacitet<\/strong>: Hela b\u00f6nor, 100 g<\/li>\n<li><strong>Vikt (med f\u00f6rpackning)<\/strong>: ca 650 g<\/li>\n<li><strong>Material<\/strong>:\n<ul>\n<li>Handtag: Rostfritt st\u00e5l<\/li>\n<li>Lock, Grepp, Huvuddel (Hopper): Polypropen<\/li>\n<li>Halkskydd, Hopper-lock: Silikongummi<\/li>\n<li>Glaskopp: V\u00e4rmet\u00e5ligt glas<\/li>\n<li>Malskiva: Keramik<\/li>\n<\/ul>\n<\/li>\n<\/ul>\n<p><em>Endast glasdelarna t\u00e5l diskmaskin. Malskivan kan demonteras f\u00f6r reng\u00f6ring.<\/em><\/p>","protected":false},"featured_media":48003,"template":"","meta":[],"product_brand":[],"product_cat":[57,40],"product_tag":[],"varumarke":[264],"produkttyp":[176],"smaker":[],"class_list":{"0":"post-48000","1":"product","2":"type-product","3":"status-publish","4":"has-post-thumbnail","6":"product_cat-manuella","7":"product_cat-tillbehor","8":"varumarke-hario","9":"produkttyp-kaffekvarn-manuell","11":"first","12":"instock","13":"taxable","14":"shipping-taxable","15":"purchasable","16":"product-type-simple"},"_links":{"self":[{"href":"https:\/\/www.gringonordic.se\/en\/wp-json\/wp\/v2\/product\/48000","targetHints":{"allow":["GET"]}}],"collection":[{"href":"https:\/\/www.gringonordic.se\/en\/wp-json\/wp\/v2\/product"}],"about":[{"href":"https:\/\/www.gringonordic.se\/en\/wp-json\/wp\/v2\/types\/product"}],"wp:featuredmedia":[{"embeddable":true,"href":"https:\/\/www.gringonordic.se\/en\/wp-json\/wp\/v2\/media\/48003"}],"wp:attachment":[{"href":"https:\/\/www.gringonordic.se\/en\/wp-json\/wp\/v2\/media?parent=48000"}],"wp:term":[{"taxonomy":"product_brand","embeddable":true,"href":"https:\/\/www.gringonordic.se\/en\/wp-json\/wp\/v2\/product_brand?post=48000"},{"taxonomy":"product_cat","embeddable":true,"href":"https:\/\/www.gringonordic.se\/en\/wp-json\/wp\/v2\/product_cat?post=48000"},{"taxonomy":"product_tag","embeddable":true,"href":"https:\/\/www.gringonordic.se\/en\/wp-json\/wp\/v2\/product_tag?post=48000"},{"taxonomy":"varumarke","embeddable":true,"href":"https:\/\/www.gringonordic.se\/en\/wp-json\/wp\/v2\/varumarke?post=48000"},{"taxonomy":"produkttyp","embeddable":true,"href":"https:\/\/www.gringonordic.se\/en\/wp-json\/wp\/v2\/produkttyp?post=48000"},{"taxonomy":"smaker","embeddable":true,"href":"https:\/\/www.gringonordic.se\/en\/wp-json\/wp\/v2\/smaker?post=48000"}],"curies":[{"name":"wp","href":"https:\/\/api.w.org\/{rel}","templated":true}]}}