{"id":47996,"date":"2025-03-24T14:41:20","date_gmt":"2025-03-24T13:41:20","guid":{"rendered":"https:\/\/www.gringonordic.se\/?post_type=product&#038;p=47996"},"modified":"2025-03-24T15:01:42","modified_gmt":"2025-03-24T14:01:42","slug":"hario-buono-kettle-12-liter","status":"publish","type":"product","link":"https:\/\/www.gringonordic.se\/en\/product\/hario-buono-kettle-12-liter\/","title":{"rendered":"Hario Buono Kettle 1,2 Liter"},"content":{"rendered":"","protected":false},"excerpt":{"rendered":"<div class=\"product__subheading\"><\/div>\n<div class=\"product__details\">\n<div class=\"product__form__outer\">\n<form id=\"product-form-template--15582653481196__main-6034991775908\" class=\"shopify-product-form johanochnystrom2021-myshopify-com cow-form-no-match\" accept-charset=\"UTF-8\" action=\"https:\/\/johanochnystrom.se\/cart\/add\" enctype=\"multipart\/form-data\" method=\"post\" data-productid=\"6034991775908\" data-product-form=\"\" data-product-handle=\"hario-buono-kettle\" data-cowlendar-form=\"true\">\n<div class=\"product__submit\" data-buttons-wrapper=\"\" data-add-action-wrapper=\"\">\n<div class=\"product__submit__buttons\"><strong style=\"font-family: -apple-system, BlinkMacSystemFont, 'Segoe UI', Roboto, 'Helvetica Neue', Arial, 'Noto Sans', sans-serif, 'Apple Color Emoji', 'Segoe UI Emoji', 'Segoe UI Symbol', 'Noto Color Emoji';\">Harios Buono Kettle \u00e4r redan en modern klassiker, kopiorna \u00e4r o\u00e4ndliga, men bara Buono Kettle \u00e4r original. <\/strong><\/div>\n<div><\/div>\n<div class=\"product__submit__buttons\"><strong style=\"font-family: -apple-system, BlinkMacSystemFont, 'Segoe UI', Roboto, 'Helvetica Neue', Arial, 'Noto Sans', sans-serif, 'Apple Color Emoji', 'Segoe UI Emoji', 'Segoe UI Symbol', 'Noto Color Emoji';\">Den rostfria kannan erbjuder 100 % precision vid pour over-bryggningar. Kannans totala volym \u00e4r 1,2 l och den fungerar ypperligt p\u00e5 alla v\u00e4rmek\u00e4llor, inklusive induktion!<\/strong><\/div>\n<div><\/div>\n<div>Pipen \u00e4r v\u00e4ldigt smal vilket medf\u00f6r att vattnet rinner i j\u00e4mn, l\u00e5ngsam takt och det \u00e4r l\u00e4tt att kontrollera vattenm\u00e4ngden \u00f6ver det malda kaffet eller tebladen &#8211; eller varf\u00f6r inte dina sticklingar eller blommor. Buono Kettle \u00e4r m\u00e5ngsidig och p\u00e5litlig.<\/div>\n<\/div>\n<\/form>\n<\/div>\n<\/div>\n<div class=\"product-description rte rte--column\">\n<p>Hario har \u00e4gnat sig \u00e5t konstruktion och tillverkning av v\u00e4rmet\u00e5ligt glas sedan 1921, och \u00e4r den enda tillverkaren av v\u00e4rmet\u00e5ligt glas i Japan med egen fabrik. Till en b\u00f6rjan tillverkade man bara glasprodukter f\u00f6r tekniska laboratorier och medicinsk anv\u00e4ndning. Efter andra v\u00e4rldskriget p\u00e5b\u00f6rjade man genom siphonen sin hush\u00e5llsproduktion, och det har idag expanderat till ett brett, sp\u00e4nnande och h\u00f6gkvalitativt sortiment av tillbeh\u00f6r f\u00f6r b\u00e5de kaffe och te.<\/p>\n<\/div>","protected":false},"featured_media":47997,"template":"","meta":[],"product_brand":[],"product_cat":[40,616,111],"product_tag":[],"varumarke":[264],"produkttyp":[567],"smaker":[681],"class_list":{"0":"post-47996","1":"product","2":"type-product","3":"status-publish","4":"has-post-thumbnail","6":"product_cat-tillbehor","7":"product_cat-kaffebryggare-manuella","8":"product_cat-vattenkokare","9":"varumarke-hario","10":"produkttyp-vattenkokare","11":"smaker-1200-ml","13":"first","14":"instock","15":"taxable","16":"shipping-taxable","17":"purchasable","18":"product-type-simple"},"_links":{"self":[{"href":"https:\/\/www.gringonordic.se\/en\/wp-json\/wp\/v2\/product\/47996","targetHints":{"allow":["GET"]}}],"collection":[{"href":"https:\/\/www.gringonordic.se\/en\/wp-json\/wp\/v2\/product"}],"about":[{"href":"https:\/\/www.gringonordic.se\/en\/wp-json\/wp\/v2\/types\/product"}],"wp:featuredmedia":[{"embeddable":true,"href":"https:\/\/www.gringonordic.se\/en\/wp-json\/wp\/v2\/media\/47997"}],"wp:attachment":[{"href":"https:\/\/www.gringonordic.se\/en\/wp-json\/wp\/v2\/media?parent=47996"}],"wp:term":[{"taxonomy":"product_brand","embeddable":true,"href":"https:\/\/www.gringonordic.se\/en\/wp-json\/wp\/v2\/product_brand?post=47996"},{"taxonomy":"product_cat","embeddable":true,"href":"https:\/\/www.gringonordic.se\/en\/wp-json\/wp\/v2\/product_cat?post=47996"},{"taxonomy":"product_tag","embeddable":true,"href":"https:\/\/www.gringonordic.se\/en\/wp-json\/wp\/v2\/product_tag?post=47996"},{"taxonomy":"varumarke","embeddable":true,"href":"https:\/\/www.gringonordic.se\/en\/wp-json\/wp\/v2\/varumarke?post=47996"},{"taxonomy":"produkttyp","embeddable":true,"href":"https:\/\/www.gringonordic.se\/en\/wp-json\/wp\/v2\/produkttyp?post=47996"},{"taxonomy":"smaker","embeddable":true,"href":"https:\/\/www.gringonordic.se\/en\/wp-json\/wp\/v2\/smaker?post=47996"}],"curies":[{"name":"wp","href":"https:\/\/api.w.org\/{rel}","templated":true}]}}