{"id":47646,"date":"2025-03-17T13:10:36","date_gmt":"2025-03-17T12:10:36","guid":{"rendered":"https:\/\/www.gringonordic.se\/?post_type=product&#038;p=47646"},"modified":"2026-03-12T14:24:22","modified_gmt":"2026-03-12T13:24:22","slug":"t-shirt-sleepy","status":"publish","type":"product","link":"https:\/\/www.gringonordic.se\/en\/product\/t-shirt-sleepy\/","title":{"rendered":"T-Shirt Sleepy"},"content":{"rendered":"","protected":false},"excerpt":{"rendered":"<p>T-shirt in two of the season's finest colors, made of organic cotton with a small print on the chest and a larger print on the back. We feel that the T-shirts are \u201cnormal\u201d in size.<\/p>\n<p><strong>THE ILLUSTRATION<\/strong><\/p>\n<p>Det \u00e4r v\u00e5r v\u00e4n Gianluca, som driver f\u00f6retaget @mypostersucks, som har gjort den grymma illustrationen. Precis som vi s\u00e5 gillar han bra kaffe, naturliga viner, snygg form, v\u00e4nliga relationer och okomplicerad mat. Han lever och verkar i Turin, \u00e4r ni d\u00e4r s\u00e5 \u00e4r ett bes\u00f6k till hans experimentverkstad @laboratorio.zanzara ett m\u00e5ste.<\/p>\n<p><strong>THE BRAND BEHIND THE T-SHIRTS<\/strong><\/p>\n<p>Every Earth Positive\u00ae product is produced with a deep commitment to ethical labor practices. The entire production process is audited annually to comply with the Fair Wear Foundation (FWF) Code of Labour Practices, in accordance with the International Labour Organisation\u2019s conventions. This ensures that all garments are made in facilities where workers are treated fairly and ethically.<\/p>\n<p><strong>100% ORGANIC COTTON<\/strong><\/p>\n<p>The Earth Positive\u00ae collection is made exclusively from organic Indian cotton, cultivated in a region that relies on up to 95% monsoon rainfall for its water needs. This natural irrigation method drastically reduces the environmental footprint associated with traditional cotton farming, ensuring that the cotton used is as gentle on the earth as it is on your skin.<\/p>\n<p>&nbsp;<\/p>\n<p>&nbsp;<\/p>","protected":false},"featured_media":47634,"template":"","meta":[],"product_brand":[],"product_cat":[115,40],"product_tag":[],"varumarke":[],"produkttyp":[298],"smaker":[680],"class_list":{"0":"post-47646","1":"product","2":"type-product","3":"status-publish","4":"has-post-thumbnail","6":"product_cat-gringo-merch","7":"product_cat-tillbehor","8":"produkttyp-gringo-merch","9":"smaker-cherry-red-faded-mustard","11":"first","12":"instock","13":"taxable","14":"shipping-taxable","15":"purchasable","16":"product-type-variable","17":"has-default-attributes"},"_links":{"self":[{"href":"https:\/\/www.gringonordic.se\/en\/wp-json\/wp\/v2\/product\/47646","targetHints":{"allow":["GET"]}}],"collection":[{"href":"https:\/\/www.gringonordic.se\/en\/wp-json\/wp\/v2\/product"}],"about":[{"href":"https:\/\/www.gringonordic.se\/en\/wp-json\/wp\/v2\/types\/product"}],"wp:featuredmedia":[{"embeddable":true,"href":"https:\/\/www.gringonordic.se\/en\/wp-json\/wp\/v2\/media\/47634"}],"wp:attachment":[{"href":"https:\/\/www.gringonordic.se\/en\/wp-json\/wp\/v2\/media?parent=47646"}],"wp:term":[{"taxonomy":"product_brand","embeddable":true,"href":"https:\/\/www.gringonordic.se\/en\/wp-json\/wp\/v2\/product_brand?post=47646"},{"taxonomy":"product_cat","embeddable":true,"href":"https:\/\/www.gringonordic.se\/en\/wp-json\/wp\/v2\/product_cat?post=47646"},{"taxonomy":"product_tag","embeddable":true,"href":"https:\/\/www.gringonordic.se\/en\/wp-json\/wp\/v2\/product_tag?post=47646"},{"taxonomy":"varumarke","embeddable":true,"href":"https:\/\/www.gringonordic.se\/en\/wp-json\/wp\/v2\/varumarke?post=47646"},{"taxonomy":"produkttyp","embeddable":true,"href":"https:\/\/www.gringonordic.se\/en\/wp-json\/wp\/v2\/produkttyp?post=47646"},{"taxonomy":"smaker","embeddable":true,"href":"https:\/\/www.gringonordic.se\/en\/wp-json\/wp\/v2\/smaker?post=47646"}],"curies":[{"name":"wp","href":"https:\/\/api.w.org\/{rel}","templated":true}]}}