{"id":45791,"date":"2025-01-30T18:16:39","date_gmt":"2025-01-30T17:16:39","guid":{"rendered":"https:\/\/www.gringonordic.se\/?post_type=product&#038;p=45791"},"modified":"2025-12-13T12:20:02","modified_gmt":"2025-12-13T11:20:02","slug":"acme-taster-cup-medium-210-ml","status":"publish","type":"product","link":"https:\/\/www.gringonordic.se\/en\/product\/acme-taster-cup-medium-210-ml\/","title":{"rendered":"Acme Taster Cup Medium 210 ml"},"content":{"rendered":"","protected":false},"excerpt":{"rendered":"<p>En perfekt mugg f\u00f6r att kopppa kaffe. Med Acme Taster-serien ville Acme designa en kopp som inte bara hade de \u00f6nskade egenskaperna utan som ocks\u00e5 var multifunktionell. Kopparna p\u00e5 210 ml \u00e4r ett utm\u00e4rkt alternativ n\u00e4r du vill prova kaffe, anv\u00e4nd i s\u00e5fall 12-13 gram per kopp.<\/p>\n<p>Utsidan och insidan \u00e4r mj\u00f6lkvit med tre olika f\u00e4rgalternativ i botten.<\/p>\n<p><strong>Measurements:<\/strong><br \/>\nOuter Diametre: 80 mm<br \/>\nBase diametre: 48 mm<br \/>\nVolym: 210 ml<\/p>","protected":false},"featured_media":45789,"template":"","meta":[],"product_brand":[],"product_cat":[52,40],"product_tag":[],"varumarke":[256],"produkttyp":[153],"smaker":[],"class_list":{"0":"post-45791","1":"product","2":"type-product","3":"status-publish","4":"has-post-thumbnail","6":"product_cat-koppar-muggar","7":"product_cat-tillbehor","8":"varumarke-acme","9":"produkttyp-acme-cups","11":"first","12":"instock","13":"taxable","14":"shipping-taxable","15":"purchasable","16":"product-type-variable","17":"has-default-attributes"},"_links":{"self":[{"href":"https:\/\/www.gringonordic.se\/en\/wp-json\/wp\/v2\/product\/45791","targetHints":{"allow":["GET"]}}],"collection":[{"href":"https:\/\/www.gringonordic.se\/en\/wp-json\/wp\/v2\/product"}],"about":[{"href":"https:\/\/www.gringonordic.se\/en\/wp-json\/wp\/v2\/types\/product"}],"wp:featuredmedia":[{"embeddable":true,"href":"https:\/\/www.gringonordic.se\/en\/wp-json\/wp\/v2\/media\/45789"}],"wp:attachment":[{"href":"https:\/\/www.gringonordic.se\/en\/wp-json\/wp\/v2\/media?parent=45791"}],"wp:term":[{"taxonomy":"product_brand","embeddable":true,"href":"https:\/\/www.gringonordic.se\/en\/wp-json\/wp\/v2\/product_brand?post=45791"},{"taxonomy":"product_cat","embeddable":true,"href":"https:\/\/www.gringonordic.se\/en\/wp-json\/wp\/v2\/product_cat?post=45791"},{"taxonomy":"product_tag","embeddable":true,"href":"https:\/\/www.gringonordic.se\/en\/wp-json\/wp\/v2\/product_tag?post=45791"},{"taxonomy":"varumarke","embeddable":true,"href":"https:\/\/www.gringonordic.se\/en\/wp-json\/wp\/v2\/varumarke?post=45791"},{"taxonomy":"produkttyp","embeddable":true,"href":"https:\/\/www.gringonordic.se\/en\/wp-json\/wp\/v2\/produkttyp?post=45791"},{"taxonomy":"smaker","embeddable":true,"href":"https:\/\/www.gringonordic.se\/en\/wp-json\/wp\/v2\/smaker?post=45791"}],"curies":[{"name":"wp","href":"https:\/\/api.w.org\/{rel}","templated":true}]}}