{"id":44513,"date":"2024-12-18T15:11:30","date_gmt":"2024-12-18T14:11:30","guid":{"rendered":"https:\/\/www.gringonordic.se\/?post_type=product&#038;p=44513"},"modified":"2026-03-02T11:19:38","modified_gmt":"2026-03-02T10:19:38","slug":"timemore-sculptor-078","status":"publish","type":"product","link":"https:\/\/www.gringonordic.se\/en\/product\/timemore-sculptor-078\/","title":{"rendered":"TimeMore Sculptor 078 Elektrisk Svart kaffekvarn"},"content":{"rendered":"","protected":false},"excerpt":{"rendered":"<h2>Timemore Sculptor 078<\/h2>\n<p>\u00e4r en perfekt kaffekvarn f\u00f6r de som endast vill brygga Pour over, dripp eller french press tack vare 78mm &#8216;vortex knife&#8217; malskivor. Malskivorna h\u00e5lls fast av magneter, vilket g\u00f6r det enkelt att reng\u00f6ra och f\u00e5 tillg\u00e5ng till malskivorna<\/p>\n<p><strong>FUNKTIONER:<\/strong><\/p>\n<ul>\n<li>Auto-off n\u00e4r malningen \u00e4r klar<\/li>\n<li>En stor on\/off-knapp i silver<\/li>\n<li>36st inst\u00e4llningar som st\u00e4lls in med en fr\u00e4mre ratt<\/li>\n<li>Kapacitet b\u00f6nbeh\u00e5llare: 45-50g<\/li>\n<li>Ingen friktion i motorn, s\u00e5 motorn kommer leva l\u00e4ngre och arbeta tystare<\/li>\n<li>Ett roterande &#8220;knacknings&#8221;-system f\u00f6r att f\u00e5 loss de fines med en enkel twist<\/li>\n<li>Justerbart RPM (varv per minut)<\/li>\n<li>Magnetisk malkopp och b\u00f6nbeh\u00e5llarlock<\/li>\n<li>M\u00e5tt: 26,1&#215;11,8&#215;29,4cm<\/li>\n<li>Gjord i aluminiumlegering \/ rostfritt st\u00e5l<\/li>\n<li>Vikt: 6,81kg<\/li>\n<li>Inst\u00e4llningar: Pour over till French press ( 36 inst\u00e4llningar )<\/li>\n<li>Justerbar hastighet: RMP 800-1400<\/li>\n<li>78mm malskivor<\/li>\n<li><strong>Medf\u00f6ljer:<\/strong>\n<ul>\n<li>kabel<\/li>\n<li>Airblower<\/li>\n<li>Beh\u00e5llare<\/li>\n<li>Reng\u00f6ringsborste<\/li>\n<\/ul>\n<\/li>\n<\/ul>","protected":false},"featured_media":28010,"template":"","meta":[],"product_brand":[],"product_cat":[58,40],"product_tag":[],"varumarke":[261],"produkttyp":[203],"smaker":[],"class_list":{"0":"post-44513","1":"product","2":"type-product","3":"status-publish","4":"has-post-thumbnail","6":"product_cat-elektriska","7":"product_cat-tillbehor","8":"varumarke-timemore","9":"produkttyp-kaffekvarnar-elektriska","11":"first","12":"instock","13":"taxable","14":"shipping-taxable","15":"purchasable","16":"product-type-simple"},"_links":{"self":[{"href":"https:\/\/www.gringonordic.se\/en\/wp-json\/wp\/v2\/product\/44513","targetHints":{"allow":["GET"]}}],"collection":[{"href":"https:\/\/www.gringonordic.se\/en\/wp-json\/wp\/v2\/product"}],"about":[{"href":"https:\/\/www.gringonordic.se\/en\/wp-json\/wp\/v2\/types\/product"}],"wp:featuredmedia":[{"embeddable":true,"href":"https:\/\/www.gringonordic.se\/en\/wp-json\/wp\/v2\/media\/28010"}],"wp:attachment":[{"href":"https:\/\/www.gringonordic.se\/en\/wp-json\/wp\/v2\/media?parent=44513"}],"wp:term":[{"taxonomy":"product_brand","embeddable":true,"href":"https:\/\/www.gringonordic.se\/en\/wp-json\/wp\/v2\/product_brand?post=44513"},{"taxonomy":"product_cat","embeddable":true,"href":"https:\/\/www.gringonordic.se\/en\/wp-json\/wp\/v2\/product_cat?post=44513"},{"taxonomy":"product_tag","embeddable":true,"href":"https:\/\/www.gringonordic.se\/en\/wp-json\/wp\/v2\/product_tag?post=44513"},{"taxonomy":"varumarke","embeddable":true,"href":"https:\/\/www.gringonordic.se\/en\/wp-json\/wp\/v2\/varumarke?post=44513"},{"taxonomy":"produkttyp","embeddable":true,"href":"https:\/\/www.gringonordic.se\/en\/wp-json\/wp\/v2\/produkttyp?post=44513"},{"taxonomy":"smaker","embeddable":true,"href":"https:\/\/www.gringonordic.se\/en\/wp-json\/wp\/v2\/smaker?post=44513"}],"curies":[{"name":"wp","href":"https:\/\/api.w.org\/{rel}","templated":true}]}}