{"id":44496,"date":"2024-12-18T14:15:34","date_gmt":"2024-12-18T13:15:34","guid":{"rendered":"https:\/\/www.gringonordic.se\/?post_type=product&#038;p=44496"},"modified":"2024-12-18T14:16:13","modified_gmt":"2024-12-18T13:16:13","slug":"varia-aku-mini-digital-precisionsvag","status":"publish","type":"product","link":"https:\/\/www.gringonordic.se\/en\/product\/varia-aku-mini-digital-precisionsvag\/","title":{"rendered":"Varia AKU Mini &#8211; Digital Precisionsv\u00e5g"},"content":{"rendered":"","protected":false},"excerpt":{"rendered":"<p>Varia AKU Mini Scale \u00e4r v\u00e5r nya vattent\u00e4ta favorit i kaffebaren n\u00e4r vi ska ha full kontroll p\u00e5 espressobryggningen. V\u00e5gen anpassar sig enkelt till din bryggstil med b\u00e5de manuella och automatiska l\u00e4gen. Oavsett om du finslipar en espresso eller skapar en perfekt pour-over levererar den precision utan sv\u00e5righeter.<\/p>\n<p><strong>Huvudfunktioner hos Varia AKU Mini Scale<\/strong><\/p>\n<p><strong>Kompakt<\/strong><br \/>\nAKU Mini -kaffev\u00e5gen \u00e4r liten men kraftfull. Den \u00e4r designad f\u00f6r perfekt kaffebryggning, oavsett var du befinner dig.<\/p>\n<p><strong>Portabel och praktisk<\/strong><br \/>\nMed sin minimala storlek p\u00e5 endast 100 x 80 x 13 mm ryms AKU Mini l\u00e4tt med i v\u00e4skan eller p\u00e5 espressomaskinens droppbricka. Den \u00e4r gjord f\u00f6r enkel transportering, s\u00e5 du kan brygga det perfekta kaffet var som helst.<\/p>\n<p><strong>Noggrann och okomplicerad<\/strong><br \/>\nAKU Mini erbjuder b\u00e5de manuella och automatiska funktioner. Oavsett om du brygger en espresso eller en pour-over, levererar precisionsv\u00e5gen noggranna resultat.<\/p>\n<p><strong>Fl\u00f6deskontroll i realtid<\/strong><br \/>\nF\u00f6lj med ditt vattenfl\u00f6de och dina bryggresultat i realtid. Du kan st\u00e4nga av eller sl\u00e5 p\u00e5 denna funktion i inst\u00e4llningarna, vilket ger dig exakt kontroll \u00f6ver bryggningsprocessen.<\/p>\n<p><strong>Precision p\u00e5 varje gram<\/strong><br \/>\nAKU Mini v\u00e4ger med en noggrannhet p\u00e5 0,01 g, upp till 500 g. Den l\u00e4ttl\u00e4sta OLED-displayen ger dig all information du beh\u00f6ver under bryggningen.<\/p>\n<p><strong>Flera bryggningsl\u00e4gen<\/strong><br \/>\nAKU Mini har olika l\u00e4gen f\u00f6r att passa din bryggstil, oavsett om det \u00e4r pour-over eller espresso. Dessa l\u00e4gen hj\u00e4lper dig att m\u00e4ta fl\u00f6deshastigheter eller optimera extraktionsf\u00f6rh\u00e5llanden f\u00f6r b\u00e4sta bryggning.<\/p>\n<p><strong>Espresso-l\u00e4ge f\u00f6r konsekvens<\/strong><br \/>\nAKU Minis &#8220;Spro Mode&#8221; hj\u00e4lper dig att uppn\u00e5 en perfekt espresso varje g\u00e5ng. Ange din dos med 0,05 g noggrannhet, och bryggf\u00f6rh\u00e5llandet, kaffets vikt och vattentillf\u00f6rseln kommer att justeras i realtid. V\u00e5gen ger ocks\u00e5 feedback p\u00e5 fl\u00f6deshastigheten och automatisk timing f\u00f6r konsekventa resultat.<\/p>\n<p><strong>Byggd f\u00f6r precision<\/strong><br \/>\nTillverkad med CNC-maskinerad precision till inom 0,02 mm &#8211; AKU Mini \u00e4r skapad f\u00f6r h\u00e5llbarhet, tillf\u00f6rlitlighet och noggrannhet.<\/p>\n<p><strong>Vattent\u00e5lig och h\u00e5llbar<\/strong><br \/>\nMed en IPX6 vattent\u00e5lig klassning kan AKU Mini hantera v\u00e5ta milj\u00f6er, vilket g\u00f6r den perfekt f\u00f6r b\u00e5de caf\u00e9bruk och hemmak\u00f6k.<\/p>\n<p><strong>Anpassningsbara inst\u00e4llningar<\/strong><br \/>\nDu kan justera ljusstyrka, volym och v\u00e4xla mellan gram och uns f\u00f6r att passa dina personliga preferenser.<\/p>\n<p><strong>L\u00e5ng batterilivsl\u00e4ngd<\/strong><br \/>\nAKU Minis 480mAh litium-polymerbatteri ger upp till 10 timmars anv\u00e4ndning p\u00e5 en 2-timmars laddning via USB-C.<\/p>\n<p><strong>H\u00e5ll dig uppdaterad<\/strong><br \/>\nBluetooth-uppdateringar h\u00e5ller din AKU Mini uppdaterad med de senaste funktionerna och programvaruf\u00f6rb\u00e4ttringarna.<\/p>","protected":false},"featured_media":44490,"template":"","meta":[],"product_brand":[],"product_cat":[40,524],"product_tag":[],"varumarke":[521],"produkttyp":[525],"smaker":[650],"class_list":{"0":"post-44496","1":"product","2":"type-product","3":"status-publish","4":"has-post-thumbnail","6":"product_cat-tillbehor","7":"product_cat-vagar","8":"varumarke-varia","9":"produkttyp-vagar","10":"smaker-digital-precisionsvag","12":"first","13":"instock","14":"taxable","15":"shipping-taxable","16":"purchasable","17":"product-type-simple"},"_links":{"self":[{"href":"https:\/\/www.gringonordic.se\/en\/wp-json\/wp\/v2\/product\/44496","targetHints":{"allow":["GET"]}}],"collection":[{"href":"https:\/\/www.gringonordic.se\/en\/wp-json\/wp\/v2\/product"}],"about":[{"href":"https:\/\/www.gringonordic.se\/en\/wp-json\/wp\/v2\/types\/product"}],"wp:featuredmedia":[{"embeddable":true,"href":"https:\/\/www.gringonordic.se\/en\/wp-json\/wp\/v2\/media\/44490"}],"wp:attachment":[{"href":"https:\/\/www.gringonordic.se\/en\/wp-json\/wp\/v2\/media?parent=44496"}],"wp:term":[{"taxonomy":"product_brand","embeddable":true,"href":"https:\/\/www.gringonordic.se\/en\/wp-json\/wp\/v2\/product_brand?post=44496"},{"taxonomy":"product_cat","embeddable":true,"href":"https:\/\/www.gringonordic.se\/en\/wp-json\/wp\/v2\/product_cat?post=44496"},{"taxonomy":"product_tag","embeddable":true,"href":"https:\/\/www.gringonordic.se\/en\/wp-json\/wp\/v2\/product_tag?post=44496"},{"taxonomy":"varumarke","embeddable":true,"href":"https:\/\/www.gringonordic.se\/en\/wp-json\/wp\/v2\/varumarke?post=44496"},{"taxonomy":"produkttyp","embeddable":true,"href":"https:\/\/www.gringonordic.se\/en\/wp-json\/wp\/v2\/produkttyp?post=44496"},{"taxonomy":"smaker","embeddable":true,"href":"https:\/\/www.gringonordic.se\/en\/wp-json\/wp\/v2\/smaker?post=44496"}],"curies":[{"name":"wp","href":"https:\/\/api.w.org\/{rel}","templated":true}]}}