{"id":43967,"date":"2024-12-02T15:16:22","date_gmt":"2024-12-02T14:16:22","guid":{"rendered":"https:\/\/www.gringonordic.se\/?post_type=product&#038;p=43967"},"modified":"2025-10-21T15:03:13","modified_gmt":"2025-10-21T13:03:13","slug":"haior-polaris-digital-vag","status":"publish","type":"product","link":"https:\/\/www.gringonordic.se\/en\/product\/haior-polaris-digital-vag\/","title":{"rendered":"Hario Polaris &#8211; Digital V\u00e5g"},"content":{"rendered":"","protected":false},"excerpt":{"rendered":"<p>Hario Polaris \u00e4r en modern elektronisk v\u00e5g som \u00e4r utformad f\u00f6r pour-over-bryggmetoder. Den \u00e4r idealisk f\u00f6r b\u00e5de hemmabruk och kaffebarer. Dess st\u00f6rsta f\u00f6rdelar \u00e4r den eleganta designen och m\u00f6jligheten att samtidigt m\u00e4ta vikt, h\u00e5lla reda p\u00e5 bryggtiden och ange den n\u00f6dv\u00e4ndiga m\u00e4ngden vatten baserat p\u00e5 det inst\u00e4llda f\u00f6rh\u00e5llandet mellan kaffe och vatten.<\/p>\n<p><strong>Functions:<\/strong><\/p>\n<ul>\n<li><strong>Smart extraktionsber\u00e4kning<\/strong>: St\u00e4ll enkelt in din \u00f6nskade extraktionskvot (t.ex. 1:15 till 1:30), s\u00e5 r\u00e4knar v\u00e5gen automatiskt ut hur mycket vatten som beh\u00f6vs. Du slipper h\u00e5lla dig till exakta m\u00e5tt som 15, 30 eller 45 gram. Det ger dig frihet och g\u00f6r bryggningen b\u00e5de enklare och roligare.<\/li>\n<li><strong>Bryggprocent i realtid<\/strong>: H\u00e5ll koll p\u00e5 hur mycket vatten du h\u00e4llt under bryggningen, s\u00e5 blir det l\u00e4tt att f\u00e5 samma goda resultat varje g\u00e5ng.<\/li>\n<li><strong>Guidad h\u00e4llning<\/strong>: Procentdisplayen blir din egen lilla polstj\u00e4rna och visar hur mycket vatten du ska tills\u00e4tta i varje steg, oavsett om du h\u00e4ller i 20% eller 25%-steg.<\/li>\n<li><strong>Snabbare \u00e4n snabbast<\/strong>: Polaris reagerar blixtsnabbt och ger exakta m\u00e4tningar, vilket g\u00f6r det enkelt att justera och finjustera f\u00f6r att f\u00e5 det precis som du vill ha det.<\/li>\n<\/ul>\n<p><strong>Specifications:<\/strong><\/p>\n<ul>\n<li><strong>Modell<\/strong>: CST-2000-B\/CST-2000-W<\/li>\n<li><strong>Volume<\/strong>: 127 mm \u00d7 165 mm \u00d7 27 mm<\/li>\n<li><strong>V\u00e4gningsomr\u00e5de<\/strong>: 0.1 \u2013 2000g<\/li>\n<li><strong>Material<\/strong>: ABS-plast, akrylplast, halkfritt silikon<\/li>\n<li><strong>Bag Size<\/strong>: Ca 437g (inkl. f\u00f6rpackning)<\/li>\n<li><strong>Tillverkad i Kina<\/strong><\/li>\n<\/ul>","protected":false},"featured_media":43968,"template":"","meta":[],"product_brand":[],"product_cat":[40,524],"product_tag":[],"varumarke":[264],"produkttyp":[525],"smaker":[],"class_list":{"0":"post-43967","1":"product","2":"type-product","3":"status-publish","4":"has-post-thumbnail","6":"product_cat-tillbehor","7":"product_cat-vagar","8":"varumarke-hario","9":"produkttyp-vagar","11":"first","12":"instock","13":"taxable","14":"shipping-taxable","15":"purchasable","16":"product-type-simple"},"_links":{"self":[{"href":"https:\/\/www.gringonordic.se\/en\/wp-json\/wp\/v2\/product\/43967","targetHints":{"allow":["GET"]}}],"collection":[{"href":"https:\/\/www.gringonordic.se\/en\/wp-json\/wp\/v2\/product"}],"about":[{"href":"https:\/\/www.gringonordic.se\/en\/wp-json\/wp\/v2\/types\/product"}],"wp:featuredmedia":[{"embeddable":true,"href":"https:\/\/www.gringonordic.se\/en\/wp-json\/wp\/v2\/media\/43968"}],"wp:attachment":[{"href":"https:\/\/www.gringonordic.se\/en\/wp-json\/wp\/v2\/media?parent=43967"}],"wp:term":[{"taxonomy":"product_brand","embeddable":true,"href":"https:\/\/www.gringonordic.se\/en\/wp-json\/wp\/v2\/product_brand?post=43967"},{"taxonomy":"product_cat","embeddable":true,"href":"https:\/\/www.gringonordic.se\/en\/wp-json\/wp\/v2\/product_cat?post=43967"},{"taxonomy":"product_tag","embeddable":true,"href":"https:\/\/www.gringonordic.se\/en\/wp-json\/wp\/v2\/product_tag?post=43967"},{"taxonomy":"varumarke","embeddable":true,"href":"https:\/\/www.gringonordic.se\/en\/wp-json\/wp\/v2\/varumarke?post=43967"},{"taxonomy":"produkttyp","embeddable":true,"href":"https:\/\/www.gringonordic.se\/en\/wp-json\/wp\/v2\/produkttyp?post=43967"},{"taxonomy":"smaker","embeddable":true,"href":"https:\/\/www.gringonordic.se\/en\/wp-json\/wp\/v2\/smaker?post=43967"}],"curies":[{"name":"wp","href":"https:\/\/api.w.org\/{rel}","templated":true}]}}