{"id":41393,"date":"2024-10-11T07:21:48","date_gmt":"2024-10-11T05:21:48","guid":{"rendered":"https:\/\/www.gringonordic.se\/?post_type=product&#038;p=41393"},"modified":"2025-03-13T11:11:38","modified_gmt":"2025-03-13T10:11:38","slug":"rattleware-cupping-brewer","status":"publish","type":"product","link":"https:\/\/www.gringonordic.se\/en\/product\/rattleware-cupping-brewer\/","title":{"rendered":"Rattleware Cupping Brewer"},"content":{"rendered":"","protected":false},"excerpt":{"rendered":"<p>Rattleware Cupping Brewer g\u00f6r det m\u00f6jligt att brygga kaffe med en neutral och ofiltrerad metod d\u00e4r varje del av kaffets karakt\u00e4r kan komma fram.<\/p>\n<p>Cupping &#8211; koppning p\u00e5 svenska &#8211; \u00e4r hur alla professionella kaffeprovare utv\u00e4rderar varje kaffesorts kvalitet. M\u00e5let \u00e4r att utv\u00e4rdera kaffets sanna karakt\u00e4r! Man f\u00e5r helt enkelt fram alla smaker med mycket liten input eller manipulation fr\u00e5n bryggmetoder, filtreringsstilar eller anv\u00e4ndarfel. Vi tycker sj\u00e4lva att det \u00e4r en helt outstanding metod att brygga kaffe, aldrig smakar kaffet b\u00e4ttre och &#8220;\u00e4rligare&#8221; \u00e4n n\u00e4r man anv\u00e4nder denna metod. Och \u00e4ntligen finns denna Cupping Brewer fr\u00e5n tillverkaren Rattleware tillg\u00e4nglig, som tar det b\u00e4sta fr\u00e5n koppningen, dessutom p\u00e5 ett genialiskt enkelt vis.<\/p>\n<p>Rattleware Cupping Brewer g\u00f6r det m\u00f6jligt att brygga cirka 5 dl (500 gram) kaffe p\u00e5 ett s\u00e4tt som \u00e4r identiskt med den traditionella koppningsprocessen. S\u00e5 h\u00e4r funkar det:<\/p>\n<ol>\n<li>Dosera ca. 30-33 bryggmalet kaffe i bryggaren och h\u00e4ll p\u00e5 500 ml vatten (89-93 grader) . V\u00e4nta i 4 minuter.<\/li>\n<li>R\u00f6r med en sked f\u00f6rsiktigt om i kaffet som ligger p\u00e5 toppen av kaffet, bryggaren samtidigt som du k\u00e4nner aromerna som frig\u00f6rs.<\/li>\n<li>Samtidigt som det malda kaffet l\u00e5ngsamt g\u00e5r ner till botten av bryggaren, s\u00e5 tar du bort det kvarvarande skummet\/creman fr\u00e5n toppen av bryggaren. Efter ytterligare n\u00e5n ming, s\u00e4tt i proppen och h\u00e5ll den p\u00e5 plats. H\u00e4ll upp kaffet i en kopp och njut.<\/li>\n<\/ol>\n<p>&nbsp;<\/p>","protected":false},"featured_media":41396,"template":"","meta":[],"product_brand":[],"product_cat":[616,40],"product_tag":[],"varumarke":[],"produkttyp":[157],"smaker":[644],"class_list":{"0":"post-41393","1":"product","2":"type-product","3":"status-publish","4":"has-post-thumbnail","6":"product_cat-kaffebryggare-manuella","7":"product_cat-tillbehor","8":"produkttyp-kaffebryggare-filter","9":"smaker-easy-brew","11":"first","12":"instock","13":"sale","14":"taxable","15":"shipping-taxable","16":"purchasable","17":"product-type-simple"},"_links":{"self":[{"href":"https:\/\/www.gringonordic.se\/en\/wp-json\/wp\/v2\/product\/41393","targetHints":{"allow":["GET"]}}],"collection":[{"href":"https:\/\/www.gringonordic.se\/en\/wp-json\/wp\/v2\/product"}],"about":[{"href":"https:\/\/www.gringonordic.se\/en\/wp-json\/wp\/v2\/types\/product"}],"wp:featuredmedia":[{"embeddable":true,"href":"https:\/\/www.gringonordic.se\/en\/wp-json\/wp\/v2\/media\/41396"}],"wp:attachment":[{"href":"https:\/\/www.gringonordic.se\/en\/wp-json\/wp\/v2\/media?parent=41393"}],"wp:term":[{"taxonomy":"product_brand","embeddable":true,"href":"https:\/\/www.gringonordic.se\/en\/wp-json\/wp\/v2\/product_brand?post=41393"},{"taxonomy":"product_cat","embeddable":true,"href":"https:\/\/www.gringonordic.se\/en\/wp-json\/wp\/v2\/product_cat?post=41393"},{"taxonomy":"product_tag","embeddable":true,"href":"https:\/\/www.gringonordic.se\/en\/wp-json\/wp\/v2\/product_tag?post=41393"},{"taxonomy":"varumarke","embeddable":true,"href":"https:\/\/www.gringonordic.se\/en\/wp-json\/wp\/v2\/varumarke?post=41393"},{"taxonomy":"produkttyp","embeddable":true,"href":"https:\/\/www.gringonordic.se\/en\/wp-json\/wp\/v2\/produkttyp?post=41393"},{"taxonomy":"smaker","embeddable":true,"href":"https:\/\/www.gringonordic.se\/en\/wp-json\/wp\/v2\/smaker?post=41393"}],"curies":[{"name":"wp","href":"https:\/\/api.w.org\/{rel}","templated":true}]}}