{"id":4044,"date":"2022-01-25T10:14:00","date_gmt":"2022-01-25T10:14:00","guid":{"rendered":"https:\/\/www.gringonordic.se\/?post_type=product&#038;p=4044"},"modified":"2022-10-18T08:58:38","modified_gmt":"2022-10-18T08:58:38","slug":"take-away-kopp","status":"publish","type":"product","link":"https:\/\/www.gringonordic.se\/en\/product\/take-away-kopp\/","title":{"rendered":"Take away kopp 23 cl"},"content":{"rendered":"","protected":false},"excerpt":{"rendered":"<p>Our first Gringo take away cups are finally here! Made in \ud83c\uddf8\ud83c\uddea!<\/p>\n<p>De \u00e4r tillverkade och tryckta i Sverige p\u00e5 dubbel kartong &#8211; utan plastbel\u00e4ggning &#8211; med en tjock kvalitet. De \u00e4r &#8211; naturligtvis &#8211; livsmedelss\u00e4kra, organiska och 100% \u00e5tervinningsbara och f\u00f6rnybara.<\/p>\n<p>De finns i sex olika tryck, blandade i r\u00f6r om 100 koppar.<\/p>\n<p>Size: 8 Oz (230 ml \/ 23 CL)<\/p>","protected":false},"featured_media":925,"template":"","meta":[],"product_brand":[],"product_cat":[115,40],"product_tag":[],"varumarke":[],"produkttyp":[298,158],"smaker":[299],"class_list":{"0":"post-4044","1":"product","2":"type-product","3":"status-publish","4":"has-post-thumbnail","6":"product_cat-gringo-merch","7":"product_cat-tillbehor","8":"product_shipping_class-udda-foremal","9":"produkttyp-gringo-merch","10":"produkttyp-koppar-muggar","11":"smaker-230-ml-100-pack","13":"first","14":"instock","15":"taxable","16":"shipping-taxable","17":"purchasable","18":"product-type-simple"},"_links":{"self":[{"href":"https:\/\/www.gringonordic.se\/en\/wp-json\/wp\/v2\/product\/4044","targetHints":{"allow":["GET"]}}],"collection":[{"href":"https:\/\/www.gringonordic.se\/en\/wp-json\/wp\/v2\/product"}],"about":[{"href":"https:\/\/www.gringonordic.se\/en\/wp-json\/wp\/v2\/types\/product"}],"wp:featuredmedia":[{"embeddable":true,"href":"https:\/\/www.gringonordic.se\/en\/wp-json\/wp\/v2\/media\/925"}],"wp:attachment":[{"href":"https:\/\/www.gringonordic.se\/en\/wp-json\/wp\/v2\/media?parent=4044"}],"wp:term":[{"taxonomy":"product_brand","embeddable":true,"href":"https:\/\/www.gringonordic.se\/en\/wp-json\/wp\/v2\/product_brand?post=4044"},{"taxonomy":"product_cat","embeddable":true,"href":"https:\/\/www.gringonordic.se\/en\/wp-json\/wp\/v2\/product_cat?post=4044"},{"taxonomy":"product_tag","embeddable":true,"href":"https:\/\/www.gringonordic.se\/en\/wp-json\/wp\/v2\/product_tag?post=4044"},{"taxonomy":"varumarke","embeddable":true,"href":"https:\/\/www.gringonordic.se\/en\/wp-json\/wp\/v2\/varumarke?post=4044"},{"taxonomy":"produkttyp","embeddable":true,"href":"https:\/\/www.gringonordic.se\/en\/wp-json\/wp\/v2\/produkttyp?post=4044"},{"taxonomy":"smaker","embeddable":true,"href":"https:\/\/www.gringonordic.se\/en\/wp-json\/wp\/v2\/smaker?post=4044"}],"curies":[{"name":"wp","href":"https:\/\/api.w.org\/{rel}","templated":true}]}}