{"id":38962,"date":"2024-07-25T14:44:07","date_gmt":"2024-07-25T12:44:07","guid":{"rendered":"https:\/\/www.gringonordic.se\/?post_type=product&#038;p=38962"},"modified":"2025-10-17T09:29:21","modified_gmt":"2025-10-17T07:29:21","slug":"hario-switch-immersion-dripper","status":"publish","type":"product","link":"https:\/\/www.gringonordic.se\/en\/product\/hario-switch-immersion-dripper\/","title":{"rendered":"Hario Switch Immersion Dripper"},"content":{"rendered":"","protected":false},"excerpt":{"rendered":"<p><strong>Enkel och perfekt bryggning varje g\u00e5ng! \u00a0<\/strong>Den h\u00e4r smarta bryggaren best\u00e5r av en filterh\u00e5llare i porslin eller glas med en ventil i botten. N\u00e4r du b\u00f6rjar bryggningen \u00e4r den lilla \u00f6ppningen i botten st\u00e4ngd med en liten st\u00e5lkula, vilket betyder att allt vatten stannar kvar i filterh\u00e5llaren. Med ett tryck p\u00e5 \u201dswitchen\u201d rinner sen det nybryggda kaffet snabbt rakt ner i din kanna. Immersion Dripper Switch g\u00f6r bryggningen otroligt enkel, och samtidigt blir smaken p\u00e5 kaffet fantastisk eftersom kaffet blir helt j\u00e4mnt extraherat.<\/p>\n<p>Immersion Dripper Switch \u00e4r gjord i den klassiska V60-modellen, antingen i porslin eller glad, och basen p\u00e5 bryggaren \u00e4r gjord i silikon. Den \u00e4r tillverkad i Japan av kvalitetss\u00e4kra Hario, och den funkar toppen att diska i diskmaskinen. Dessutom f\u00e5r f\u00e5r man \u00e4ven med 40 st V60 pappersfilter i storlek 02 i f\u00f6rpackningen.<\/p>\n<p>Grundreceptet \u00e4r 20 g medelgrovt kaffe och 240 g vatten och v\u00e5rt f\u00f6rslag p\u00e5 bryggtid \u00e4r p\u00e5 2,30 minuter. Men experimentera g\u00e4rna, olika kaffen, rostningar och malningsgrader ger olika f\u00f6ruts\u00e4ttningar.<\/p>","protected":false},"featured_media":38965,"template":"","meta":[],"product_brand":[],"product_cat":[616,40],"product_tag":[],"varumarke":[264],"produkttyp":[157],"smaker":[626],"class_list":{"0":"post-38962","1":"product","2":"type-product","3":"status-publish","4":"has-post-thumbnail","6":"product_cat-kaffebryggare-manuella","7":"product_cat-tillbehor","8":"varumarke-hario","9":"produkttyp-kaffebryggare-filter","10":"smaker-glas-eller-keramik","12":"first","13":"instock","14":"taxable","15":"shipping-taxable","16":"purchasable","17":"product-type-variable","18":"has-default-attributes"},"_links":{"self":[{"href":"https:\/\/www.gringonordic.se\/en\/wp-json\/wp\/v2\/product\/38962","targetHints":{"allow":["GET"]}}],"collection":[{"href":"https:\/\/www.gringonordic.se\/en\/wp-json\/wp\/v2\/product"}],"about":[{"href":"https:\/\/www.gringonordic.se\/en\/wp-json\/wp\/v2\/types\/product"}],"wp:featuredmedia":[{"embeddable":true,"href":"https:\/\/www.gringonordic.se\/en\/wp-json\/wp\/v2\/media\/38965"}],"wp:attachment":[{"href":"https:\/\/www.gringonordic.se\/en\/wp-json\/wp\/v2\/media?parent=38962"}],"wp:term":[{"taxonomy":"product_brand","embeddable":true,"href":"https:\/\/www.gringonordic.se\/en\/wp-json\/wp\/v2\/product_brand?post=38962"},{"taxonomy":"product_cat","embeddable":true,"href":"https:\/\/www.gringonordic.se\/en\/wp-json\/wp\/v2\/product_cat?post=38962"},{"taxonomy":"product_tag","embeddable":true,"href":"https:\/\/www.gringonordic.se\/en\/wp-json\/wp\/v2\/product_tag?post=38962"},{"taxonomy":"varumarke","embeddable":true,"href":"https:\/\/www.gringonordic.se\/en\/wp-json\/wp\/v2\/varumarke?post=38962"},{"taxonomy":"produkttyp","embeddable":true,"href":"https:\/\/www.gringonordic.se\/en\/wp-json\/wp\/v2\/produkttyp?post=38962"},{"taxonomy":"smaker","embeddable":true,"href":"https:\/\/www.gringonordic.se\/en\/wp-json\/wp\/v2\/smaker?post=38962"}],"curies":[{"name":"wp","href":"https:\/\/api.w.org\/{rel}","templated":true}]}}