{"id":38930,"date":"2024-07-24T16:02:50","date_gmt":"2024-07-24T14:02:50","guid":{"rendered":"https:\/\/www.gringonordic.se\/?post_type=product&#038;p=38930"},"modified":"2024-11-14T21:49:49","modified_gmt":"2024-11-14T20:49:49","slug":"varia-vs3-modular-dosing-cup-54-58-mm","status":"publish","type":"product","link":"https:\/\/www.gringonordic.se\/en\/product\/varia-vs3-modular-dosing-cup-54-58-mm\/","title":{"rendered":"Varia VS3 Modular Dosing Cup 54 &#038; 58 mm"},"content":{"rendered":"","protected":false},"excerpt":{"rendered":"<p><strong>VARIA VS3 &#8211; ETT NYTT S\u00c4TT ATT DOSERA<\/strong><\/p>\n<ul>\n<li>Doseringskopp med en kapacitet p\u00e5 60 g och \u00f6kad h\u00f6jd f\u00f6r att minska statiskt \u00e5terslag fr\u00e5n m\u00f6rkare rostat kaffe eller kaffeagnar.<\/li>\n<li>Enkel \u00f6verf\u00f6ring av det malda kaffet fr\u00e5n doseringskoppen till portafiltret tack vare den utbytbara \u00f6vre delen, som \u00e4r kompatibel med antingen 54 mm eller 58 mm filterkorg.<\/li>\n<\/ul>\n<p><strong>En perfekt doseringskopp f\u00f6r VS3-kaffekvarnen<\/strong><\/p>\n<ul>\n<li>Pulverlackerad yta som matchar med VS3-f\u00e4rgerna och anodiserad kragdel som matchar f\u00e4rgerna p\u00e5 VS3:s lock och krage.<\/li>\n<li>Magnetanslutning som passar ihop med VS3-kvarnens magnet i basplattformen och en mjuk silikonbas.<\/li>\n<\/ul>","protected":false},"featured_media":38934,"template":"","meta":[],"product_brand":[],"product_cat":[40,54],"product_tag":[],"varumarke":[521],"produkttyp":[189],"smaker":[625,190],"class_list":{"0":"post-38930","1":"product","2":"type-product","3":"status-publish","4":"has-post-thumbnail","6":"product_cat-tillbehor","7":"product_cat-baristatillbehor","8":"varumarke-varia","9":"produkttyp-baristatillbehor","10":"smaker-54-mm","11":"smaker-58-mm","13":"first","14":"instock","15":"taxable","16":"shipping-taxable","17":"purchasable","18":"product-type-variable"},"_links":{"self":[{"href":"https:\/\/www.gringonordic.se\/en\/wp-json\/wp\/v2\/product\/38930","targetHints":{"allow":["GET"]}}],"collection":[{"href":"https:\/\/www.gringonordic.se\/en\/wp-json\/wp\/v2\/product"}],"about":[{"href":"https:\/\/www.gringonordic.se\/en\/wp-json\/wp\/v2\/types\/product"}],"wp:featuredmedia":[{"embeddable":true,"href":"https:\/\/www.gringonordic.se\/en\/wp-json\/wp\/v2\/media\/38934"}],"wp:attachment":[{"href":"https:\/\/www.gringonordic.se\/en\/wp-json\/wp\/v2\/media?parent=38930"}],"wp:term":[{"taxonomy":"product_brand","embeddable":true,"href":"https:\/\/www.gringonordic.se\/en\/wp-json\/wp\/v2\/product_brand?post=38930"},{"taxonomy":"product_cat","embeddable":true,"href":"https:\/\/www.gringonordic.se\/en\/wp-json\/wp\/v2\/product_cat?post=38930"},{"taxonomy":"product_tag","embeddable":true,"href":"https:\/\/www.gringonordic.se\/en\/wp-json\/wp\/v2\/product_tag?post=38930"},{"taxonomy":"varumarke","embeddable":true,"href":"https:\/\/www.gringonordic.se\/en\/wp-json\/wp\/v2\/varumarke?post=38930"},{"taxonomy":"produkttyp","embeddable":true,"href":"https:\/\/www.gringonordic.se\/en\/wp-json\/wp\/v2\/produkttyp?post=38930"},{"taxonomy":"smaker","embeddable":true,"href":"https:\/\/www.gringonordic.se\/en\/wp-json\/wp\/v2\/smaker?post=38930"}],"curies":[{"name":"wp","href":"https:\/\/api.w.org\/{rel}","templated":true}]}}