{"id":38923,"date":"2024-07-24T15:26:12","date_gmt":"2024-07-24T13:26:12","guid":{"rendered":"https:\/\/www.gringonordic.se\/?post_type=product&#038;p=38923"},"modified":"2026-05-13T07:40:39","modified_gmt":"2026-05-13T05:40:39","slug":"timemore-kaffekvarn-chestnut-s3-svart","status":"publish","type":"product","link":"https:\/\/www.gringonordic.se\/en\/product\/timemore-kaffekvarn-chestnut-s3-svart\/","title":{"rendered":"Timemore Chestnut S3 Svart Kaffekvarn"},"content":{"rendered":"","protected":false},"excerpt":{"rendered":"<p>A really good hand grinder at a really good price, here we are really talking \"Value for Money\"!<\/p>\n<p>This manual coffee grinder offers an ultra-fine adjustment of 0.015 mm\/grid \u2013 from espresso precision to the coarseness required for the finesse of the French press.<\/p>\n<p>Kvarnen har ocks\u00e5 de patenterade malskivorna S2C890 Vilket i praktiken inneb\u00e4r \u00e4nnu j\u00e4mnare malning som sk\u00e4r b\u00f6norna i 3D och en smakprestanda s\u00e5 ljus att den praktiskt taget skiner.<\/p>\n<p>The Timemores Chestnut S3 grinder comes with a custom high-precision bearing that has increased precision by 20%, making the S3 bearings stand out from the crowd of standard bearings. The tolerance has been reduced to 5um, the dimensional stability has been increased by 100%.<\/p>\n<p>Och siste men verkligen inte minst, det vikbara handtaget; Chestnut S3-kaffekvarnen har ett patenterat fj\u00e4derbelastat handtag som f\u00e4lls mot h\u00f6ljet.<\/p>","protected":false},"featured_media":38925,"template":"","meta":[],"product_brand":[],"product_cat":[57,40],"product_tag":[],"varumarke":[261],"produkttyp":[176],"smaker":[],"class_list":{"0":"post-38923","1":"product","2":"type-product","3":"status-publish","4":"has-post-thumbnail","6":"product_cat-manuella","7":"product_cat-tillbehor","8":"varumarke-timemore","9":"produkttyp-kaffekvarn-manuell","11":"first","12":"outofstock","13":"taxable","14":"shipping-taxable","15":"purchasable","16":"product-type-simple"},"_links":{"self":[{"href":"https:\/\/www.gringonordic.se\/en\/wp-json\/wp\/v2\/product\/38923","targetHints":{"allow":["GET"]}}],"collection":[{"href":"https:\/\/www.gringonordic.se\/en\/wp-json\/wp\/v2\/product"}],"about":[{"href":"https:\/\/www.gringonordic.se\/en\/wp-json\/wp\/v2\/types\/product"}],"wp:featuredmedia":[{"embeddable":true,"href":"https:\/\/www.gringonordic.se\/en\/wp-json\/wp\/v2\/media\/38925"}],"wp:attachment":[{"href":"https:\/\/www.gringonordic.se\/en\/wp-json\/wp\/v2\/media?parent=38923"}],"wp:term":[{"taxonomy":"product_brand","embeddable":true,"href":"https:\/\/www.gringonordic.se\/en\/wp-json\/wp\/v2\/product_brand?post=38923"},{"taxonomy":"product_cat","embeddable":true,"href":"https:\/\/www.gringonordic.se\/en\/wp-json\/wp\/v2\/product_cat?post=38923"},{"taxonomy":"product_tag","embeddable":true,"href":"https:\/\/www.gringonordic.se\/en\/wp-json\/wp\/v2\/product_tag?post=38923"},{"taxonomy":"varumarke","embeddable":true,"href":"https:\/\/www.gringonordic.se\/en\/wp-json\/wp\/v2\/varumarke?post=38923"},{"taxonomy":"produkttyp","embeddable":true,"href":"https:\/\/www.gringonordic.se\/en\/wp-json\/wp\/v2\/produkttyp?post=38923"},{"taxonomy":"smaker","embeddable":true,"href":"https:\/\/www.gringonordic.se\/en\/wp-json\/wp\/v2\/smaker?post=38923"}],"curies":[{"name":"wp","href":"https:\/\/api.w.org\/{rel}","templated":true}]}}