{"id":37962,"date":"2024-06-18T13:29:15","date_gmt":"2024-06-18T11:29:15","guid":{"rendered":"https:\/\/www.gringonordic.se\/?post_type=product&#038;p=37962"},"modified":"2024-06-24T13:46:25","modified_gmt":"2024-06-24T11:46:25","slug":"wilfa-wspl-3b-performance-kaffebryggare","status":"publish","type":"product","link":"https:\/\/www.gringonordic.se\/en\/product\/wilfa-wspl-3b-performance-kaffebryggare\/","title":{"rendered":"WILFA WSPL-3B PERFORMANCE KAFFEBRYGGARE"},"content":{"rendered":"","protected":false},"excerpt":{"rendered":"<h3><strong>PERFORMANCE<\/strong><\/h3>\n<p>Performance \u00e4r utvecklad i Norge- resultatet \u00e4r en kaffebryggare som \u00e5terskapar och utvecklar den nordiska kaffetraditionen, och d\u00e4r varenda detalj \u00e4r s\u00e5 noga genomt\u00e4nkt att du kommer att undra varf\u00f6r ingen t\u00e4nkt p\u00e5 det tidigare.<\/p>\n<h3><strong>Perfekt temperatur<\/strong><\/h3>\n<p>Med Performance bryggs kaffet med den mest optimala vattentemperaturen under hela bryggprocessen. Det finns flera framg\u00e5ngsfaktorer som beh\u00f6vs f\u00f6r att brygga perfekt kaffe, och r\u00e4tt temperatur \u00e4r en av dem. Till skillnad fr\u00e5n de flesta andra kaffebryggare h\u00e5ller Performance r\u00e4tt temperatur 92-96 \u00ba C \u2013 fr\u00e5n f\u00f6rsta till sista droppe.<\/p>\n<h3><strong>Unik teknologi<\/strong><\/h3>\n<p>Vattenpumpen t\u00f6mmer allt vatten i bryggaren vid varje bryggning vilket s\u00e4kerst\u00e4ller att du alltid brygger kaffe p\u00e5 f\u00e4rskt, syrerikt och rent vatten.<\/p>\n<h3><strong>Removable water tank - always clean water<\/strong><\/h3>\n<div class=\"showoff-block\">\n<section class=\"produkt multi-prod even\">\n<div class=\"prod-item\">\n<div class=\"produkt--box\">\n<p class=\"produkt-info\">Gott kaffe b\u00f6rjar med rent, friskt vatten. Wilfa Performance har d\u00e4rf\u00f6r utrustats med en avtagbar vattenbeh\u00e5llare som \u00e4r enkel att fylla p\u00e5 och lika enkel att reng\u00f6ra. Dosera dina nymalda b\u00f6nor i f\u00f6rh\u00e5llande till den m\u00e4ngd vatten som st\u00e5r angivet p\u00e5 vattenbeh\u00e5llaren, och njut av perfekt bryggt kaffe. Varje g\u00e5ng.<\/p>\n<\/div>\n<\/div>\n<\/section>\n<\/div>\n<h3><strong>Approved by the European Coffee Brewing Center<\/strong><\/h3>\n<p>Performance \u00e4r godk\u00e4nd av ECBC som st\u00e4ller krav p\u00e5 bland annat vattentemperatur och kontakttid.<\/p>\n<h3><strong>Fl\u00f6deskontroll<\/strong><\/h3>\n<p>Med den justerbara fl\u00f6deskontrollen kan du enkelt\u00a0 st\u00e4lla in och styra kontakttiden mellan vattnet och kaffet genom att justera hur snabbt vattnet rinner genom filterh\u00e5llaren. P\u00e5 s\u00e5 s\u00e4tt kan du enkelt brygga en enda kopp kaffe med samma resultat som om du hade bryggt en full kanna.<\/p>\n<h3><strong>J\u00e4mn spridning<\/strong><\/h3>\n<p>Alla smaker fr\u00e5n ditt kaffe kommer att utnyttjas fullt ut med det unika spridningshuvudet som sprider vattnet j\u00e4mnt \u00f6ver kaffet.<\/p>\n<h3><strong>Cleaning indicator<\/strong><\/h3>\n<p>Kaffebryggaren p\u00e5minner dig n\u00e4r det \u00e4r dags f\u00f6r reng\u00f6ring. N\u00e4r ljuset p\u00e5 start-\/stoppknappen b\u00f6rjar pulsera l\u00e5ngsamt indikerar kaffebryggaren att reng\u00f6ring rekommenderas.<\/p>\n<h3><strong>B\u00e4st i test<\/strong><\/h3>\n<p>Performance \u00e4r utsedd till b\u00e4st i test test av Tek.no. L\u00e4s mer <a href=\"https:\/\/www.wilfa.se\/nyheter-sv\/bast-i-test-kaffebryggare-2021\/\">h\u00e4r.<\/a><\/p>\n<ul>\n<li>1800W<\/li>\n<li>1,25 liters avtagbar vattentank<\/li>\n<li>Precision heating system<\/li>\n<li>Omedelbar optimal bryggtemperatur 92\u00baC<\/li>\n<li>Fl\u00f6deskontroll f\u00f6r perfekt extrahering oavsett bryggvolym<\/li>\n<li>Godk\u00e4nd European Coffee Brewing Centre<\/li>\n<li>\u2013 5 year warranty<\/li>\n<li>\n<div class=\"col-md-4\">\n<h3>Produktm\u00e5tt<\/h3>\n<\/div>\n<div class=\"wilfa-product-column-right col-md-8\">\n<ul>\n<li>W 34 x D 17 x H 34,5 cm<\/li>\n<\/ul>\n<\/div>\n<\/li>\n<\/ul>","protected":false},"featured_media":37967,"template":"","meta":[],"product_brand":[],"product_cat":[617,40],"product_tag":[],"varumarke":[267],"produkttyp":[181],"smaker":[526],"class_list":{"0":"post-37962","1":"product","2":"type-product","3":"status-publish","4":"has-post-thumbnail","6":"product_cat-kaffebryggare-elektriska","7":"product_cat-tillbehor","8":"varumarke-wilfa","9":"produkttyp-kaffebryggare-elektrisk","10":"smaker-svart","12":"first","13":"instock","14":"sale","15":"taxable","16":"shipping-taxable","17":"purchasable","18":"product-type-variable","19":"has-default-attributes"},"_links":{"self":[{"href":"https:\/\/www.gringonordic.se\/en\/wp-json\/wp\/v2\/product\/37962","targetHints":{"allow":["GET"]}}],"collection":[{"href":"https:\/\/www.gringonordic.se\/en\/wp-json\/wp\/v2\/product"}],"about":[{"href":"https:\/\/www.gringonordic.se\/en\/wp-json\/wp\/v2\/types\/product"}],"wp:featuredmedia":[{"embeddable":true,"href":"https:\/\/www.gringonordic.se\/en\/wp-json\/wp\/v2\/media\/37967"}],"wp:attachment":[{"href":"https:\/\/www.gringonordic.se\/en\/wp-json\/wp\/v2\/media?parent=37962"}],"wp:term":[{"taxonomy":"product_brand","embeddable":true,"href":"https:\/\/www.gringonordic.se\/en\/wp-json\/wp\/v2\/product_brand?post=37962"},{"taxonomy":"product_cat","embeddable":true,"href":"https:\/\/www.gringonordic.se\/en\/wp-json\/wp\/v2\/product_cat?post=37962"},{"taxonomy":"product_tag","embeddable":true,"href":"https:\/\/www.gringonordic.se\/en\/wp-json\/wp\/v2\/product_tag?post=37962"},{"taxonomy":"varumarke","embeddable":true,"href":"https:\/\/www.gringonordic.se\/en\/wp-json\/wp\/v2\/varumarke?post=37962"},{"taxonomy":"produkttyp","embeddable":true,"href":"https:\/\/www.gringonordic.se\/en\/wp-json\/wp\/v2\/produkttyp?post=37962"},{"taxonomy":"smaker","embeddable":true,"href":"https:\/\/www.gringonordic.se\/en\/wp-json\/wp\/v2\/smaker?post=37962"}],"curies":[{"name":"wp","href":"https:\/\/api.w.org\/{rel}","templated":true}]}}