{"id":37953,"date":"2024-06-18T12:55:25","date_gmt":"2024-06-18T10:55:25","guid":{"rendered":"https:\/\/www.gringonordic.se\/?post_type=product&#038;p=37953"},"modified":"2025-11-07T11:57:17","modified_gmt":"2025-11-07T10:57:17","slug":"wilfa-performance-thermo-kaffebryggare","status":"publish","type":"product","link":"https:\/\/www.gringonordic.se\/en\/product\/wilfa-performance-thermo-kaffebryggare\/","title":{"rendered":"WILFA PERFORMANCE THERMO KAFFEBRYGGARE"},"content":{"rendered":"","protected":false},"excerpt":{"rendered":"<p>The Performance Thermo is designed for those who want to enjoy premium coffee for a long time. With the stainless steel thermos jug, the coffee maker will keep your coffee hot for up to 3.5 hours.<\/p>\n<p><strong>Termoskanna med 2 lock<\/strong><\/p>\n<p>The Performance Thermo comes with two lids, one for brewing to minimize heat loss and one for serving to keep the coffee hot for longer. The brewing lid can also be used for serving but does not retain heat as well as the serving lid<\/p>\n<p><strong>Temperaturbevaring<\/strong><\/p>\n<p>The coffee maker keeps the temperature for a long time. The graph shows that you can enjoy hot coffee for several hours when stored in a Performance Thermo pot.<\/p>\n<p><img fetchpriority=\"high\" decoding=\"async\" class=\"alignnone wp-image-213512\" src=\"https:\/\/www.wilfa.se\/wp-content\/uploads\/2023\/11\/SE_PerformanceThermo_temp_white-300x273.png\" sizes=\"(max-width: 400px) 100vw, 400px\" srcset=\"https:\/\/www.wilfa.se\/wp-content\/uploads\/2023\/11\/SE_PerformanceThermo_temp_white-300x273.png 300w, https:\/\/www.wilfa.se\/wp-content\/uploads\/2023\/11\/SE_PerformanceThermo_temp_white.png 550w\" alt=\"\" width=\"400\" height=\"364\" \/><\/p>\n<p><strong>Termoskanna med 2 lock<\/strong><\/p>\n<p>Performance Thermo kommer med tv\u00e5 lock, ett som \u00e4r avsett f\u00f6r bryggning f\u00f6r att minimera v\u00e4rmef\u00f6rlust och ett som \u00e4r avsett f\u00f6r servering och som h\u00e5ller kaffet varmt under en l\u00e4ngre tid. Brygglocket kan \u00e4ven anv\u00e4ndas vid servering men bevarar inte v\u00e4rmen lika bra som locket som \u00e4r avsett f\u00f6r servering.<\/p>\n<p><strong>Unique pump technology<\/strong><\/p>\n<p>F\u00e4rskt vatten \u00e4r en av de viktigaste ingredienserna i gott kaffe. Tack vare Wilfas unika vattenpumpsteknologi t\u00f6mmer Performance Thermo helt p\u00e5 vatten vid varje bryggning vilket s\u00e4kerst\u00e4ller att du alltid brygger ditt kaffe p\u00e5 f\u00e4rskt, syrerikt och rent vatten.<\/p>\n<p><strong>Perfect brewing temperature<\/strong><\/p>\n<p>Performance Thermo har ett avancerat bryggsystem som f\u00f6rser vattnet med en optimal extraktionstemperatur under hela bryggningen, den har en bryggtemperatur p\u00e5 92\u201396\u00b0 fr\u00e5n f\u00f6rsta till sista droppen. Detta resulterar i en of\u00f6rgl\u00f6mlig smakupplevelse.<\/p>\n<p><strong>The right coffee to water ratio<\/strong><\/p>\n<p>Anv\u00e4nd m\u00e4tguiden p\u00e5 vattenbeh\u00e5llaren f\u00f6r att f\u00e5 det optimala f\u00f6rh\u00e5llandet mellan kaffe och vatten f\u00f6r varje bryggning<\/p>\n<p><strong>Manuellt droppstopp<\/strong><\/p>\n<p>Med den justerbara droppstoppet kan du enkelt\u00a0st\u00e4lla in och styra kontakttiden mellan vattnet och kaffet genom att justera hur snabbt vattnet rinner genom filterh\u00e5llaren. P\u00e5 s\u00e5 s\u00e4tt kan du enkelt brygga en enda kopp kaffe med samma resultat som om du hade bryggt en full kanna<\/p>\n<p><strong>Maximum flavor<\/strong><\/p>\n<p>Alla smak\u00e4mnen fr\u00e5n ditt kaffe kommer att utnyttjas fullt ut med det unika spridarhuvudet som sprider vattnet j\u00e4mnt \u00f6ver kaffet under bryggningen.<\/p>\n<p><strong>Cleaning indicator<\/strong><\/p>\n<p>The coffee maker reminds you when it is time for cleaning. When the light on the start\/stop button starts pulsing slowly, the coffee maker indicates that cleaning and descaling is recommended.<\/p>\n<p><strong>Approved by the European Coffee Brewing Center<\/strong><\/p>\n<p>Performance Compact is approved by ECBC, which sets requirements for water temperature and contact time.<\/p>\n<p><strong>Designed and developed in Norway<\/strong><\/p>\n<p>We know Nordic homes and their wants and needs, and we work continuously to deliver products that satisfy them.<\/p>\n<p><strong>\u2013 5 year warranty<\/strong><\/p>\n<p>We provide a 5-year warranty on this product from the day you buy it. The purchase receipt serves as proof at the retailer, so remember to keep it. Read more about what the warranty covers <a href=\"https:\/\/www.wilfa.se\/garanti\/\">h\u00e4r<\/a>.<\/p>\n<ul>\n<li>1800W<\/li>\n<li>Termoskanna i rostfritt st\u00e5l<\/li>\n<li>1,25 L avtagbar vattentank<\/li>\n<li>Unik vattenpumpsteknik<\/li>\n<li>High-performance brewing systems<\/li>\n<li>Manuellt droppstoppp<\/li>\n<li>Designed and developed in Norway<\/li>\n<li>ECBC godk\u00e4nd<\/li>\n<li>\u2013 5 year warranty<\/li>\n<\/ul>","protected":false},"featured_media":37959,"template":"","meta":[],"product_brand":[],"product_cat":[40,617],"product_tag":[],"varumarke":[267],"produkttyp":[181],"smaker":[526],"class_list":{"0":"post-37953","1":"product","2":"type-product","3":"status-publish","4":"has-post-thumbnail","6":"product_cat-tillbehor","7":"product_cat-kaffebryggare-elektriska","8":"varumarke-wilfa","9":"produkttyp-kaffebryggare-elektrisk","10":"smaker-svart","12":"first","13":"instock","14":"taxable","15":"shipping-taxable","16":"purchasable","17":"product-type-simple"},"_links":{"self":[{"href":"https:\/\/www.gringonordic.se\/en\/wp-json\/wp\/v2\/product\/37953","targetHints":{"allow":["GET"]}}],"collection":[{"href":"https:\/\/www.gringonordic.se\/en\/wp-json\/wp\/v2\/product"}],"about":[{"href":"https:\/\/www.gringonordic.se\/en\/wp-json\/wp\/v2\/types\/product"}],"wp:featuredmedia":[{"embeddable":true,"href":"https:\/\/www.gringonordic.se\/en\/wp-json\/wp\/v2\/media\/37959"}],"wp:attachment":[{"href":"https:\/\/www.gringonordic.se\/en\/wp-json\/wp\/v2\/media?parent=37953"}],"wp:term":[{"taxonomy":"product_brand","embeddable":true,"href":"https:\/\/www.gringonordic.se\/en\/wp-json\/wp\/v2\/product_brand?post=37953"},{"taxonomy":"product_cat","embeddable":true,"href":"https:\/\/www.gringonordic.se\/en\/wp-json\/wp\/v2\/product_cat?post=37953"},{"taxonomy":"product_tag","embeddable":true,"href":"https:\/\/www.gringonordic.se\/en\/wp-json\/wp\/v2\/product_tag?post=37953"},{"taxonomy":"varumarke","embeddable":true,"href":"https:\/\/www.gringonordic.se\/en\/wp-json\/wp\/v2\/varumarke?post=37953"},{"taxonomy":"produkttyp","embeddable":true,"href":"https:\/\/www.gringonordic.se\/en\/wp-json\/wp\/v2\/produkttyp?post=37953"},{"taxonomy":"smaker","embeddable":true,"href":"https:\/\/www.gringonordic.se\/en\/wp-json\/wp\/v2\/smaker?post=37953"}],"curies":[{"name":"wp","href":"https:\/\/api.w.org\/{rel}","templated":true}]}}