{"id":37923,"date":"2024-06-17T19:56:31","date_gmt":"2024-06-17T17:56:31","guid":{"rendered":"https:\/\/www.gringonordic.se\/?post_type=product&#038;p=37923"},"modified":"2025-12-11T19:04:36","modified_gmt":"2025-12-11T18:04:36","slug":"varia-evo-hybrid-kaffekvarn","status":"publish","type":"product","link":"https:\/\/www.gringonordic.se\/en\/product\/varia-evo-hybrid-kaffekvarn\/","title":{"rendered":"Varia Evo Hybrid Kaffekvarn"},"content":{"rendered":"","protected":false},"excerpt":{"rendered":"<p>Varia EVO Hybrid -kaffekvarn &#8211; v\u00e4rldens f\u00f6rsta hellegerade hybridhandkvarn som revolutionerar alla traditionella malningsmetoder.<\/p>\n<p>Varias banbrytande tillv\u00e4gag\u00e5ngss\u00e4tt kombinerar USB-C-teknikens effektivitet med tillf\u00f6rlitligheten hos en handkvarn, vilket resulterar i en kompakt, l\u00e4tt och exceptionellt kraftfull kaffekvarn<\/p>\n<p><strong>FUNKTIONER:<\/strong><\/p>\n<ul>\n<li>38 mm Hypernova -malverk i rostfritt st\u00e5l<\/li>\n<li>80 RPM motor<\/li>\n<li>7,4V 800 mah Li-Ion batteri<\/li>\n<li>Autostoppfunktion + \u00f6vervridningsskydd<\/li>\n<li>Handvev med magnetanslutning<\/li>\n<li>140 stegs justering &#8211; varje steg 10 mikron<\/li>\n<li>40W effekt<\/li>\n<li>30-35 g kapacitet<\/li>\n<li>Hastighet (med motor):\n<ul>\n<li>20 gram kaffe f\u00f6r <strong>Espresso\u00a0<\/strong>(inst\u00e4llning #10) 70 sekunder<\/li>\n<li>20 gram kaffe f\u00f6r <strong>Pour Over<\/strong> (inst\u00e4llning #30) 45 sekunder<\/li>\n<\/ul>\n<\/li>\n<\/ul>\n<p><strong>F\u00d6RPACKNINGEN INNEH\u00c5LLER:<\/strong><\/p>\n<ul>\n<li>1 x Varia EVO Hybrid -kaffekvarn + handvev<\/li>\n<li>1 x st\u00f6ts\u00e4ker EVA-f\u00f6rvaringsv\u00e4ska<\/li>\n<li>1 x reng\u00f6ringsborste<\/li>\n<\/ul>","protected":false},"featured_media":38048,"template":"","meta":[],"product_brand":[],"product_cat":[40,58,57],"product_tag":[],"varumarke":[521],"produkttyp":[203,176],"smaker":[],"class_list":{"0":"post-37923","1":"product","2":"type-product","3":"status-publish","4":"has-post-thumbnail","6":"product_cat-tillbehor","7":"product_cat-elektriska","8":"product_cat-manuella","9":"varumarke-varia","10":"produkttyp-kaffekvarnar-elektriska","11":"produkttyp-kaffekvarn-manuell","13":"first","14":"instock","15":"sale","16":"taxable","17":"shipping-taxable","18":"purchasable","19":"product-type-simple"},"_links":{"self":[{"href":"https:\/\/www.gringonordic.se\/en\/wp-json\/wp\/v2\/product\/37923","targetHints":{"allow":["GET"]}}],"collection":[{"href":"https:\/\/www.gringonordic.se\/en\/wp-json\/wp\/v2\/product"}],"about":[{"href":"https:\/\/www.gringonordic.se\/en\/wp-json\/wp\/v2\/types\/product"}],"wp:featuredmedia":[{"embeddable":true,"href":"https:\/\/www.gringonordic.se\/en\/wp-json\/wp\/v2\/media\/38048"}],"wp:attachment":[{"href":"https:\/\/www.gringonordic.se\/en\/wp-json\/wp\/v2\/media?parent=37923"}],"wp:term":[{"taxonomy":"product_brand","embeddable":true,"href":"https:\/\/www.gringonordic.se\/en\/wp-json\/wp\/v2\/product_brand?post=37923"},{"taxonomy":"product_cat","embeddable":true,"href":"https:\/\/www.gringonordic.se\/en\/wp-json\/wp\/v2\/product_cat?post=37923"},{"taxonomy":"product_tag","embeddable":true,"href":"https:\/\/www.gringonordic.se\/en\/wp-json\/wp\/v2\/product_tag?post=37923"},{"taxonomy":"varumarke","embeddable":true,"href":"https:\/\/www.gringonordic.se\/en\/wp-json\/wp\/v2\/varumarke?post=37923"},{"taxonomy":"produkttyp","embeddable":true,"href":"https:\/\/www.gringonordic.se\/en\/wp-json\/wp\/v2\/produkttyp?post=37923"},{"taxonomy":"smaker","embeddable":true,"href":"https:\/\/www.gringonordic.se\/en\/wp-json\/wp\/v2\/smaker?post=37923"}],"curies":[{"name":"wp","href":"https:\/\/api.w.org\/{rel}","templated":true}]}}