{"id":3643,"date":"2022-01-19T07:51:11","date_gmt":"2022-01-19T07:51:11","guid":{"rendered":"https:\/\/www.gringonordic.se\/?post_type=product&#038;p=3643"},"modified":"2023-02-17T16:12:38","modified_gmt":"2023-02-17T15:12:38","slug":"huskee-lids","status":"publish","type":"product","link":"https:\/\/www.gringonordic.se\/en\/product\/huskee-lids\/","title":{"rendered":"HUSKEE LIDS &#8211; 4 pack"},"content":{"rendered":"<p>Lock i 4pack &#8211; fr\u00e5n Huskee,\u00a0tillverkad utav restprodukter fr\u00e5n kaffeproduktion.<\/p>\n<p>FACTS ABOUT THE PRODUCT:<\/p>\n<p>&#8211; Kafferester som r\u00e5material (s\u00e5 kallad husk).<br \/>\n&#8211; H\u00e5llbara &#8211; de anv\u00e4nds i m\u00e5nga kaffebarer v\u00e4rlden \u00f6ver.<\/p>\n<p>&#8211; Locket har en\u00a0ventil som sitter i en triangul\u00e4r form p\u00e5 locket. \u00d6ppningen\u00a0\u00f6kar aromen i din drickupplevelse, samtidigt som den m\u00f6jligg\u00f6r den perfekta h\u00e4llhastigheten.<br \/>\n&#8211; H\u00e5ller kaffet varmare l\u00e4ngre utan att br\u00e4nna h\u00e4nderna.<br \/>\n&#8211; Kan diskas i diskmaskin.<br \/>\n&#8211; Huskee finns i tv\u00e5 f\u00e4rger, naturlig och kolf\u00e4rgad.<br \/>\n&#8211; S\u00e4ljs i antingen f\u00f6rpackningar med 4 eller en-f\u00f6rpackning med lock.<\/p>\n<p><strong>&#8211; Locken s\u00e4ljs\u00a0i 4-pack<\/strong><\/p>","protected":false},"excerpt":{"rendered":"<p>Lock i 4pack &#8211; fr\u00e5n Huskee,\u00a0tillverkad utav restprodukter fr\u00e5n kaffeproduktion. Fakta om produkten: &#8211; Kafferester som r\u00e5material (s\u00e5 kallad husk). &#8211; H\u00e5llbara &#8211; de anv\u00e4nds i m\u00e5nga kaffebarer v\u00e4rlden \u00f6ver. &#8211; Locket har en\u00a0ventil som sitter i en triangul\u00e4r form p\u00e5 locket. \u00d6ppningen\u00a0\u00f6kar aromen i din drickupplevelse, samtidigt som den m\u00f6jligg\u00f6r den perfekta h\u00e4llhastigheten. &#8211; [&hellip;]<\/p>\n","protected":false},"featured_media":790,"template":"","meta":[],"product_brand":[],"product_cat":[52,40],"product_tag":[],"varumarke":[274],"produkttyp":[158],"smaker":[283],"class_list":{"0":"post-3643","1":"product","2":"type-product","3":"status-publish","4":"has-post-thumbnail","6":"product_cat-koppar-muggar","7":"product_cat-tillbehor","8":"varumarke-huskee","9":"produkttyp-koppar-muggar","10":"smaker-passar-till-alla-storlekar-4-pack","12":"first","13":"instock","14":"taxable","15":"shipping-taxable","16":"purchasable","17":"product-type-variable","18":"has-default-attributes"},"_links":{"self":[{"href":"https:\/\/www.gringonordic.se\/en\/wp-json\/wp\/v2\/product\/3643","targetHints":{"allow":["GET"]}}],"collection":[{"href":"https:\/\/www.gringonordic.se\/en\/wp-json\/wp\/v2\/product"}],"about":[{"href":"https:\/\/www.gringonordic.se\/en\/wp-json\/wp\/v2\/types\/product"}],"wp:featuredmedia":[{"embeddable":true,"href":"https:\/\/www.gringonordic.se\/en\/wp-json\/wp\/v2\/media\/790"}],"wp:attachment":[{"href":"https:\/\/www.gringonordic.se\/en\/wp-json\/wp\/v2\/media?parent=3643"}],"wp:term":[{"taxonomy":"product_brand","embeddable":true,"href":"https:\/\/www.gringonordic.se\/en\/wp-json\/wp\/v2\/product_brand?post=3643"},{"taxonomy":"product_cat","embeddable":true,"href":"https:\/\/www.gringonordic.se\/en\/wp-json\/wp\/v2\/product_cat?post=3643"},{"taxonomy":"product_tag","embeddable":true,"href":"https:\/\/www.gringonordic.se\/en\/wp-json\/wp\/v2\/product_tag?post=3643"},{"taxonomy":"varumarke","embeddable":true,"href":"https:\/\/www.gringonordic.se\/en\/wp-json\/wp\/v2\/varumarke?post=3643"},{"taxonomy":"produkttyp","embeddable":true,"href":"https:\/\/www.gringonordic.se\/en\/wp-json\/wp\/v2\/produkttyp?post=3643"},{"taxonomy":"smaker","embeddable":true,"href":"https:\/\/www.gringonordic.se\/en\/wp-json\/wp\/v2\/smaker?post=3643"}],"curies":[{"name":"wp","href":"https:\/\/api.w.org\/{rel}","templated":true}]}}