{"id":3639,"date":"2022-01-19T07:44:51","date_gmt":"2022-01-19T07:44:51","guid":{"rendered":"https:\/\/www.gringonordic.se\/?post_type=product&#038;p=3639"},"modified":"2022-09-17T13:22:54","modified_gmt":"2022-09-17T13:22:54","slug":"huskee-saucers","status":"publish","type":"product","link":"https:\/\/www.gringonordic.se\/en\/product\/huskee-saucers\/","title":{"rendered":"HUSKEE SAUCERS &#8211; 4 pack"},"content":{"rendered":"","protected":false},"excerpt":{"rendered":"<p>Fat\u00a0fr\u00e5n Huskee,\u00a0tillverkad utav restprodukter fr\u00e5n kaffeproduktion.<\/p>\n<p>&#8211; Huskee finns i tv\u00e5 f\u00e4rger, naturlig och kolf\u00e4rgad.<\/p>\n<p><strong>&#8211; S\u00e4ljes i 4-pack<\/strong><\/p>","protected":false},"featured_media":796,"template":"","meta":[],"product_brand":[],"product_cat":[52,40],"product_tag":[],"varumarke":[274],"produkttyp":[158],"smaker":[284],"class_list":{"0":"post-3639","1":"product","2":"type-product","3":"status-publish","4":"has-post-thumbnail","6":"product_cat-koppar-muggar","7":"product_cat-tillbehor","8":"varumarke-huskee","9":"produkttyp-koppar-muggar","10":"smaker-passar-alla-storlekar-4-pack","12":"first","13":"instock","14":"taxable","15":"shipping-taxable","16":"purchasable","17":"product-type-variable","18":"has-default-attributes"},"_links":{"self":[{"href":"https:\/\/www.gringonordic.se\/en\/wp-json\/wp\/v2\/product\/3639","targetHints":{"allow":["GET"]}}],"collection":[{"href":"https:\/\/www.gringonordic.se\/en\/wp-json\/wp\/v2\/product"}],"about":[{"href":"https:\/\/www.gringonordic.se\/en\/wp-json\/wp\/v2\/types\/product"}],"wp:featuredmedia":[{"embeddable":true,"href":"https:\/\/www.gringonordic.se\/en\/wp-json\/wp\/v2\/media\/796"}],"wp:attachment":[{"href":"https:\/\/www.gringonordic.se\/en\/wp-json\/wp\/v2\/media?parent=3639"}],"wp:term":[{"taxonomy":"product_brand","embeddable":true,"href":"https:\/\/www.gringonordic.se\/en\/wp-json\/wp\/v2\/product_brand?post=3639"},{"taxonomy":"product_cat","embeddable":true,"href":"https:\/\/www.gringonordic.se\/en\/wp-json\/wp\/v2\/product_cat?post=3639"},{"taxonomy":"product_tag","embeddable":true,"href":"https:\/\/www.gringonordic.se\/en\/wp-json\/wp\/v2\/product_tag?post=3639"},{"taxonomy":"varumarke","embeddable":true,"href":"https:\/\/www.gringonordic.se\/en\/wp-json\/wp\/v2\/varumarke?post=3639"},{"taxonomy":"produkttyp","embeddable":true,"href":"https:\/\/www.gringonordic.se\/en\/wp-json\/wp\/v2\/produkttyp?post=3639"},{"taxonomy":"smaker","embeddable":true,"href":"https:\/\/www.gringonordic.se\/en\/wp-json\/wp\/v2\/smaker?post=3639"}],"curies":[{"name":"wp","href":"https:\/\/api.w.org\/{rel}","templated":true}]}}