{"id":35035,"date":"2024-03-15T19:10:18","date_gmt":"2024-03-15T18:10:18","guid":{"rendered":"https:\/\/www.gringonordic.se\/?post_type=product&#038;p=35035"},"modified":"2024-09-06T10:16:03","modified_gmt":"2024-09-06T08:16:03","slug":"bialetti-induktionsplatta-13-cm-i-stal","status":"publish","type":"product","link":"https:\/\/www.gringonordic.se\/en\/product\/bialetti-induktionsplatta-13-cm-i-stal\/","title":{"rendered":"Bialetti Induktionsplatta 13 cm i st\u00e5l"},"content":{"rendered":"","protected":false},"excerpt":{"rendered":"<p>Bialetti Adapter Plate -adapterplatta, en metallplatta som du l\u00e4gger p\u00e5 induktionsh\u00e4ll n\u00e4r du vill anv\u00e4nda din mokabryggare i aluminium. Plattan \u00e4r 13 cm i diameter och passar mokabryggare upp till 6 koppar. Tillverkad av tjockt st\u00e5l.<\/p>\n<p>Metallsplattan kan tv\u00e4ttas i diskmaskin, \u00e4ven om handtv\u00e4tt rekommenderas f\u00f6r att bibeh\u00e5lla produktens livsl\u00e4ngd. Inte l\u00e4mplig f\u00f6r mikrov\u00e5gsugn.<\/p>\n<p><strong>V\u00e4nligen observera:<\/strong> L\u00e4mna inte adapterplattan p\u00e5 den uppv\u00e4rmda spish\u00e4llen utan att en kastrull eller panna st\u00e5r ovanp\u00e5 den eftersom det \u00e4r m\u00f6jligt att temperaturen stiger s\u00e5 att adaptern s\u00e5v\u00e4l som din spish\u00e4ll kan ta skada.<\/p>","protected":false},"featured_media":35038,"template":"","meta":[],"product_brand":[],"product_cat":[40,616],"product_tag":[],"varumarke":[376],"produkttyp":[618],"smaker":[],"class_list":{"0":"post-35035","1":"product","2":"type-product","3":"status-publish","4":"has-post-thumbnail","6":"product_cat-tillbehor","7":"product_cat-kaffebryggare-manuella","8":"varumarke-bialetti","9":"produkttyp-kaffebryggare-manuella","11":"first","12":"instock","13":"taxable","14":"shipping-taxable","15":"purchasable","16":"product-type-simple"},"_links":{"self":[{"href":"https:\/\/www.gringonordic.se\/en\/wp-json\/wp\/v2\/product\/35035","targetHints":{"allow":["GET"]}}],"collection":[{"href":"https:\/\/www.gringonordic.se\/en\/wp-json\/wp\/v2\/product"}],"about":[{"href":"https:\/\/www.gringonordic.se\/en\/wp-json\/wp\/v2\/types\/product"}],"wp:featuredmedia":[{"embeddable":true,"href":"https:\/\/www.gringonordic.se\/en\/wp-json\/wp\/v2\/media\/35038"}],"wp:attachment":[{"href":"https:\/\/www.gringonordic.se\/en\/wp-json\/wp\/v2\/media?parent=35035"}],"wp:term":[{"taxonomy":"product_brand","embeddable":true,"href":"https:\/\/www.gringonordic.se\/en\/wp-json\/wp\/v2\/product_brand?post=35035"},{"taxonomy":"product_cat","embeddable":true,"href":"https:\/\/www.gringonordic.se\/en\/wp-json\/wp\/v2\/product_cat?post=35035"},{"taxonomy":"product_tag","embeddable":true,"href":"https:\/\/www.gringonordic.se\/en\/wp-json\/wp\/v2\/product_tag?post=35035"},{"taxonomy":"varumarke","embeddable":true,"href":"https:\/\/www.gringonordic.se\/en\/wp-json\/wp\/v2\/varumarke?post=35035"},{"taxonomy":"produkttyp","embeddable":true,"href":"https:\/\/www.gringonordic.se\/en\/wp-json\/wp\/v2\/produkttyp?post=35035"},{"taxonomy":"smaker","embeddable":true,"href":"https:\/\/www.gringonordic.se\/en\/wp-json\/wp\/v2\/smaker?post=35035"}],"curies":[{"name":"wp","href":"https:\/\/api.w.org\/{rel}","templated":true}]}}