{"id":33308,"date":"2024-01-17T14:46:55","date_gmt":"2024-01-17T13:46:55","guid":{"rendered":"https:\/\/www.gringonordic.se\/?post_type=product&#038;p=33308"},"modified":"2026-05-03T21:28:52","modified_gmt":"2026-05-03T19:28:52","slug":"origami-dripper-porslinsfilter-m","status":"publish","type":"product","link":"https:\/\/www.gringonordic.se\/en\/product\/origami-dripper-porslinsfilter-m\/","title":{"rendered":"Origami Dripper Porslinsfilter M"},"content":{"rendered":"","protected":false},"excerpt":{"rendered":"<p>Origami Dripper M -filterh\u00e5llaren \u00e4r tillverkad av Mino-yaki-porslin, ett av Japans mest prestigefyllda keramikgods med mer \u00e4n 400 \u00e5rs historia. Origami \u00e4r en japansk teknik att vika papper till tredimensionella figurer, vilket inspirerat filterh\u00e5llarens form.<\/p>\n<p>Origami Dripper M kaffefiltret har ett stort h\u00e5l i botten. De 20 r\u00e4fflorna skapar luftkanaler, som g\u00f6r kaffebryggningen smidig och ger dig kontroll \u00f6ver vattenfl\u00f6dets hastighet.<\/p>\n<p>Denna dripper kan brygga upp till 1-4 koppar.<\/p>\n<p>Fungerar med konformade kaffefilter Origami 02, Hario V60-01, Kinto-02<\/p>\n<p>For more comfort and stability, there is a nice holder for Origami Dripper in wood that we also sell.<\/p>\n<p>&nbsp;<\/p>","protected":false},"featured_media":33318,"template":"","meta":[],"product_brand":[],"product_cat":[616,40],"product_tag":[],"varumarke":[363],"produkttyp":[157],"smaker":[241],"class_list":{"0":"post-33308","1":"product","2":"type-product","3":"status-publish","4":"has-post-thumbnail","6":"product_cat-kaffebryggare-manuella","7":"product_cat-tillbehor","8":"varumarke-origami","9":"produkttyp-kaffebryggare-filter","10":"smaker-1-4-koppar","12":"first","13":"outofstock","14":"taxable","15":"shipping-taxable","16":"purchasable","17":"product-type-variable","18":"has-default-attributes"},"_links":{"self":[{"href":"https:\/\/www.gringonordic.se\/en\/wp-json\/wp\/v2\/product\/33308","targetHints":{"allow":["GET"]}}],"collection":[{"href":"https:\/\/www.gringonordic.se\/en\/wp-json\/wp\/v2\/product"}],"about":[{"href":"https:\/\/www.gringonordic.se\/en\/wp-json\/wp\/v2\/types\/product"}],"wp:featuredmedia":[{"embeddable":true,"href":"https:\/\/www.gringonordic.se\/en\/wp-json\/wp\/v2\/media\/33318"}],"wp:attachment":[{"href":"https:\/\/www.gringonordic.se\/en\/wp-json\/wp\/v2\/media?parent=33308"}],"wp:term":[{"taxonomy":"product_brand","embeddable":true,"href":"https:\/\/www.gringonordic.se\/en\/wp-json\/wp\/v2\/product_brand?post=33308"},{"taxonomy":"product_cat","embeddable":true,"href":"https:\/\/www.gringonordic.se\/en\/wp-json\/wp\/v2\/product_cat?post=33308"},{"taxonomy":"product_tag","embeddable":true,"href":"https:\/\/www.gringonordic.se\/en\/wp-json\/wp\/v2\/product_tag?post=33308"},{"taxonomy":"varumarke","embeddable":true,"href":"https:\/\/www.gringonordic.se\/en\/wp-json\/wp\/v2\/varumarke?post=33308"},{"taxonomy":"produkttyp","embeddable":true,"href":"https:\/\/www.gringonordic.se\/en\/wp-json\/wp\/v2\/produkttyp?post=33308"},{"taxonomy":"smaker","embeddable":true,"href":"https:\/\/www.gringonordic.se\/en\/wp-json\/wp\/v2\/smaker?post=33308"}],"curies":[{"name":"wp","href":"https:\/\/api.w.org\/{rel}","templated":true}]}}