{"id":32455,"date":"2023-12-15T13:46:04","date_gmt":"2023-12-15T12:46:04","guid":{"rendered":"https:\/\/www.gringonordic.se\/?post_type=product&#038;p=32455"},"modified":"2024-08-28T15:09:40","modified_gmt":"2024-08-28T13:09:40","slug":"aeropress-xl","status":"publish","type":"product","link":"https:\/\/www.gringonordic.se\/en\/product\/aeropress-xl\/","title":{"rendered":"Aeropress &#8211; XL"},"content":{"rendered":"","protected":false},"excerpt":{"rendered":"<p class=\"p1\">AeroPress XL \u00e4r en ny, st\u00f6rre version av en av de mest k\u00e4nda kaffebryggarna i v\u00e4rlden. Den ger dig m\u00f6jlighet att brygga ca 500 ml kaffe (total kapacitet \u00e4r ca 600 ml).<\/p>\n<p class=\"p1\">Aeropress is a coffee maker that combines the best of bistro makers and espresso. Very easy to use but with the possibility of limitless variations. Regardless, the coffee becomes very soft, aromatic and full-bodied.<\/p>\n<p class=\"p1\">Med den h\u00e4r metoden f\u00e5r du ca 500 ml kaffe, vilket r\u00e4cker till ett par portioner, och hela processen tar bara n\u00e5gra minuter. \u00c4ven om AeroPress XL \u00e4r en st\u00f6rre version av bryggaren, \u00e4r den fortfarande relativt kompakt, s\u00e5 att du kan brygga ditt kaffe precis var som helst. En annan f\u00f6rdel \u00e4r att den \u00e4r tillverkad av ett slitstarkt och livsmedelss\u00e4kert material (Tritan) som \u00e4r l\u00e4tt att underh\u00e5lla.<\/p>\n<p>AeroPress XL inneh\u00e5ller ocks\u00e5 en 600 ml karaff tillverkad av h\u00e5llbar transparent Tritan.<\/p>\n<p>Inneh\u00e5ll i f\u00f6rpackningen:<\/p>\n<ul>\n<li class=\"p1\">AeroPress X<\/li>\n<li class=\"p1\">Tritan-karaff<\/li>\n<li class=\"p1\">100 pappersfilter till XL<\/li>\n<li class=\"p1\">Kaffeomr\u00f6rare<\/li>\n<li class=\"p1\">Kaffeskopa f\u00f6r dosering av kaffe.<\/li>\n<\/ul>","protected":false},"featured_media":32459,"template":"","meta":[],"product_brand":[],"product_cat":[616,40],"product_tag":[],"varumarke":[262],"produkttyp":[157],"smaker":[572],"class_list":{"0":"post-32455","1":"product","2":"type-product","3":"status-publish","4":"has-post-thumbnail","6":"product_cat-kaffebryggare-manuella","7":"product_cat-tillbehor","8":"varumarke-aeropress","9":"produkttyp-kaffebryggare-filter","10":"smaker-xl","12":"first","13":"instock","14":"taxable","15":"shipping-taxable","16":"purchasable","17":"product-type-simple"},"_links":{"self":[{"href":"https:\/\/www.gringonordic.se\/en\/wp-json\/wp\/v2\/product\/32455","targetHints":{"allow":["GET"]}}],"collection":[{"href":"https:\/\/www.gringonordic.se\/en\/wp-json\/wp\/v2\/product"}],"about":[{"href":"https:\/\/www.gringonordic.se\/en\/wp-json\/wp\/v2\/types\/product"}],"wp:featuredmedia":[{"embeddable":true,"href":"https:\/\/www.gringonordic.se\/en\/wp-json\/wp\/v2\/media\/32459"}],"wp:attachment":[{"href":"https:\/\/www.gringonordic.se\/en\/wp-json\/wp\/v2\/media?parent=32455"}],"wp:term":[{"taxonomy":"product_brand","embeddable":true,"href":"https:\/\/www.gringonordic.se\/en\/wp-json\/wp\/v2\/product_brand?post=32455"},{"taxonomy":"product_cat","embeddable":true,"href":"https:\/\/www.gringonordic.se\/en\/wp-json\/wp\/v2\/product_cat?post=32455"},{"taxonomy":"product_tag","embeddable":true,"href":"https:\/\/www.gringonordic.se\/en\/wp-json\/wp\/v2\/product_tag?post=32455"},{"taxonomy":"varumarke","embeddable":true,"href":"https:\/\/www.gringonordic.se\/en\/wp-json\/wp\/v2\/varumarke?post=32455"},{"taxonomy":"produkttyp","embeddable":true,"href":"https:\/\/www.gringonordic.se\/en\/wp-json\/wp\/v2\/produkttyp?post=32455"},{"taxonomy":"smaker","embeddable":true,"href":"https:\/\/www.gringonordic.se\/en\/wp-json\/wp\/v2\/smaker?post=32455"}],"curies":[{"name":"wp","href":"https:\/\/api.w.org\/{rel}","templated":true}]}}